{"id":164602,"date":"2026-03-16T15:38:54","date_gmt":"2026-03-16T14:38:54","guid":{"rendered":"https:\/\/www.sounds.brussels\/?post_type=product&#038;p=164602"},"modified":"2026-03-16T15:48:47","modified_gmt":"2026-03-16T14:48:47","slug":"womufe","status":"publish","type":"product","link":"https:\/\/www.sounds.brussels\/nl\/jazz-concert\/womufe\/","title":{"rendered":"WOMUFE"},"content":{"rendered":"","protected":false},"excerpt":{"rendered":"<p>NI\u00d1A MALEZA<\/p>\n<p>TROIS FEMMES QUI SE M\u00caLENT EN M\u00c9LODIES<br \/>\nHARMONIEUSES, ACCOMPAGN\u00c9ES DE CHARANGO,<br \/>\nDE VIOLON ET DE GUITARE. \u00bb<br \/>\nNI\u00d1A MALEZA CR\u00c9E UNE MUSIQUE INSPIR\u00c9E DU<br \/>\nFOLKLORE LATINO-AM\u00c9RICAIN.<br \/>\nNOTRE NOM NOUS REPR\u00c9SENTE : NOUS SOMMES<br \/>\nCOMME DES PLANTES INDOMPTABLES QUI<br \/>\nPOUSSENT L\u00c0 O\u00d9 ELLES LE SOUHAITENT,<br \/>\nFERTILISENT LEUR TERRE ET R\u00c9SISTENT.<br \/>\nNOUS FUSIONNONS NOS RACINES AVEC UN MESSAGE<br \/>\nDE R\u00c9BELLION, DE VULN\u00c9RABILIT\u00c9 ET D\u2019AMOUR,<br \/>\nR\u00c9SISTANT CONTRE TOUTE ATTENTE AVEC FORCE ET<br \/>\nAUTHENTICIT\u00c9.<br \/>\nNOUS AVONS PLANT\u00c9 NOTRE PREMI\u00c8RE GRAINE :<br \/>\nNOTRE PREMIER EP INTITUL\u00c9 \u00ab RUDA \u00bb, DISPONIBLE<br \/>\nSUR SPOTIFY, BANDCAMP ET YOUTUBE.<\/p>\n","protected":false},"author":13250,"featured_media":164612,"comment_status":"closed","ping_status":"closed","template":"","meta":{"_acf_changed":false},"product_brand":[],"product_cat":[355],"product_tag":[],"class_list":{"0":"post-164602","1":"product","2":"type-product","3":"status-publish","4":"has-post-thumbnail","6":"product_cat-live-music-resist","8":"first","9":"instock","10":"shipping-taxable","11":"purchasable","12":"product-type-variable","13":"has-default-attributes","14":"nyp-product"},"acf":[],"yoast_head":"<!-- This site is optimized with the Yoast SEO plugin v26.9 - https:\/\/yoast.com\/product\/yoast-seo-wordpress\/ -->\n<title>WOMUFE - Sounds Jazz Club<\/title>\n<meta name=\"robots\" content=\"index, follow, max-snippet:-1, max-image-preview:large, max-video-preview:-1\" \/>\n<link rel=\"canonical\" href=\"https:\/\/www.sounds.brussels\/nl\/jazz-concert\/womufe\/\" \/>\n<meta property=\"og:locale\" content=\"nl_NL\" \/>\n<meta property=\"og:type\" content=\"article\" \/>\n<meta property=\"og:title\" content=\"WOMUFE - Sounds Jazz Club\" \/>\n<meta property=\"og:description\" content=\"NI\u00d1A MALEZA  TROIS FEMMES QUI SE M\u00caLENT EN M\u00c9LODIES HARMONIEUSES, ACCOMPAGN\u00c9ES DE CHARANGO, DE VIOLON ET DE GUITARE. \u00bb NI\u00d1A MALEZA CR\u00c9E UNE MUSIQUE INSPIR\u00c9E DU FOLKLORE LATINO-AM\u00c9RICAIN. NOTRE NOM NOUS REPR\u00c9SENTE : NOUS SOMMES COMME DES PLANTES INDOMPTABLES QUI POUSSENT L\u00c0 O\u00d9 ELLES LE SOUHAITENT, FERTILISENT LEUR TERRE ET R\u00c9SISTENT. NOUS FUSIONNONS NOS RACINES AVEC UN MESSAGE DE R\u00c9BELLION, DE VULN\u00c9RABILIT\u00c9 ET D\u2019AMOUR, R\u00c9SISTANT CONTRE TOUTE ATTENTE AVEC FORCE ET AUTHENTICIT\u00c9. NOUS AVONS PLANT\u00c9 NOTRE PREMI\u00c8RE GRAINE : NOTRE PREMIER EP INTITUL\u00c9 \u00ab RUDA \u00bb, DISPONIBLE SUR SPOTIFY, BANDCAMP ET YOUTUBE.\" \/>\n<meta property=\"og:url\" content=\"https:\/\/www.sounds.brussels\/nl\/jazz-concert\/womufe\/\" \/>\n<meta property=\"og:site_name\" content=\"Sounds Jazz Club\" \/>\n<meta property=\"article:modified_time\" content=\"2026-03-16T14:48:47+00:00\" \/>\n<meta property=\"og:image\" content=\"https:\/\/www.sounds.brussels\/wp-content\/uploads\/2026\/03\/Capture-decran-2026-03-16-a-15.34.59-769x1024.png\" \/>\n\t<meta property=\"og:image:width\" content=\"769\" \/>\n\t<meta property=\"og:image:height\" content=\"1024\" \/>\n\t<meta property=\"og:image:type\" content=\"image\/png\" \/>\n<meta name=\"twitter:card\" content=\"summary_large_image\" \/>\n<meta name=\"twitter:label1\" content=\"Geschatte leestijd\" \/>\n\t<meta name=\"twitter:data1\" content=\"1 minuut\" \/>\n<script type=\"application\/ld+json\" class=\"yoast-schema-graph\">{\"@context\":\"https:\/\/schema.org\",\"@graph\":[{\"@type\":\"WebPage\",\"@id\":\"https:\/\/www.sounds.brussels\/nl\/jazz-concert\/womufe\/\",\"url\":\"https:\/\/www.sounds.brussels\/nl\/jazz-concert\/womufe\/\",\"name\":\"WOMUFE - Sounds Jazz Club\",\"isPartOf\":{\"@id\":\"https:\/\/www.sounds.brussels\/nl\/#website\"},\"primaryImageOfPage\":{\"@id\":\"https:\/\/www.sounds.brussels\/nl\/jazz-concert\/womufe\/#primaryimage\"},\"image\":{\"@id\":\"https:\/\/www.sounds.brussels\/nl\/jazz-concert\/womufe\/#primaryimage\"},\"thumbnailUrl\":\"https:\/\/www.sounds.brussels\/wp-content\/uploads\/2026\/03\/Capture-decran-2026-03-16-a-15.34.59.png\",\"datePublished\":\"2026-03-16T14:38:54+00:00\",\"dateModified\":\"2026-03-16T14:48:47+00:00\",\"breadcrumb\":{\"@id\":\"https:\/\/www.sounds.brussels\/nl\/jazz-concert\/womufe\/#breadcrumb\"},\"inLanguage\":\"nl-NL\",\"potentialAction\":[{\"@type\":\"ReadAction\",\"target\":[\"https:\/\/www.sounds.brussels\/nl\/jazz-concert\/womufe\/\"]}]},{\"@type\":\"ImageObject\",\"inLanguage\":\"nl-NL\",\"@id\":\"https:\/\/www.sounds.brussels\/nl\/jazz-concert\/womufe\/#primaryimage\",\"url\":\"https:\/\/www.sounds.brussels\/wp-content\/uploads\/2026\/03\/Capture-decran-2026-03-16-a-15.34.59.png\",\"contentUrl\":\"https:\/\/www.sounds.brussels\/wp-content\/uploads\/2026\/03\/Capture-decran-2026-03-16-a-15.34.59.png\",\"width\":1110,\"height\":1478},{\"@type\":\"BreadcrumbList\",\"@id\":\"https:\/\/www.sounds.brussels\/nl\/jazz-concert\/womufe\/#breadcrumb\",\"itemListElement\":[{\"@type\":\"ListItem\",\"position\":1,\"name\":\"Accueil\",\"item\":\"https:\/\/www.sounds.brussels\/nl\/\"},{\"@type\":\"ListItem\",\"position\":2,\"name\":\"Producten\",\"item\":\"https:\/\/www.sounds.brussels\/nl\/shop\/\"},{\"@type\":\"ListItem\",\"position\":3,\"name\":\"WOMUFE\"}]},{\"@type\":\"WebSite\",\"@id\":\"https:\/\/www.sounds.brussels\/nl\/#website\",\"url\":\"https:\/\/www.sounds.brussels\/nl\/\",\"name\":\"Sounds Jazz Club\",\"description\":\"\",\"publisher\":{\"@id\":\"https:\/\/www.sounds.brussels\/nl\/#organization\"},\"potentialAction\":[{\"@type\":\"SearchAction\",\"target\":{\"@type\":\"EntryPoint\",\"urlTemplate\":\"https:\/\/www.sounds.brussels\/nl\/?s={search_term_string}\"},\"query-input\":{\"@type\":\"PropertyValueSpecification\",\"valueRequired\":true,\"valueName\":\"search_term_string\"}}],\"inLanguage\":\"nl-NL\"},{\"@type\":\"Organization\",\"@id\":\"https:\/\/www.sounds.brussels\/nl\/#organization\",\"name\":\"Sounds Jazz Club\",\"url\":\"https:\/\/www.sounds.brussels\/nl\/\",\"logo\":{\"@type\":\"ImageObject\",\"inLanguage\":\"nl-NL\",\"@id\":\"https:\/\/www.sounds.brussels\/nl\/#\/schema\/logo\/image\/\",\"url\":\"https:\/\/www.sounds.brussels\/wp-content\/uploads\/2023\/09\/logo-sounds-BlackRed-RGB-scaled.jpg\",\"contentUrl\":\"https:\/\/www.sounds.brussels\/wp-content\/uploads\/2023\/09\/logo-sounds-BlackRed-RGB-scaled.jpg\",\"width\":2048,\"height\":1428,\"caption\":\"Sounds Jazz Club\"},\"image\":{\"@id\":\"https:\/\/www.sounds.brussels\/nl\/#\/schema\/logo\/image\/\"}}]}<\/script>\n<!-- \/ Yoast SEO plugin. -->","yoast_head_json":{"title":"WOMUFE - Sounds Jazz Club","robots":{"index":"index","follow":"follow","max-snippet":"max-snippet:-1","max-image-preview":"max-image-preview:large","max-video-preview":"max-video-preview:-1"},"canonical":"https:\/\/www.sounds.brussels\/nl\/jazz-concert\/womufe\/","og_locale":"nl_NL","og_type":"article","og_title":"WOMUFE - Sounds Jazz Club","og_description":"NI\u00d1A MALEZA  TROIS FEMMES QUI SE M\u00caLENT EN M\u00c9LODIES HARMONIEUSES, ACCOMPAGN\u00c9ES DE CHARANGO, DE VIOLON ET DE GUITARE. \u00bb NI\u00d1A MALEZA CR\u00c9E UNE MUSIQUE INSPIR\u00c9E DU FOLKLORE LATINO-AM\u00c9RICAIN. NOTRE NOM NOUS REPR\u00c9SENTE : NOUS SOMMES COMME DES PLANTES INDOMPTABLES QUI POUSSENT L\u00c0 O\u00d9 ELLES LE SOUHAITENT, FERTILISENT LEUR TERRE ET R\u00c9SISTENT. NOUS FUSIONNONS NOS RACINES AVEC UN MESSAGE DE R\u00c9BELLION, DE VULN\u00c9RABILIT\u00c9 ET D\u2019AMOUR, R\u00c9SISTANT CONTRE TOUTE ATTENTE AVEC FORCE ET AUTHENTICIT\u00c9. NOUS AVONS PLANT\u00c9 NOTRE PREMI\u00c8RE GRAINE : NOTRE PREMIER EP INTITUL\u00c9 \u00ab RUDA \u00bb, DISPONIBLE SUR SPOTIFY, BANDCAMP ET YOUTUBE.","og_url":"https:\/\/www.sounds.brussels\/nl\/jazz-concert\/womufe\/","og_site_name":"Sounds Jazz Club","article_modified_time":"2026-03-16T14:48:47+00:00","og_image":[{"width":769,"height":1024,"url":"https:\/\/www.sounds.brussels\/wp-content\/uploads\/2026\/03\/Capture-decran-2026-03-16-a-15.34.59-769x1024.png","type":"image\/png"}],"twitter_card":"summary_large_image","twitter_misc":{"Geschatte leestijd":"1 minuut"},"schema":{"@context":"https:\/\/schema.org","@graph":[{"@type":"WebPage","@id":"https:\/\/www.sounds.brussels\/nl\/jazz-concert\/womufe\/","url":"https:\/\/www.sounds.brussels\/nl\/jazz-concert\/womufe\/","name":"WOMUFE - Sounds Jazz Club","isPartOf":{"@id":"https:\/\/www.sounds.brussels\/nl\/#website"},"primaryImageOfPage":{"@id":"https:\/\/www.sounds.brussels\/nl\/jazz-concert\/womufe\/#primaryimage"},"image":{"@id":"https:\/\/www.sounds.brussels\/nl\/jazz-concert\/womufe\/#primaryimage"},"thumbnailUrl":"https:\/\/www.sounds.brussels\/wp-content\/uploads\/2026\/03\/Capture-decran-2026-03-16-a-15.34.59.png","datePublished":"2026-03-16T14:38:54+00:00","dateModified":"2026-03-16T14:48:47+00:00","breadcrumb":{"@id":"https:\/\/www.sounds.brussels\/nl\/jazz-concert\/womufe\/#breadcrumb"},"inLanguage":"nl-NL","potentialAction":[{"@type":"ReadAction","target":["https:\/\/www.sounds.brussels\/nl\/jazz-concert\/womufe\/"]}]},{"@type":"ImageObject","inLanguage":"nl-NL","@id":"https:\/\/www.sounds.brussels\/nl\/jazz-concert\/womufe\/#primaryimage","url":"https:\/\/www.sounds.brussels\/wp-content\/uploads\/2026\/03\/Capture-decran-2026-03-16-a-15.34.59.png","contentUrl":"https:\/\/www.sounds.brussels\/wp-content\/uploads\/2026\/03\/Capture-decran-2026-03-16-a-15.34.59.png","width":1110,"height":1478},{"@type":"BreadcrumbList","@id":"https:\/\/www.sounds.brussels\/nl\/jazz-concert\/womufe\/#breadcrumb","itemListElement":[{"@type":"ListItem","position":1,"name":"Accueil","item":"https:\/\/www.sounds.brussels\/nl\/"},{"@type":"ListItem","position":2,"name":"Producten","item":"https:\/\/www.sounds.brussels\/nl\/shop\/"},{"@type":"ListItem","position":3,"name":"WOMUFE"}]},{"@type":"WebSite","@id":"https:\/\/www.sounds.brussels\/nl\/#website","url":"https:\/\/www.sounds.brussels\/nl\/","name":"Sounds Jazz Club","description":"","publisher":{"@id":"https:\/\/www.sounds.brussels\/nl\/#organization"},"potentialAction":[{"@type":"SearchAction","target":{"@type":"EntryPoint","urlTemplate":"https:\/\/www.sounds.brussels\/nl\/?s={search_term_string}"},"query-input":{"@type":"PropertyValueSpecification","valueRequired":true,"valueName":"search_term_string"}}],"inLanguage":"nl-NL"},{"@type":"Organization","@id":"https:\/\/www.sounds.brussels\/nl\/#organization","name":"Sounds Jazz Club","url":"https:\/\/www.sounds.brussels\/nl\/","logo":{"@type":"ImageObject","inLanguage":"nl-NL","@id":"https:\/\/www.sounds.brussels\/nl\/#\/schema\/logo\/image\/","url":"https:\/\/www.sounds.brussels\/wp-content\/uploads\/2023\/09\/logo-sounds-BlackRed-RGB-scaled.jpg","contentUrl":"https:\/\/www.sounds.brussels\/wp-content\/uploads\/2023\/09\/logo-sounds-BlackRed-RGB-scaled.jpg","width":2048,"height":1428,"caption":"Sounds Jazz Club"},"image":{"@id":"https:\/\/www.sounds.brussels\/nl\/#\/schema\/logo\/image\/"}}]}},"_links":{"self":[{"href":"https:\/\/www.sounds.brussels\/nl\/wp-json\/wp\/v2\/product\/164602","targetHints":{"allow":["GET"]}}],"collection":[{"href":"https:\/\/www.sounds.brussels\/nl\/wp-json\/wp\/v2\/product"}],"about":[{"href":"https:\/\/www.sounds.brussels\/nl\/wp-json\/wp\/v2\/types\/product"}],"author":[{"embeddable":true,"href":"https:\/\/www.sounds.brussels\/nl\/wp-json\/wp\/v2\/users\/13250"}],"replies":[{"embeddable":true,"href":"https:\/\/www.sounds.brussels\/nl\/wp-json\/wp\/v2\/comments?post=164602"}],"wp:featuredmedia":[{"embeddable":true,"href":"https:\/\/www.sounds.brussels\/nl\/wp-json\/wp\/v2\/media\/164612"}],"wp:attachment":[{"href":"https:\/\/www.sounds.brussels\/nl\/wp-json\/wp\/v2\/media?parent=164602"}],"wp:term":[{"taxonomy":"product_brand","embeddable":true,"href":"https:\/\/www.sounds.brussels\/nl\/wp-json\/wp\/v2\/product_brand?post=164602"},{"taxonomy":"product_cat","embeddable":true,"href":"https:\/\/www.sounds.brussels\/nl\/wp-json\/wp\/v2\/product_cat?post=164602"},{"taxonomy":"product_tag","embeddable":true,"href":"https:\/\/www.sounds.brussels\/nl\/wp-json\/wp\/v2\/product_tag?post=164602"}],"curies":[{"name":"wp","href":"https:\/\/api.w.org\/{rel}","templated":true}]}}