{"id":164566,"date":"2026-03-16T14:22:33","date_gmt":"2026-03-16T13:22:33","guid":{"rendered":"https:\/\/www.sounds.brussels\/?post_type=product&#038;p=164566"},"modified":"2026-04-02T12:27:57","modified_gmt":"2026-04-02T10:27:57","slug":"saxoneo-2","status":"publish","type":"product","link":"https:\/\/www.sounds.brussels\/nl\/jazz-concert\/saxoneo-2\/","title":{"rendered":"SAXONEO"},"content":{"rendered":"","protected":false},"excerpt":{"rendered":"<p>Vocal lead Yoan Diaz<br \/>\nVocal lead Julian &#8220;Jaleo&#8221;<br \/>\nSoprano sax Leidy Mendez<br \/>\nAlto Sax Edison Guzm\u00e1n<br \/>\nTenor Sax Florjan Pauwels<br \/>\nBaritone Sax Divo Rojas<br \/>\nPiano Frank Wybou<br \/>\nBass Jos\u00e9 Luis Montiel<br \/>\nCongas Alexis Ayala<br \/>\nBateria Leonid Mu\u00f1oz<\/p>\n","protected":false},"author":13250,"featured_media":164576,"comment_status":"closed","ping_status":"closed","template":"","meta":{"_acf_changed":false},"product_brand":[],"product_cat":[355],"product_tag":[],"class_list":{"0":"post-164566","1":"product","2":"type-product","3":"status-publish","4":"has-post-thumbnail","6":"product_cat-live-music-resist","8":"first","9":"instock","10":"shipping-taxable","11":"purchasable","12":"product-type-variable","13":"has-default-attributes","14":"nyp-product"},"acf":[],"yoast_head":"<!-- This site is optimized with the Yoast SEO plugin v26.9 - https:\/\/yoast.com\/product\/yoast-seo-wordpress\/ -->\n<title>SAXONEO - Sounds Jazz Club<\/title>\n<meta name=\"robots\" content=\"index, follow, max-snippet:-1, max-image-preview:large, max-video-preview:-1\" \/>\n<link rel=\"canonical\" href=\"https:\/\/www.sounds.brussels\/nl\/jazz-concert\/saxoneo-2\/\" \/>\n<meta property=\"og:locale\" content=\"nl_NL\" \/>\n<meta property=\"og:type\" content=\"article\" \/>\n<meta property=\"og:title\" content=\"SAXONEO - Sounds Jazz Club\" \/>\n<meta property=\"og:description\" content=\"Vocal lead Yoan Diaz Vocal lead Julian &quot;Jaleo&quot; Soprano sax Leidy Mendez Alto Sax Edison Guzm\u00e1n Tenor Sax Florjan Pauwels Baritone Sax Divo Rojas Piano Frank Wybou Bass Jos\u00e9 Luis Montiel Congas Alexis Ayala Bateria Leonid Mu\u00f1oz\" \/>\n<meta property=\"og:url\" content=\"https:\/\/www.sounds.brussels\/nl\/jazz-concert\/saxoneo-2\/\" \/>\n<meta property=\"og:site_name\" content=\"Sounds Jazz Club\" \/>\n<meta property=\"article:modified_time\" content=\"2026-04-02T10:27:57+00:00\" \/>\n<meta property=\"og:image\" content=\"https:\/\/www.sounds.brussels\/wp-content\/uploads\/2026\/03\/Capture-decran-2026-03-16-a-14.44.17-scaled.png\" \/>\n\t<meta property=\"og:image:width\" content=\"2048\" \/>\n\t<meta property=\"og:image:height\" content=\"1376\" \/>\n\t<meta property=\"og:image:type\" content=\"image\/png\" \/>\n<meta name=\"twitter:card\" content=\"summary_large_image\" \/>\n<meta name=\"twitter:label1\" content=\"Geschatte leestijd\" \/>\n\t<meta name=\"twitter:data1\" content=\"1 minuut\" \/>\n<script type=\"application\/ld+json\" class=\"yoast-schema-graph\">{\"@context\":\"https:\/\/schema.org\",\"@graph\":[{\"@type\":\"WebPage\",\"@id\":\"https:\/\/www.sounds.brussels\/nl\/jazz-concert\/saxoneo-2\/\",\"url\":\"https:\/\/www.sounds.brussels\/nl\/jazz-concert\/saxoneo-2\/\",\"name\":\"SAXONEO - Sounds Jazz Club\",\"isPartOf\":{\"@id\":\"https:\/\/www.sounds.brussels\/nl\/#website\"},\"primaryImageOfPage\":{\"@id\":\"https:\/\/www.sounds.brussels\/nl\/jazz-concert\/saxoneo-2\/#primaryimage\"},\"image\":{\"@id\":\"https:\/\/www.sounds.brussels\/nl\/jazz-concert\/saxoneo-2\/#primaryimage\"},\"thumbnailUrl\":\"https:\/\/www.sounds.brussels\/wp-content\/uploads\/2026\/03\/Capture-decran-2026-03-16-a-14.44.17-scaled.png\",\"datePublished\":\"2026-03-16T13:22:33+00:00\",\"dateModified\":\"2026-04-02T10:27:57+00:00\",\"breadcrumb\":{\"@id\":\"https:\/\/www.sounds.brussels\/nl\/jazz-concert\/saxoneo-2\/#breadcrumb\"},\"inLanguage\":\"nl-NL\",\"potentialAction\":[{\"@type\":\"ReadAction\",\"target\":[\"https:\/\/www.sounds.brussels\/nl\/jazz-concert\/saxoneo-2\/\"]}]},{\"@type\":\"ImageObject\",\"inLanguage\":\"nl-NL\",\"@id\":\"https:\/\/www.sounds.brussels\/nl\/jazz-concert\/saxoneo-2\/#primaryimage\",\"url\":\"https:\/\/www.sounds.brussels\/wp-content\/uploads\/2026\/03\/Capture-decran-2026-03-16-a-14.44.17-scaled.png\",\"contentUrl\":\"https:\/\/www.sounds.brussels\/wp-content\/uploads\/2026\/03\/Capture-decran-2026-03-16-a-14.44.17-scaled.png\",\"width\":2048,\"height\":1376},{\"@type\":\"BreadcrumbList\",\"@id\":\"https:\/\/www.sounds.brussels\/nl\/jazz-concert\/saxoneo-2\/#breadcrumb\",\"itemListElement\":[{\"@type\":\"ListItem\",\"position\":1,\"name\":\"Accueil\",\"item\":\"https:\/\/www.sounds.brussels\/nl\/\"},{\"@type\":\"ListItem\",\"position\":2,\"name\":\"Producten\",\"item\":\"https:\/\/www.sounds.brussels\/nl\/shop\/\"},{\"@type\":\"ListItem\",\"position\":3,\"name\":\"SAXONEO\"}]},{\"@type\":\"WebSite\",\"@id\":\"https:\/\/www.sounds.brussels\/nl\/#website\",\"url\":\"https:\/\/www.sounds.brussels\/nl\/\",\"name\":\"Sounds Jazz Club\",\"description\":\"\",\"publisher\":{\"@id\":\"https:\/\/www.sounds.brussels\/nl\/#organization\"},\"potentialAction\":[{\"@type\":\"SearchAction\",\"target\":{\"@type\":\"EntryPoint\",\"urlTemplate\":\"https:\/\/www.sounds.brussels\/nl\/?s={search_term_string}\"},\"query-input\":{\"@type\":\"PropertyValueSpecification\",\"valueRequired\":true,\"valueName\":\"search_term_string\"}}],\"inLanguage\":\"nl-NL\"},{\"@type\":\"Organization\",\"@id\":\"https:\/\/www.sounds.brussels\/nl\/#organization\",\"name\":\"Sounds Jazz Club\",\"url\":\"https:\/\/www.sounds.brussels\/nl\/\",\"logo\":{\"@type\":\"ImageObject\",\"inLanguage\":\"nl-NL\",\"@id\":\"https:\/\/www.sounds.brussels\/nl\/#\/schema\/logo\/image\/\",\"url\":\"https:\/\/www.sounds.brussels\/wp-content\/uploads\/2023\/09\/logo-sounds-BlackRed-RGB-scaled.jpg\",\"contentUrl\":\"https:\/\/www.sounds.brussels\/wp-content\/uploads\/2023\/09\/logo-sounds-BlackRed-RGB-scaled.jpg\",\"width\":2048,\"height\":1428,\"caption\":\"Sounds Jazz Club\"},\"image\":{\"@id\":\"https:\/\/www.sounds.brussels\/nl\/#\/schema\/logo\/image\/\"}}]}<\/script>\n<!-- \/ Yoast SEO plugin. -->","yoast_head_json":{"title":"SAXONEO - Sounds Jazz Club","robots":{"index":"index","follow":"follow","max-snippet":"max-snippet:-1","max-image-preview":"max-image-preview:large","max-video-preview":"max-video-preview:-1"},"canonical":"https:\/\/www.sounds.brussels\/nl\/jazz-concert\/saxoneo-2\/","og_locale":"nl_NL","og_type":"article","og_title":"SAXONEO - Sounds Jazz Club","og_description":"Vocal lead Yoan Diaz Vocal lead Julian \"Jaleo\" Soprano sax Leidy Mendez Alto Sax Edison Guzm\u00e1n Tenor Sax Florjan Pauwels Baritone Sax Divo Rojas Piano Frank Wybou Bass Jos\u00e9 Luis Montiel Congas Alexis Ayala Bateria Leonid Mu\u00f1oz","og_url":"https:\/\/www.sounds.brussels\/nl\/jazz-concert\/saxoneo-2\/","og_site_name":"Sounds Jazz Club","article_modified_time":"2026-04-02T10:27:57+00:00","og_image":[{"width":2048,"height":1376,"url":"https:\/\/www.sounds.brussels\/wp-content\/uploads\/2026\/03\/Capture-decran-2026-03-16-a-14.44.17-scaled.png","type":"image\/png"}],"twitter_card":"summary_large_image","twitter_misc":{"Geschatte leestijd":"1 minuut"},"schema":{"@context":"https:\/\/schema.org","@graph":[{"@type":"WebPage","@id":"https:\/\/www.sounds.brussels\/nl\/jazz-concert\/saxoneo-2\/","url":"https:\/\/www.sounds.brussels\/nl\/jazz-concert\/saxoneo-2\/","name":"SAXONEO - Sounds Jazz Club","isPartOf":{"@id":"https:\/\/www.sounds.brussels\/nl\/#website"},"primaryImageOfPage":{"@id":"https:\/\/www.sounds.brussels\/nl\/jazz-concert\/saxoneo-2\/#primaryimage"},"image":{"@id":"https:\/\/www.sounds.brussels\/nl\/jazz-concert\/saxoneo-2\/#primaryimage"},"thumbnailUrl":"https:\/\/www.sounds.brussels\/wp-content\/uploads\/2026\/03\/Capture-decran-2026-03-16-a-14.44.17-scaled.png","datePublished":"2026-03-16T13:22:33+00:00","dateModified":"2026-04-02T10:27:57+00:00","breadcrumb":{"@id":"https:\/\/www.sounds.brussels\/nl\/jazz-concert\/saxoneo-2\/#breadcrumb"},"inLanguage":"nl-NL","potentialAction":[{"@type":"ReadAction","target":["https:\/\/www.sounds.brussels\/nl\/jazz-concert\/saxoneo-2\/"]}]},{"@type":"ImageObject","inLanguage":"nl-NL","@id":"https:\/\/www.sounds.brussels\/nl\/jazz-concert\/saxoneo-2\/#primaryimage","url":"https:\/\/www.sounds.brussels\/wp-content\/uploads\/2026\/03\/Capture-decran-2026-03-16-a-14.44.17-scaled.png","contentUrl":"https:\/\/www.sounds.brussels\/wp-content\/uploads\/2026\/03\/Capture-decran-2026-03-16-a-14.44.17-scaled.png","width":2048,"height":1376},{"@type":"BreadcrumbList","@id":"https:\/\/www.sounds.brussels\/nl\/jazz-concert\/saxoneo-2\/#breadcrumb","itemListElement":[{"@type":"ListItem","position":1,"name":"Accueil","item":"https:\/\/www.sounds.brussels\/nl\/"},{"@type":"ListItem","position":2,"name":"Producten","item":"https:\/\/www.sounds.brussels\/nl\/shop\/"},{"@type":"ListItem","position":3,"name":"SAXONEO"}]},{"@type":"WebSite","@id":"https:\/\/www.sounds.brussels\/nl\/#website","url":"https:\/\/www.sounds.brussels\/nl\/","name":"Sounds Jazz Club","description":"","publisher":{"@id":"https:\/\/www.sounds.brussels\/nl\/#organization"},"potentialAction":[{"@type":"SearchAction","target":{"@type":"EntryPoint","urlTemplate":"https:\/\/www.sounds.brussels\/nl\/?s={search_term_string}"},"query-input":{"@type":"PropertyValueSpecification","valueRequired":true,"valueName":"search_term_string"}}],"inLanguage":"nl-NL"},{"@type":"Organization","@id":"https:\/\/www.sounds.brussels\/nl\/#organization","name":"Sounds Jazz Club","url":"https:\/\/www.sounds.brussels\/nl\/","logo":{"@type":"ImageObject","inLanguage":"nl-NL","@id":"https:\/\/www.sounds.brussels\/nl\/#\/schema\/logo\/image\/","url":"https:\/\/www.sounds.brussels\/wp-content\/uploads\/2023\/09\/logo-sounds-BlackRed-RGB-scaled.jpg","contentUrl":"https:\/\/www.sounds.brussels\/wp-content\/uploads\/2023\/09\/logo-sounds-BlackRed-RGB-scaled.jpg","width":2048,"height":1428,"caption":"Sounds Jazz Club"},"image":{"@id":"https:\/\/www.sounds.brussels\/nl\/#\/schema\/logo\/image\/"}}]}},"_links":{"self":[{"href":"https:\/\/www.sounds.brussels\/nl\/wp-json\/wp\/v2\/product\/164566","targetHints":{"allow":["GET"]}}],"collection":[{"href":"https:\/\/www.sounds.brussels\/nl\/wp-json\/wp\/v2\/product"}],"about":[{"href":"https:\/\/www.sounds.brussels\/nl\/wp-json\/wp\/v2\/types\/product"}],"author":[{"embeddable":true,"href":"https:\/\/www.sounds.brussels\/nl\/wp-json\/wp\/v2\/users\/13250"}],"replies":[{"embeddable":true,"href":"https:\/\/www.sounds.brussels\/nl\/wp-json\/wp\/v2\/comments?post=164566"}],"wp:featuredmedia":[{"embeddable":true,"href":"https:\/\/www.sounds.brussels\/nl\/wp-json\/wp\/v2\/media\/164576"}],"wp:attachment":[{"href":"https:\/\/www.sounds.brussels\/nl\/wp-json\/wp\/v2\/media?parent=164566"}],"wp:term":[{"taxonomy":"product_brand","embeddable":true,"href":"https:\/\/www.sounds.brussels\/nl\/wp-json\/wp\/v2\/product_brand?post=164566"},{"taxonomy":"product_cat","embeddable":true,"href":"https:\/\/www.sounds.brussels\/nl\/wp-json\/wp\/v2\/product_cat?post=164566"},{"taxonomy":"product_tag","embeddable":true,"href":"https:\/\/www.sounds.brussels\/nl\/wp-json\/wp\/v2\/product_tag?post=164566"}],"curies":[{"name":"wp","href":"https:\/\/api.w.org\/{rel}","templated":true}]}}