{"id":163988,"date":"2026-03-06T18:28:13","date_gmt":"2026-03-06T17:28:13","guid":{"rendered":"https:\/\/www.sounds.brussels\/?post_type=product&#038;p=163988"},"modified":"2026-03-29T15:29:35","modified_gmt":"2026-03-29T13:29:35","slug":"big-band-du-conservatoire-royal-de-bruxelles","status":"publish","type":"product","link":"https:\/\/www.sounds.brussels\/nl\/jazz-concert\/big-band-du-conservatoire-royal-de-bruxelles\/","title":{"rendered":"BIG BAND DU CONSERVATOIRE ROYAL DE BRUXELLES"},"content":{"rendered":"","protected":false},"excerpt":{"rendered":"<p>Direction: Fabrice Alleman<br \/>\nSaxophones:<br \/>\nHugo Schiagno &#8211; alto 1<br \/>\nSim\u00e9on Damourette &#8211; alto 2<br \/>\nPieter Eerlings &#8211; t\u00e9nor 1<br \/>\nProsper Garon &#8211; t\u00e9nor 2<br \/>\nValentin Urbain &#8211; baryton<br \/>\nTrompettes:<br \/>\nZ\u00e9phyr Zijlstra &#8211; tp 1<br \/>\nJess Ryo &#8211; tp 2<br \/>\nAndre\u00ef Beuthe De Jaegher &#8211; tp 3<br \/>\nL\u00e9o Gayet &#8211; tp 4<br \/>\nTrombones:<br \/>\nTBA &#8211; tb 1<br \/>\nBilly &#8211; tb 2<br \/>\nQuentin Gaillard &#8211; tb 3<br \/>\nPiano: Marin Mehl<br \/>\nContrebasse: L\u00e9o Chupin<br \/>\nGuitare: Ronan Raynaud<br \/>\nBatterie: Daniel Millan<\/p>\n","protected":false},"author":13250,"featured_media":163998,"comment_status":"closed","ping_status":"closed","template":"","meta":{"_acf_changed":false},"product_brand":[],"product_cat":[103],"product_tag":[],"class_list":{"0":"post-163988","1":"product","2":"type-product","3":"status-publish","4":"has-post-thumbnail","6":"product_cat-live-music","8":"first","9":"instock","10":"shipping-taxable","11":"purchasable","12":"product-type-variable","13":"has-default-attributes","14":"nyp-product"},"acf":[],"yoast_head":"<!-- This site is optimized with the Yoast SEO plugin v26.9 - https:\/\/yoast.com\/product\/yoast-seo-wordpress\/ -->\n<title>BIG BAND DU CONSERVATOIRE ROYAL DE BRUXELLES - Sounds Jazz Club<\/title>\n<meta name=\"robots\" content=\"index, follow, max-snippet:-1, max-image-preview:large, max-video-preview:-1\" \/>\n<link rel=\"canonical\" href=\"https:\/\/www.sounds.brussels\/nl\/jazz-concert\/big-band-du-conservatoire-royal-de-bruxelles\/\" \/>\n<meta property=\"og:locale\" content=\"nl_NL\" \/>\n<meta property=\"og:type\" content=\"article\" \/>\n<meta property=\"og:title\" content=\"BIG BAND DU CONSERVATOIRE ROYAL DE BRUXELLES - Sounds Jazz Club\" \/>\n<meta property=\"og:description\" content=\"Direction: Fabrice Alleman Saxophones: Hugo Schiagno - alto 1 Sim\u00e9on Damourette - alto 2 Pieter Eerlings - t\u00e9nor 1 Prosper Garon - t\u00e9nor 2 Valentin Urbain - baryton Trompettes: Z\u00e9phyr Zijlstra - tp 1 Jess Ryo - tp 2 Andre\u00ef Beuthe De Jaegher - tp 3 L\u00e9o Gayet - tp 4 Trombones: TBA - tb 1 Billy - tb 2 Quentin Gaillard - tb 3 Piano: Marin Mehl Contrebasse: L\u00e9o Chupin Guitare: Ronan Raynaud Batterie: Daniel Millan\" \/>\n<meta property=\"og:url\" content=\"https:\/\/www.sounds.brussels\/nl\/jazz-concert\/big-band-du-conservatoire-royal-de-bruxelles\/\" \/>\n<meta property=\"og:site_name\" content=\"Sounds Jazz Club\" \/>\n<meta property=\"article:modified_time\" content=\"2026-03-29T13:29:35+00:00\" \/>\n<meta property=\"og:image\" content=\"https:\/\/www.sounds.brussels\/wp-content\/uploads\/2026\/03\/Capture-decran-2026-03-06-a-18.28.44-1024x768.png\" \/>\n\t<meta property=\"og:image:width\" content=\"1024\" \/>\n\t<meta property=\"og:image:height\" content=\"768\" \/>\n\t<meta property=\"og:image:type\" content=\"image\/png\" \/>\n<meta name=\"twitter:card\" content=\"summary_large_image\" \/>\n<meta name=\"twitter:label1\" content=\"Geschatte leestijd\" \/>\n\t<meta name=\"twitter:data1\" content=\"1 minuut\" \/>\n<script type=\"application\/ld+json\" class=\"yoast-schema-graph\">{\"@context\":\"https:\/\/schema.org\",\"@graph\":[{\"@type\":\"WebPage\",\"@id\":\"https:\/\/www.sounds.brussels\/nl\/jazz-concert\/big-band-du-conservatoire-royal-de-bruxelles\/\",\"url\":\"https:\/\/www.sounds.brussels\/nl\/jazz-concert\/big-band-du-conservatoire-royal-de-bruxelles\/\",\"name\":\"BIG BAND DU CONSERVATOIRE ROYAL DE BRUXELLES - Sounds Jazz Club\",\"isPartOf\":{\"@id\":\"https:\/\/www.sounds.brussels\/nl\/#website\"},\"primaryImageOfPage\":{\"@id\":\"https:\/\/www.sounds.brussels\/nl\/jazz-concert\/big-band-du-conservatoire-royal-de-bruxelles\/#primaryimage\"},\"image\":{\"@id\":\"https:\/\/www.sounds.brussels\/nl\/jazz-concert\/big-band-du-conservatoire-royal-de-bruxelles\/#primaryimage\"},\"thumbnailUrl\":\"https:\/\/www.sounds.brussels\/wp-content\/uploads\/2026\/03\/Capture-decran-2026-03-06-a-18.28.44.png\",\"datePublished\":\"2026-03-06T17:28:13+00:00\",\"dateModified\":\"2026-03-29T13:29:35+00:00\",\"breadcrumb\":{\"@id\":\"https:\/\/www.sounds.brussels\/nl\/jazz-concert\/big-band-du-conservatoire-royal-de-bruxelles\/#breadcrumb\"},\"inLanguage\":\"nl-NL\",\"potentialAction\":[{\"@type\":\"ReadAction\",\"target\":[\"https:\/\/www.sounds.brussels\/nl\/jazz-concert\/big-band-du-conservatoire-royal-de-bruxelles\/\"]}]},{\"@type\":\"ImageObject\",\"inLanguage\":\"nl-NL\",\"@id\":\"https:\/\/www.sounds.brussels\/nl\/jazz-concert\/big-band-du-conservatoire-royal-de-bruxelles\/#primaryimage\",\"url\":\"https:\/\/www.sounds.brussels\/wp-content\/uploads\/2026\/03\/Capture-decran-2026-03-06-a-18.28.44.png\",\"contentUrl\":\"https:\/\/www.sounds.brussels\/wp-content\/uploads\/2026\/03\/Capture-decran-2026-03-06-a-18.28.44.png\",\"width\":1982,\"height\":1486},{\"@type\":\"BreadcrumbList\",\"@id\":\"https:\/\/www.sounds.brussels\/nl\/jazz-concert\/big-band-du-conservatoire-royal-de-bruxelles\/#breadcrumb\",\"itemListElement\":[{\"@type\":\"ListItem\",\"position\":1,\"name\":\"Accueil\",\"item\":\"https:\/\/www.sounds.brussels\/nl\/\"},{\"@type\":\"ListItem\",\"position\":2,\"name\":\"Producten\",\"item\":\"https:\/\/www.sounds.brussels\/nl\/shop\/\"},{\"@type\":\"ListItem\",\"position\":3,\"name\":\"BIG BAND DU CONSERVATOIRE ROYAL DE BRUXELLES\"}]},{\"@type\":\"WebSite\",\"@id\":\"https:\/\/www.sounds.brussels\/nl\/#website\",\"url\":\"https:\/\/www.sounds.brussels\/nl\/\",\"name\":\"Sounds Jazz Club\",\"description\":\"\",\"publisher\":{\"@id\":\"https:\/\/www.sounds.brussels\/nl\/#organization\"},\"potentialAction\":[{\"@type\":\"SearchAction\",\"target\":{\"@type\":\"EntryPoint\",\"urlTemplate\":\"https:\/\/www.sounds.brussels\/nl\/?s={search_term_string}\"},\"query-input\":{\"@type\":\"PropertyValueSpecification\",\"valueRequired\":true,\"valueName\":\"search_term_string\"}}],\"inLanguage\":\"nl-NL\"},{\"@type\":\"Organization\",\"@id\":\"https:\/\/www.sounds.brussels\/nl\/#organization\",\"name\":\"Sounds Jazz Club\",\"url\":\"https:\/\/www.sounds.brussels\/nl\/\",\"logo\":{\"@type\":\"ImageObject\",\"inLanguage\":\"nl-NL\",\"@id\":\"https:\/\/www.sounds.brussels\/nl\/#\/schema\/logo\/image\/\",\"url\":\"https:\/\/www.sounds.brussels\/wp-content\/uploads\/2023\/09\/logo-sounds-BlackRed-RGB-scaled.jpg\",\"contentUrl\":\"https:\/\/www.sounds.brussels\/wp-content\/uploads\/2023\/09\/logo-sounds-BlackRed-RGB-scaled.jpg\",\"width\":2048,\"height\":1428,\"caption\":\"Sounds Jazz Club\"},\"image\":{\"@id\":\"https:\/\/www.sounds.brussels\/nl\/#\/schema\/logo\/image\/\"}}]}<\/script>\n<!-- \/ Yoast SEO plugin. -->","yoast_head_json":{"title":"BIG BAND DU CONSERVATOIRE ROYAL DE BRUXELLES - Sounds Jazz Club","robots":{"index":"index","follow":"follow","max-snippet":"max-snippet:-1","max-image-preview":"max-image-preview:large","max-video-preview":"max-video-preview:-1"},"canonical":"https:\/\/www.sounds.brussels\/nl\/jazz-concert\/big-band-du-conservatoire-royal-de-bruxelles\/","og_locale":"nl_NL","og_type":"article","og_title":"BIG BAND DU CONSERVATOIRE ROYAL DE BRUXELLES - Sounds Jazz Club","og_description":"Direction: Fabrice Alleman Saxophones: Hugo Schiagno - alto 1 Sim\u00e9on Damourette - alto 2 Pieter Eerlings - t\u00e9nor 1 Prosper Garon - t\u00e9nor 2 Valentin Urbain - baryton Trompettes: Z\u00e9phyr Zijlstra - tp 1 Jess Ryo - tp 2 Andre\u00ef Beuthe De Jaegher - tp 3 L\u00e9o Gayet - tp 4 Trombones: TBA - tb 1 Billy - tb 2 Quentin Gaillard - tb 3 Piano: Marin Mehl Contrebasse: L\u00e9o Chupin Guitare: Ronan Raynaud Batterie: Daniel Millan","og_url":"https:\/\/www.sounds.brussels\/nl\/jazz-concert\/big-band-du-conservatoire-royal-de-bruxelles\/","og_site_name":"Sounds Jazz Club","article_modified_time":"2026-03-29T13:29:35+00:00","og_image":[{"width":1024,"height":768,"url":"https:\/\/www.sounds.brussels\/wp-content\/uploads\/2026\/03\/Capture-decran-2026-03-06-a-18.28.44-1024x768.png","type":"image\/png"}],"twitter_card":"summary_large_image","twitter_misc":{"Geschatte leestijd":"1 minuut"},"schema":{"@context":"https:\/\/schema.org","@graph":[{"@type":"WebPage","@id":"https:\/\/www.sounds.brussels\/nl\/jazz-concert\/big-band-du-conservatoire-royal-de-bruxelles\/","url":"https:\/\/www.sounds.brussels\/nl\/jazz-concert\/big-band-du-conservatoire-royal-de-bruxelles\/","name":"BIG BAND DU CONSERVATOIRE ROYAL DE BRUXELLES - Sounds Jazz Club","isPartOf":{"@id":"https:\/\/www.sounds.brussels\/nl\/#website"},"primaryImageOfPage":{"@id":"https:\/\/www.sounds.brussels\/nl\/jazz-concert\/big-band-du-conservatoire-royal-de-bruxelles\/#primaryimage"},"image":{"@id":"https:\/\/www.sounds.brussels\/nl\/jazz-concert\/big-band-du-conservatoire-royal-de-bruxelles\/#primaryimage"},"thumbnailUrl":"https:\/\/www.sounds.brussels\/wp-content\/uploads\/2026\/03\/Capture-decran-2026-03-06-a-18.28.44.png","datePublished":"2026-03-06T17:28:13+00:00","dateModified":"2026-03-29T13:29:35+00:00","breadcrumb":{"@id":"https:\/\/www.sounds.brussels\/nl\/jazz-concert\/big-band-du-conservatoire-royal-de-bruxelles\/#breadcrumb"},"inLanguage":"nl-NL","potentialAction":[{"@type":"ReadAction","target":["https:\/\/www.sounds.brussels\/nl\/jazz-concert\/big-band-du-conservatoire-royal-de-bruxelles\/"]}]},{"@type":"ImageObject","inLanguage":"nl-NL","@id":"https:\/\/www.sounds.brussels\/nl\/jazz-concert\/big-band-du-conservatoire-royal-de-bruxelles\/#primaryimage","url":"https:\/\/www.sounds.brussels\/wp-content\/uploads\/2026\/03\/Capture-decran-2026-03-06-a-18.28.44.png","contentUrl":"https:\/\/www.sounds.brussels\/wp-content\/uploads\/2026\/03\/Capture-decran-2026-03-06-a-18.28.44.png","width":1982,"height":1486},{"@type":"BreadcrumbList","@id":"https:\/\/www.sounds.brussels\/nl\/jazz-concert\/big-band-du-conservatoire-royal-de-bruxelles\/#breadcrumb","itemListElement":[{"@type":"ListItem","position":1,"name":"Accueil","item":"https:\/\/www.sounds.brussels\/nl\/"},{"@type":"ListItem","position":2,"name":"Producten","item":"https:\/\/www.sounds.brussels\/nl\/shop\/"},{"@type":"ListItem","position":3,"name":"BIG BAND DU CONSERVATOIRE ROYAL DE BRUXELLES"}]},{"@type":"WebSite","@id":"https:\/\/www.sounds.brussels\/nl\/#website","url":"https:\/\/www.sounds.brussels\/nl\/","name":"Sounds Jazz Club","description":"","publisher":{"@id":"https:\/\/www.sounds.brussels\/nl\/#organization"},"potentialAction":[{"@type":"SearchAction","target":{"@type":"EntryPoint","urlTemplate":"https:\/\/www.sounds.brussels\/nl\/?s={search_term_string}"},"query-input":{"@type":"PropertyValueSpecification","valueRequired":true,"valueName":"search_term_string"}}],"inLanguage":"nl-NL"},{"@type":"Organization","@id":"https:\/\/www.sounds.brussels\/nl\/#organization","name":"Sounds Jazz Club","url":"https:\/\/www.sounds.brussels\/nl\/","logo":{"@type":"ImageObject","inLanguage":"nl-NL","@id":"https:\/\/www.sounds.brussels\/nl\/#\/schema\/logo\/image\/","url":"https:\/\/www.sounds.brussels\/wp-content\/uploads\/2023\/09\/logo-sounds-BlackRed-RGB-scaled.jpg","contentUrl":"https:\/\/www.sounds.brussels\/wp-content\/uploads\/2023\/09\/logo-sounds-BlackRed-RGB-scaled.jpg","width":2048,"height":1428,"caption":"Sounds Jazz Club"},"image":{"@id":"https:\/\/www.sounds.brussels\/nl\/#\/schema\/logo\/image\/"}}]}},"_links":{"self":[{"href":"https:\/\/www.sounds.brussels\/nl\/wp-json\/wp\/v2\/product\/163988","targetHints":{"allow":["GET"]}}],"collection":[{"href":"https:\/\/www.sounds.brussels\/nl\/wp-json\/wp\/v2\/product"}],"about":[{"href":"https:\/\/www.sounds.brussels\/nl\/wp-json\/wp\/v2\/types\/product"}],"author":[{"embeddable":true,"href":"https:\/\/www.sounds.brussels\/nl\/wp-json\/wp\/v2\/users\/13250"}],"replies":[{"embeddable":true,"href":"https:\/\/www.sounds.brussels\/nl\/wp-json\/wp\/v2\/comments?post=163988"}],"wp:featuredmedia":[{"embeddable":true,"href":"https:\/\/www.sounds.brussels\/nl\/wp-json\/wp\/v2\/media\/163998"}],"wp:attachment":[{"href":"https:\/\/www.sounds.brussels\/nl\/wp-json\/wp\/v2\/media?parent=163988"}],"wp:term":[{"taxonomy":"product_brand","embeddable":true,"href":"https:\/\/www.sounds.brussels\/nl\/wp-json\/wp\/v2\/product_brand?post=163988"},{"taxonomy":"product_cat","embeddable":true,"href":"https:\/\/www.sounds.brussels\/nl\/wp-json\/wp\/v2\/product_cat?post=163988"},{"taxonomy":"product_tag","embeddable":true,"href":"https:\/\/www.sounds.brussels\/nl\/wp-json\/wp\/v2\/product_tag?post=163988"}],"curies":[{"name":"wp","href":"https:\/\/api.w.org\/{rel}","templated":true}]}}