{"id":163019,"date":"2026-02-20T11:55:36","date_gmt":"2026-02-20T10:55:36","guid":{"rendered":"https:\/\/www.sounds.brussels\/?post_type=product&#038;p=163019"},"modified":"2026-04-12T13:17:32","modified_gmt":"2026-04-12T11:17:32","slug":"ivette-cepeda-lapero-du-sounds","status":"publish","type":"product","link":"https:\/\/www.sounds.brussels\/nl\/jazz-concert\/ivette-cepeda-lapero-du-sounds\/","title":{"rendered":"IVETTE CEPEDA \/ L&#8217;APERO DU SOUNDS"},"content":{"rendered":"","protected":false},"excerpt":{"rendered":"<p>Ivette Cepeda, voix.<br \/>\nJos\u00e9 Luis Beltran, guitare.<br \/>\nCesar Guzman, guitare, fl\u00fbte traversi\u00e8re et tiple.<\/p>\n","protected":false},"author":8382,"featured_media":163028,"comment_status":"closed","ping_status":"closed","template":"","meta":{"_acf_changed":false},"product_brand":[],"product_cat":[157],"product_tag":[],"class_list":{"0":"post-163019","1":"product","2":"type-product","3":"status-publish","4":"has-post-thumbnail","6":"product_cat-archived","8":"first","9":"outofstock","10":"shipping-taxable","11":"product-type-variable","12":"has-default-attributes","13":"nyp-product"},"acf":[],"yoast_head":"<!-- This site is optimized with the Yoast SEO plugin v26.9 - https:\/\/yoast.com\/product\/yoast-seo-wordpress\/ -->\n<title>IVETTE CEPEDA \/ L&#039;APERO DU SOUNDS - Sounds Jazz Club<\/title>\n<meta name=\"robots\" content=\"index, follow, max-snippet:-1, max-image-preview:large, max-video-preview:-1\" \/>\n<link rel=\"canonical\" href=\"https:\/\/www.sounds.brussels\/nl\/jazz-concert\/ivette-cepeda-lapero-du-sounds\/\" \/>\n<meta property=\"og:locale\" content=\"nl_NL\" \/>\n<meta property=\"og:type\" content=\"article\" \/>\n<meta property=\"og:title\" content=\"IVETTE CEPEDA \/ L&#039;APERO DU SOUNDS - Sounds Jazz Club\" \/>\n<meta property=\"og:description\" content=\"Ivette Cepeda, voix. Jos\u00e9 Luis Beltran, guitare. Cesar Guzman, guitare, fl\u00fbte traversi\u00e8re et tiple.\" \/>\n<meta property=\"og:url\" content=\"https:\/\/www.sounds.brussels\/nl\/jazz-concert\/ivette-cepeda-lapero-du-sounds\/\" \/>\n<meta property=\"og:site_name\" content=\"Sounds Jazz Club\" \/>\n<meta property=\"article:modified_time\" content=\"2026-04-12T11:17:32+00:00\" \/>\n<meta property=\"og:image\" content=\"https:\/\/www.sounds.brussels\/wp-content\/uploads\/2026\/02\/2026-04-12-ivette-cepeda-l-apero-du-sounds-1771584939.jpg\" \/>\n\t<meta property=\"og:image:width\" content=\"600\" \/>\n\t<meta property=\"og:image:height\" content=\"900\" \/>\n\t<meta property=\"og:image:type\" content=\"image\/jpeg\" \/>\n<meta name=\"twitter:card\" content=\"summary_large_image\" \/>\n<script type=\"application\/ld+json\" class=\"yoast-schema-graph\">{\"@context\":\"https:\/\/schema.org\",\"@graph\":[{\"@type\":\"WebPage\",\"@id\":\"https:\/\/www.sounds.brussels\/nl\/jazz-concert\/ivette-cepeda-lapero-du-sounds\/\",\"url\":\"https:\/\/www.sounds.brussels\/nl\/jazz-concert\/ivette-cepeda-lapero-du-sounds\/\",\"name\":\"IVETTE CEPEDA \/ L'APERO DU SOUNDS - Sounds Jazz Club\",\"isPartOf\":{\"@id\":\"https:\/\/www.sounds.brussels\/nl\/#website\"},\"primaryImageOfPage\":{\"@id\":\"https:\/\/www.sounds.brussels\/nl\/jazz-concert\/ivette-cepeda-lapero-du-sounds\/#primaryimage\"},\"image\":{\"@id\":\"https:\/\/www.sounds.brussels\/nl\/jazz-concert\/ivette-cepeda-lapero-du-sounds\/#primaryimage\"},\"thumbnailUrl\":\"https:\/\/www.sounds.brussels\/wp-content\/uploads\/2026\/02\/2026-04-12-ivette-cepeda-l-apero-du-sounds-1771584939.jpg\",\"datePublished\":\"2026-02-20T10:55:36+00:00\",\"dateModified\":\"2026-04-12T11:17:32+00:00\",\"breadcrumb\":{\"@id\":\"https:\/\/www.sounds.brussels\/nl\/jazz-concert\/ivette-cepeda-lapero-du-sounds\/#breadcrumb\"},\"inLanguage\":\"nl-NL\",\"potentialAction\":[{\"@type\":\"ReadAction\",\"target\":[\"https:\/\/www.sounds.brussels\/nl\/jazz-concert\/ivette-cepeda-lapero-du-sounds\/\"]}]},{\"@type\":\"ImageObject\",\"inLanguage\":\"nl-NL\",\"@id\":\"https:\/\/www.sounds.brussels\/nl\/jazz-concert\/ivette-cepeda-lapero-du-sounds\/#primaryimage\",\"url\":\"https:\/\/www.sounds.brussels\/wp-content\/uploads\/2026\/02\/2026-04-12-ivette-cepeda-l-apero-du-sounds-1771584939.jpg\",\"contentUrl\":\"https:\/\/www.sounds.brussels\/wp-content\/uploads\/2026\/02\/2026-04-12-ivette-cepeda-l-apero-du-sounds-1771584939.jpg\",\"width\":600,\"height\":900},{\"@type\":\"BreadcrumbList\",\"@id\":\"https:\/\/www.sounds.brussels\/nl\/jazz-concert\/ivette-cepeda-lapero-du-sounds\/#breadcrumb\",\"itemListElement\":[{\"@type\":\"ListItem\",\"position\":1,\"name\":\"Accueil\",\"item\":\"https:\/\/www.sounds.brussels\/nl\/\"},{\"@type\":\"ListItem\",\"position\":2,\"name\":\"Producten\",\"item\":\"https:\/\/www.sounds.brussels\/nl\/shop\/\"},{\"@type\":\"ListItem\",\"position\":3,\"name\":\"IVETTE CEPEDA \/ L&#8217;APERO DU SOUNDS\"}]},{\"@type\":\"WebSite\",\"@id\":\"https:\/\/www.sounds.brussels\/nl\/#website\",\"url\":\"https:\/\/www.sounds.brussels\/nl\/\",\"name\":\"Sounds Jazz Club\",\"description\":\"\",\"publisher\":{\"@id\":\"https:\/\/www.sounds.brussels\/nl\/#organization\"},\"potentialAction\":[{\"@type\":\"SearchAction\",\"target\":{\"@type\":\"EntryPoint\",\"urlTemplate\":\"https:\/\/www.sounds.brussels\/nl\/?s={search_term_string}\"},\"query-input\":{\"@type\":\"PropertyValueSpecification\",\"valueRequired\":true,\"valueName\":\"search_term_string\"}}],\"inLanguage\":\"nl-NL\"},{\"@type\":\"Organization\",\"@id\":\"https:\/\/www.sounds.brussels\/nl\/#organization\",\"name\":\"Sounds Jazz Club\",\"url\":\"https:\/\/www.sounds.brussels\/nl\/\",\"logo\":{\"@type\":\"ImageObject\",\"inLanguage\":\"nl-NL\",\"@id\":\"https:\/\/www.sounds.brussels\/nl\/#\/schema\/logo\/image\/\",\"url\":\"https:\/\/www.sounds.brussels\/wp-content\/uploads\/2023\/09\/logo-sounds-BlackRed-RGB-scaled.jpg\",\"contentUrl\":\"https:\/\/www.sounds.brussels\/wp-content\/uploads\/2023\/09\/logo-sounds-BlackRed-RGB-scaled.jpg\",\"width\":2048,\"height\":1428,\"caption\":\"Sounds Jazz Club\"},\"image\":{\"@id\":\"https:\/\/www.sounds.brussels\/nl\/#\/schema\/logo\/image\/\"}}]}<\/script>\n<!-- \/ Yoast SEO plugin. -->","yoast_head_json":{"title":"IVETTE CEPEDA \/ L'APERO DU SOUNDS - Sounds Jazz Club","robots":{"index":"index","follow":"follow","max-snippet":"max-snippet:-1","max-image-preview":"max-image-preview:large","max-video-preview":"max-video-preview:-1"},"canonical":"https:\/\/www.sounds.brussels\/nl\/jazz-concert\/ivette-cepeda-lapero-du-sounds\/","og_locale":"nl_NL","og_type":"article","og_title":"IVETTE CEPEDA \/ L'APERO DU SOUNDS - Sounds Jazz Club","og_description":"Ivette Cepeda, voix. Jos\u00e9 Luis Beltran, guitare. Cesar Guzman, guitare, fl\u00fbte traversi\u00e8re et tiple.","og_url":"https:\/\/www.sounds.brussels\/nl\/jazz-concert\/ivette-cepeda-lapero-du-sounds\/","og_site_name":"Sounds Jazz Club","article_modified_time":"2026-04-12T11:17:32+00:00","og_image":[{"width":600,"height":900,"url":"https:\/\/www.sounds.brussels\/wp-content\/uploads\/2026\/02\/2026-04-12-ivette-cepeda-l-apero-du-sounds-1771584939.jpg","type":"image\/jpeg"}],"twitter_card":"summary_large_image","schema":{"@context":"https:\/\/schema.org","@graph":[{"@type":"WebPage","@id":"https:\/\/www.sounds.brussels\/nl\/jazz-concert\/ivette-cepeda-lapero-du-sounds\/","url":"https:\/\/www.sounds.brussels\/nl\/jazz-concert\/ivette-cepeda-lapero-du-sounds\/","name":"IVETTE CEPEDA \/ L'APERO DU SOUNDS - Sounds Jazz Club","isPartOf":{"@id":"https:\/\/www.sounds.brussels\/nl\/#website"},"primaryImageOfPage":{"@id":"https:\/\/www.sounds.brussels\/nl\/jazz-concert\/ivette-cepeda-lapero-du-sounds\/#primaryimage"},"image":{"@id":"https:\/\/www.sounds.brussels\/nl\/jazz-concert\/ivette-cepeda-lapero-du-sounds\/#primaryimage"},"thumbnailUrl":"https:\/\/www.sounds.brussels\/wp-content\/uploads\/2026\/02\/2026-04-12-ivette-cepeda-l-apero-du-sounds-1771584939.jpg","datePublished":"2026-02-20T10:55:36+00:00","dateModified":"2026-04-12T11:17:32+00:00","breadcrumb":{"@id":"https:\/\/www.sounds.brussels\/nl\/jazz-concert\/ivette-cepeda-lapero-du-sounds\/#breadcrumb"},"inLanguage":"nl-NL","potentialAction":[{"@type":"ReadAction","target":["https:\/\/www.sounds.brussels\/nl\/jazz-concert\/ivette-cepeda-lapero-du-sounds\/"]}]},{"@type":"ImageObject","inLanguage":"nl-NL","@id":"https:\/\/www.sounds.brussels\/nl\/jazz-concert\/ivette-cepeda-lapero-du-sounds\/#primaryimage","url":"https:\/\/www.sounds.brussels\/wp-content\/uploads\/2026\/02\/2026-04-12-ivette-cepeda-l-apero-du-sounds-1771584939.jpg","contentUrl":"https:\/\/www.sounds.brussels\/wp-content\/uploads\/2026\/02\/2026-04-12-ivette-cepeda-l-apero-du-sounds-1771584939.jpg","width":600,"height":900},{"@type":"BreadcrumbList","@id":"https:\/\/www.sounds.brussels\/nl\/jazz-concert\/ivette-cepeda-lapero-du-sounds\/#breadcrumb","itemListElement":[{"@type":"ListItem","position":1,"name":"Accueil","item":"https:\/\/www.sounds.brussels\/nl\/"},{"@type":"ListItem","position":2,"name":"Producten","item":"https:\/\/www.sounds.brussels\/nl\/shop\/"},{"@type":"ListItem","position":3,"name":"IVETTE CEPEDA \/ L&#8217;APERO DU SOUNDS"}]},{"@type":"WebSite","@id":"https:\/\/www.sounds.brussels\/nl\/#website","url":"https:\/\/www.sounds.brussels\/nl\/","name":"Sounds Jazz Club","description":"","publisher":{"@id":"https:\/\/www.sounds.brussels\/nl\/#organization"},"potentialAction":[{"@type":"SearchAction","target":{"@type":"EntryPoint","urlTemplate":"https:\/\/www.sounds.brussels\/nl\/?s={search_term_string}"},"query-input":{"@type":"PropertyValueSpecification","valueRequired":true,"valueName":"search_term_string"}}],"inLanguage":"nl-NL"},{"@type":"Organization","@id":"https:\/\/www.sounds.brussels\/nl\/#organization","name":"Sounds Jazz Club","url":"https:\/\/www.sounds.brussels\/nl\/","logo":{"@type":"ImageObject","inLanguage":"nl-NL","@id":"https:\/\/www.sounds.brussels\/nl\/#\/schema\/logo\/image\/","url":"https:\/\/www.sounds.brussels\/wp-content\/uploads\/2023\/09\/logo-sounds-BlackRed-RGB-scaled.jpg","contentUrl":"https:\/\/www.sounds.brussels\/wp-content\/uploads\/2023\/09\/logo-sounds-BlackRed-RGB-scaled.jpg","width":2048,"height":1428,"caption":"Sounds Jazz Club"},"image":{"@id":"https:\/\/www.sounds.brussels\/nl\/#\/schema\/logo\/image\/"}}]}},"_links":{"self":[{"href":"https:\/\/www.sounds.brussels\/nl\/wp-json\/wp\/v2\/product\/163019","targetHints":{"allow":["GET"]}}],"collection":[{"href":"https:\/\/www.sounds.brussels\/nl\/wp-json\/wp\/v2\/product"}],"about":[{"href":"https:\/\/www.sounds.brussels\/nl\/wp-json\/wp\/v2\/types\/product"}],"author":[{"embeddable":true,"href":"https:\/\/www.sounds.brussels\/nl\/wp-json\/wp\/v2\/users\/8382"}],"replies":[{"embeddable":true,"href":"https:\/\/www.sounds.brussels\/nl\/wp-json\/wp\/v2\/comments?post=163019"}],"wp:featuredmedia":[{"embeddable":true,"href":"https:\/\/www.sounds.brussels\/nl\/wp-json\/wp\/v2\/media\/163028"}],"wp:attachment":[{"href":"https:\/\/www.sounds.brussels\/nl\/wp-json\/wp\/v2\/media?parent=163019"}],"wp:term":[{"taxonomy":"product_brand","embeddable":true,"href":"https:\/\/www.sounds.brussels\/nl\/wp-json\/wp\/v2\/product_brand?post=163019"},{"taxonomy":"product_cat","embeddable":true,"href":"https:\/\/www.sounds.brussels\/nl\/wp-json\/wp\/v2\/product_cat?post=163019"},{"taxonomy":"product_tag","embeddable":true,"href":"https:\/\/www.sounds.brussels\/nl\/wp-json\/wp\/v2\/product_tag?post=163019"}],"curies":[{"name":"wp","href":"https:\/\/api.w.org\/{rel}","templated":true}]}}