{"id":162476,"date":"2026-02-13T11:05:20","date_gmt":"2026-02-13T10:05:20","guid":{"rendered":"https:\/\/www.sounds.brussels\/?post_type=product&#038;p=162476"},"modified":"2026-03-31T17:51:15","modified_gmt":"2026-03-31T15:51:15","slug":"womufe-scene-ouverte-femmes-et-personnes-finta-4","status":"publish","type":"product","link":"https:\/\/www.sounds.brussels\/nl\/jazz-concert\/womufe-scene-ouverte-femmes-et-personnes-finta-4\/","title":{"rendered":"WOMUFE\/ SC\u00c8NE OUVERTE FEMMES ET PERSONNES FINTA"},"content":{"rendered":"","protected":false},"excerpt":{"rendered":"<p>Tempo Venus<br \/>\nArtiste-enseignante aux multiples langages, elle est chanteuse, danseuse, compositrice, pianiste, interpr\u00e8te et chercheuse en p\u00e9dagogie des arts vivants. Form\u00e9e au piano classique, et au cabaret, elle tisse une cr\u00e9ation libre o\u00f9 se rencontrent jazz, musiques du monde, percussion. Sur sc\u00e8ne, la voix devient souffle, le corps devient rythme, et la musique un espace vivant de pr\u00e9sence et de partage.<br \/>\nElle \u00e9crit et interpr\u00e8te des chansons d\u2019amour comme des actes de reliance. Port\u00e9e par une vision profond\u00e9ment humaniste, sa recherche artistique cherche \u00e0 rassembler, \u00e0 r\u00e9veiller l\u2019\u00e9coute sensible et \u00e0 cr\u00e9er des ponts entre les \u00eatres.<br \/>\nChaque performance est une invitation \u00e0 nous rencontrer avec tout ce que nous avons en commun malgr\u00e9 nos diff\u00e9rences : Un corps avec un c\u0153ur qui bat\u2026<\/p>\n","protected":false},"author":8382,"featured_media":162485,"comment_status":"closed","ping_status":"closed","template":"","meta":{"_acf_changed":false},"product_brand":[],"product_cat":[157],"product_tag":[],"class_list":{"0":"post-162476","1":"product","2":"type-product","3":"status-publish","4":"has-post-thumbnail","6":"product_cat-archived","8":"first","9":"instock","10":"shipping-taxable","11":"product-type-variable","12":"has-default-attributes","13":"nyp-product"},"acf":[],"yoast_head":"<!-- This site is optimized with the Yoast SEO plugin v26.9 - https:\/\/yoast.com\/product\/yoast-seo-wordpress\/ -->\n<title>WOMUFE\/ SC\u00c8NE OUVERTE FEMMES ET PERSONNES FINTA - Sounds Jazz Club<\/title>\n<meta name=\"robots\" content=\"index, follow, max-snippet:-1, max-image-preview:large, max-video-preview:-1\" \/>\n<link rel=\"canonical\" href=\"https:\/\/www.sounds.brussels\/nl\/jazz-concert\/womufe-scene-ouverte-femmes-et-personnes-finta-4\/\" \/>\n<meta property=\"og:locale\" content=\"nl_NL\" \/>\n<meta property=\"og:type\" content=\"article\" \/>\n<meta property=\"og:title\" content=\"WOMUFE\/ SC\u00c8NE OUVERTE FEMMES ET PERSONNES FINTA - Sounds Jazz Club\" \/>\n<meta property=\"og:description\" content=\"Tempo Venus Artiste-enseignante aux multiples langages, elle est chanteuse, danseuse, compositrice, pianiste, interpr\u00e8te et chercheuse en p\u00e9dagogie des arts vivants. Form\u00e9e au piano classique, et au cabaret, elle tisse une cr\u00e9ation libre o\u00f9 se rencontrent jazz, musiques du monde, percussion. Sur sc\u00e8ne, la voix devient souffle, le corps devient rythme, et la musique un espace vivant de pr\u00e9sence et de partage. Elle \u00e9crit et interpr\u00e8te des chansons d\u2019amour comme des actes de reliance. Port\u00e9e par une vision profond\u00e9ment humaniste, sa recherche artistique cherche \u00e0 rassembler, \u00e0 r\u00e9veiller l\u2019\u00e9coute sensible et \u00e0 cr\u00e9er des ponts entre les \u00eatres. Chaque performance est une invitation \u00e0 nous rencontrer avec tout ce que nous avons en commun malgr\u00e9 nos diff\u00e9rences : Un corps avec un c\u0153ur qui bat\u2026\" \/>\n<meta property=\"og:url\" content=\"https:\/\/www.sounds.brussels\/nl\/jazz-concert\/womufe-scene-ouverte-femmes-et-personnes-finta-4\/\" \/>\n<meta property=\"og:site_name\" content=\"Sounds Jazz Club\" \/>\n<meta property=\"article:modified_time\" content=\"2026-03-31T15:51:15+00:00\" \/>\n<meta property=\"og:image\" content=\"https:\/\/www.sounds.brussels\/wp-content\/uploads\/2026\/02\/2026-03-31-womufe-sc-ne-ouverte-femmes-et-personnes-finta-1770977121.jpg\" \/>\n\t<meta property=\"og:image:width\" content=\"1149\" \/>\n\t<meta property=\"og:image:height\" content=\"1436\" \/>\n\t<meta property=\"og:image:type\" content=\"image\/jpeg\" \/>\n<meta name=\"twitter:card\" content=\"summary_large_image\" \/>\n<script type=\"application\/ld+json\" class=\"yoast-schema-graph\">{\"@context\":\"https:\/\/schema.org\",\"@graph\":[{\"@type\":\"WebPage\",\"@id\":\"https:\/\/www.sounds.brussels\/nl\/jazz-concert\/womufe-scene-ouverte-femmes-et-personnes-finta-4\/\",\"url\":\"https:\/\/www.sounds.brussels\/nl\/jazz-concert\/womufe-scene-ouverte-femmes-et-personnes-finta-4\/\",\"name\":\"WOMUFE\/ SC\u00c8NE OUVERTE FEMMES ET PERSONNES FINTA - Sounds Jazz Club\",\"isPartOf\":{\"@id\":\"https:\/\/www.sounds.brussels\/nl\/#website\"},\"primaryImageOfPage\":{\"@id\":\"https:\/\/www.sounds.brussels\/nl\/jazz-concert\/womufe-scene-ouverte-femmes-et-personnes-finta-4\/#primaryimage\"},\"image\":{\"@id\":\"https:\/\/www.sounds.brussels\/nl\/jazz-concert\/womufe-scene-ouverte-femmes-et-personnes-finta-4\/#primaryimage\"},\"thumbnailUrl\":\"https:\/\/www.sounds.brussels\/wp-content\/uploads\/2026\/02\/2026-03-31-womufe-sc-ne-ouverte-femmes-et-personnes-finta-1770977121.jpg\",\"datePublished\":\"2026-02-13T10:05:20+00:00\",\"dateModified\":\"2026-03-31T15:51:15+00:00\",\"breadcrumb\":{\"@id\":\"https:\/\/www.sounds.brussels\/nl\/jazz-concert\/womufe-scene-ouverte-femmes-et-personnes-finta-4\/#breadcrumb\"},\"inLanguage\":\"nl-NL\",\"potentialAction\":[{\"@type\":\"ReadAction\",\"target\":[\"https:\/\/www.sounds.brussels\/nl\/jazz-concert\/womufe-scene-ouverte-femmes-et-personnes-finta-4\/\"]}]},{\"@type\":\"ImageObject\",\"inLanguage\":\"nl-NL\",\"@id\":\"https:\/\/www.sounds.brussels\/nl\/jazz-concert\/womufe-scene-ouverte-femmes-et-personnes-finta-4\/#primaryimage\",\"url\":\"https:\/\/www.sounds.brussels\/wp-content\/uploads\/2026\/02\/2026-03-31-womufe-sc-ne-ouverte-femmes-et-personnes-finta-1770977121.jpg\",\"contentUrl\":\"https:\/\/www.sounds.brussels\/wp-content\/uploads\/2026\/02\/2026-03-31-womufe-sc-ne-ouverte-femmes-et-personnes-finta-1770977121.jpg\",\"width\":1149,\"height\":1436},{\"@type\":\"BreadcrumbList\",\"@id\":\"https:\/\/www.sounds.brussels\/nl\/jazz-concert\/womufe-scene-ouverte-femmes-et-personnes-finta-4\/#breadcrumb\",\"itemListElement\":[{\"@type\":\"ListItem\",\"position\":1,\"name\":\"Accueil\",\"item\":\"https:\/\/www.sounds.brussels\/nl\/\"},{\"@type\":\"ListItem\",\"position\":2,\"name\":\"Producten\",\"item\":\"https:\/\/www.sounds.brussels\/nl\/shop\/\"},{\"@type\":\"ListItem\",\"position\":3,\"name\":\"WOMUFE\/ SC\u00c8NE OUVERTE FEMMES ET PERSONNES FINTA\"}]},{\"@type\":\"WebSite\",\"@id\":\"https:\/\/www.sounds.brussels\/nl\/#website\",\"url\":\"https:\/\/www.sounds.brussels\/nl\/\",\"name\":\"Sounds Jazz Club\",\"description\":\"\",\"publisher\":{\"@id\":\"https:\/\/www.sounds.brussels\/nl\/#organization\"},\"potentialAction\":[{\"@type\":\"SearchAction\",\"target\":{\"@type\":\"EntryPoint\",\"urlTemplate\":\"https:\/\/www.sounds.brussels\/nl\/?s={search_term_string}\"},\"query-input\":{\"@type\":\"PropertyValueSpecification\",\"valueRequired\":true,\"valueName\":\"search_term_string\"}}],\"inLanguage\":\"nl-NL\"},{\"@type\":\"Organization\",\"@id\":\"https:\/\/www.sounds.brussels\/nl\/#organization\",\"name\":\"Sounds Jazz Club\",\"url\":\"https:\/\/www.sounds.brussels\/nl\/\",\"logo\":{\"@type\":\"ImageObject\",\"inLanguage\":\"nl-NL\",\"@id\":\"https:\/\/www.sounds.brussels\/nl\/#\/schema\/logo\/image\/\",\"url\":\"https:\/\/www.sounds.brussels\/wp-content\/uploads\/2023\/09\/logo-sounds-BlackRed-RGB-scaled.jpg\",\"contentUrl\":\"https:\/\/www.sounds.brussels\/wp-content\/uploads\/2023\/09\/logo-sounds-BlackRed-RGB-scaled.jpg\",\"width\":2048,\"height\":1428,\"caption\":\"Sounds Jazz Club\"},\"image\":{\"@id\":\"https:\/\/www.sounds.brussels\/nl\/#\/schema\/logo\/image\/\"}}]}<\/script>\n<!-- \/ Yoast SEO plugin. -->","yoast_head_json":{"title":"WOMUFE\/ SC\u00c8NE OUVERTE FEMMES ET PERSONNES FINTA - Sounds Jazz Club","robots":{"index":"index","follow":"follow","max-snippet":"max-snippet:-1","max-image-preview":"max-image-preview:large","max-video-preview":"max-video-preview:-1"},"canonical":"https:\/\/www.sounds.brussels\/nl\/jazz-concert\/womufe-scene-ouverte-femmes-et-personnes-finta-4\/","og_locale":"nl_NL","og_type":"article","og_title":"WOMUFE\/ SC\u00c8NE OUVERTE FEMMES ET PERSONNES FINTA - Sounds Jazz Club","og_description":"Tempo Venus Artiste-enseignante aux multiples langages, elle est chanteuse, danseuse, compositrice, pianiste, interpr\u00e8te et chercheuse en p\u00e9dagogie des arts vivants. Form\u00e9e au piano classique, et au cabaret, elle tisse une cr\u00e9ation libre o\u00f9 se rencontrent jazz, musiques du monde, percussion. Sur sc\u00e8ne, la voix devient souffle, le corps devient rythme, et la musique un espace vivant de pr\u00e9sence et de partage. Elle \u00e9crit et interpr\u00e8te des chansons d\u2019amour comme des actes de reliance. Port\u00e9e par une vision profond\u00e9ment humaniste, sa recherche artistique cherche \u00e0 rassembler, \u00e0 r\u00e9veiller l\u2019\u00e9coute sensible et \u00e0 cr\u00e9er des ponts entre les \u00eatres. Chaque performance est une invitation \u00e0 nous rencontrer avec tout ce que nous avons en commun malgr\u00e9 nos diff\u00e9rences : Un corps avec un c\u0153ur qui bat\u2026","og_url":"https:\/\/www.sounds.brussels\/nl\/jazz-concert\/womufe-scene-ouverte-femmes-et-personnes-finta-4\/","og_site_name":"Sounds Jazz Club","article_modified_time":"2026-03-31T15:51:15+00:00","og_image":[{"width":1149,"height":1436,"url":"https:\/\/www.sounds.brussels\/wp-content\/uploads\/2026\/02\/2026-03-31-womufe-sc-ne-ouverte-femmes-et-personnes-finta-1770977121.jpg","type":"image\/jpeg"}],"twitter_card":"summary_large_image","schema":{"@context":"https:\/\/schema.org","@graph":[{"@type":"WebPage","@id":"https:\/\/www.sounds.brussels\/nl\/jazz-concert\/womufe-scene-ouverte-femmes-et-personnes-finta-4\/","url":"https:\/\/www.sounds.brussels\/nl\/jazz-concert\/womufe-scene-ouverte-femmes-et-personnes-finta-4\/","name":"WOMUFE\/ SC\u00c8NE OUVERTE FEMMES ET PERSONNES FINTA - Sounds Jazz Club","isPartOf":{"@id":"https:\/\/www.sounds.brussels\/nl\/#website"},"primaryImageOfPage":{"@id":"https:\/\/www.sounds.brussels\/nl\/jazz-concert\/womufe-scene-ouverte-femmes-et-personnes-finta-4\/#primaryimage"},"image":{"@id":"https:\/\/www.sounds.brussels\/nl\/jazz-concert\/womufe-scene-ouverte-femmes-et-personnes-finta-4\/#primaryimage"},"thumbnailUrl":"https:\/\/www.sounds.brussels\/wp-content\/uploads\/2026\/02\/2026-03-31-womufe-sc-ne-ouverte-femmes-et-personnes-finta-1770977121.jpg","datePublished":"2026-02-13T10:05:20+00:00","dateModified":"2026-03-31T15:51:15+00:00","breadcrumb":{"@id":"https:\/\/www.sounds.brussels\/nl\/jazz-concert\/womufe-scene-ouverte-femmes-et-personnes-finta-4\/#breadcrumb"},"inLanguage":"nl-NL","potentialAction":[{"@type":"ReadAction","target":["https:\/\/www.sounds.brussels\/nl\/jazz-concert\/womufe-scene-ouverte-femmes-et-personnes-finta-4\/"]}]},{"@type":"ImageObject","inLanguage":"nl-NL","@id":"https:\/\/www.sounds.brussels\/nl\/jazz-concert\/womufe-scene-ouverte-femmes-et-personnes-finta-4\/#primaryimage","url":"https:\/\/www.sounds.brussels\/wp-content\/uploads\/2026\/02\/2026-03-31-womufe-sc-ne-ouverte-femmes-et-personnes-finta-1770977121.jpg","contentUrl":"https:\/\/www.sounds.brussels\/wp-content\/uploads\/2026\/02\/2026-03-31-womufe-sc-ne-ouverte-femmes-et-personnes-finta-1770977121.jpg","width":1149,"height":1436},{"@type":"BreadcrumbList","@id":"https:\/\/www.sounds.brussels\/nl\/jazz-concert\/womufe-scene-ouverte-femmes-et-personnes-finta-4\/#breadcrumb","itemListElement":[{"@type":"ListItem","position":1,"name":"Accueil","item":"https:\/\/www.sounds.brussels\/nl\/"},{"@type":"ListItem","position":2,"name":"Producten","item":"https:\/\/www.sounds.brussels\/nl\/shop\/"},{"@type":"ListItem","position":3,"name":"WOMUFE\/ SC\u00c8NE OUVERTE FEMMES ET PERSONNES FINTA"}]},{"@type":"WebSite","@id":"https:\/\/www.sounds.brussels\/nl\/#website","url":"https:\/\/www.sounds.brussels\/nl\/","name":"Sounds Jazz Club","description":"","publisher":{"@id":"https:\/\/www.sounds.brussels\/nl\/#organization"},"potentialAction":[{"@type":"SearchAction","target":{"@type":"EntryPoint","urlTemplate":"https:\/\/www.sounds.brussels\/nl\/?s={search_term_string}"},"query-input":{"@type":"PropertyValueSpecification","valueRequired":true,"valueName":"search_term_string"}}],"inLanguage":"nl-NL"},{"@type":"Organization","@id":"https:\/\/www.sounds.brussels\/nl\/#organization","name":"Sounds Jazz Club","url":"https:\/\/www.sounds.brussels\/nl\/","logo":{"@type":"ImageObject","inLanguage":"nl-NL","@id":"https:\/\/www.sounds.brussels\/nl\/#\/schema\/logo\/image\/","url":"https:\/\/www.sounds.brussels\/wp-content\/uploads\/2023\/09\/logo-sounds-BlackRed-RGB-scaled.jpg","contentUrl":"https:\/\/www.sounds.brussels\/wp-content\/uploads\/2023\/09\/logo-sounds-BlackRed-RGB-scaled.jpg","width":2048,"height":1428,"caption":"Sounds Jazz Club"},"image":{"@id":"https:\/\/www.sounds.brussels\/nl\/#\/schema\/logo\/image\/"}}]}},"_links":{"self":[{"href":"https:\/\/www.sounds.brussels\/nl\/wp-json\/wp\/v2\/product\/162476","targetHints":{"allow":["GET"]}}],"collection":[{"href":"https:\/\/www.sounds.brussels\/nl\/wp-json\/wp\/v2\/product"}],"about":[{"href":"https:\/\/www.sounds.brussels\/nl\/wp-json\/wp\/v2\/types\/product"}],"author":[{"embeddable":true,"href":"https:\/\/www.sounds.brussels\/nl\/wp-json\/wp\/v2\/users\/8382"}],"replies":[{"embeddable":true,"href":"https:\/\/www.sounds.brussels\/nl\/wp-json\/wp\/v2\/comments?post=162476"}],"wp:featuredmedia":[{"embeddable":true,"href":"https:\/\/www.sounds.brussels\/nl\/wp-json\/wp\/v2\/media\/162485"}],"wp:attachment":[{"href":"https:\/\/www.sounds.brussels\/nl\/wp-json\/wp\/v2\/media?parent=162476"}],"wp:term":[{"taxonomy":"product_brand","embeddable":true,"href":"https:\/\/www.sounds.brussels\/nl\/wp-json\/wp\/v2\/product_brand?post=162476"},{"taxonomy":"product_cat","embeddable":true,"href":"https:\/\/www.sounds.brussels\/nl\/wp-json\/wp\/v2\/product_cat?post=162476"},{"taxonomy":"product_tag","embeddable":true,"href":"https:\/\/www.sounds.brussels\/nl\/wp-json\/wp\/v2\/product_tag?post=162476"}],"curies":[{"name":"wp","href":"https:\/\/api.w.org\/{rel}","templated":true}]}}