{"id":85133,"date":"2021-09-15T14:02:58","date_gmt":"2021-09-15T12:02:58","guid":{"rendered":"https:\/\/www.sounds.brussels\/the-jazz-club\/"},"modified":"2024-08-02T17:48:07","modified_gmt":"2024-08-02T15:48:07","slug":"jazz-club","status":"publish","type":"page","link":"https:\/\/www.sounds.brussels\/nl\/jazz-club\/","title":{"rendered":"The jazz club"},"content":{"rendered":"<div class=\"wpb-content-wrapper\"><p>[vc_row row_height_percent=&#8221;0&#8243; back_image=&#8221;84951&#8243; overlay_color=&#8221;color-rgdb&#8221; overlay_alpha=&#8221;20&#8243; gutter_size=&#8221;3&#8243; column_width_percent=&#8221;100&#8243; shift_y=&#8221;0&#8243; z_index=&#8221;0&#8243; row_height_pixel=&#8221;300&#8243;][vc_column column_width_percent=&#8221;100&#8243; position_vertical=&#8221;middle&#8221; align_horizontal=&#8221;align_center&#8221; gutter_size=&#8221;3&#8243; overlay_alpha=&#8221;50&#8243; shift_x=&#8221;0&#8243; shift_y=&#8221;0&#8243; shift_y_down=&#8221;0&#8243; z_index=&#8221;0&#8243; medium_width=&#8221;0&#8243; mobile_width=&#8221;0&#8243; width=&#8221;1\/1&#8243;][vc_custom_heading text_color=&#8221;color-xsdn&#8221;]HET BESTE VAN DE JAZZ SINDS 1986\u2026[\/vc_custom_heading][\/vc_column][\/vc_row][vc_row][vc_column column_width_percent=&#8221;80&#8243; gutter_size=&#8221;3&#8243; overlay_alpha=&#8221;50&#8243; shift_x=&#8221;0&#8243; shift_y=&#8221;0&#8243; shift_y_down=&#8221;0&#8243; z_index=&#8221;0&#8243; medium_width=&#8221;0&#8243; mobile_width=&#8221;0&#8243; width=&#8221;1\/1&#8243;][vc_column_text]Toen Sergio Duvaloni en Rosy Merlini in Brussel toekwamen in de zomer van 1985 planden ze maar enkele maanden te blijven. Tijdens een toevallig gesprek met een taxichauffeur hoorde Sergio dat een zaak te koop was in de Tulpenstraat, nummer 28. Hij werd op slag verliefd op het gebouw en besloot het voor de verjaardag van Rosy te kopen. Wat begon als een rock- en rhythm &amp; blues caf\u00e9 evolueerde naar een jazzclub op advies van Brusselse jazzclublegende Pol Lenders, wiens eigen Bierodrome zich op een steenworp afstand bevond.[\/vc_column_text][vc_column_text]Sindsdien zijn de beste moderne Belgische jazzmuzikanten de revue gepasseerd, waaronder Philip Catherine, Aka Moon en Steve Houben. De club werd ook een stapsteen voor vele artiesten die enkele jaren later bij de pijlers van de Belgische jazz zouden horen: Eric Legnini, de Brussels Jazz Orchestra, Octurn, Nathalie Loriers, M\u00e9lanie De Biasio, Daniel Rom\u00e9o, Jef Neve, Greg Houben, Pascal Mohy, Jean-Paul Esti\u00e9venart, Antoine Pierre, Igor Gehenot en Margaux Vranken, om er maar enkele te noemen\u2026 De reputatie van de club verspreidde zich over de hele wereld en opende de deuren voor internationaal bekende artiesten zoals Charlie Mariano, Joe LaBarbera, John Abercrombie, Paolo Fresu, Mark Turner, John Scofield, Rosario Giuliani, Jonathan Kreisberg en Jacky Terrasson.[\/vc_column_text][vc_column_text]De Sounds overleefde elke crisis, organiseerde befaamde jamsessies en bood groepen de mogelijkheid aan om regelmatig te spelen en repertoire uit te bouwen onder het nauwlettende oog van haar legendarische bazen.[\/vc_column_text][\/vc_column][\/vc_row][vc_row row_height_percent=&#8221;0&#8243; back_image=&#8221;84945&#8243; overlay_color=&#8221;color-rgdb&#8221; overlay_alpha=&#8221;20&#8243; gutter_size=&#8221;3&#8243; column_width_percent=&#8221;100&#8243; shift_y=&#8221;0&#8243; z_index=&#8221;0&#8243; row_height_pixel=&#8221;300&#8243;][vc_column column_width_percent=&#8221;100&#8243; position_vertical=&#8221;middle&#8221; align_horizontal=&#8221;align_center&#8221; gutter_size=&#8221;3&#8243; overlay_alpha=&#8221;50&#8243; shift_x=&#8221;0&#8243; shift_y=&#8221;0&#8243; shift_y_down=&#8221;0&#8243; z_index=&#8221;0&#8243; medium_width=&#8221;0&#8243; mobile_width=&#8221;0&#8243; width=&#8221;1\/1&#8243;][vc_custom_heading text_color=&#8221;color-xsdn&#8221;]NA 34 JAAR AAN HET ROER EN MIDDENIN DE WERELDWIJDE CORONAPANDEMIE VERKOCHTEN ROSY EN SERGIO HET GEBOUW[\/vc_custom_heading][\/vc_column][\/vc_row][vc_row][vc_column column_width_percent=&#8221;80&#8243; gutter_size=&#8221;3&#8243; overlay_alpha=&#8221;50&#8243; shift_x=&#8221;0&#8243; shift_y=&#8221;0&#8243; shift_y_down=&#8221;0&#8243; z_index=&#8221;0&#8243; medium_width=&#8221;0&#8243; mobile_width=&#8221;0&#8243; width=&#8221;1\/1&#8243;][vc_column_text uncode_shortcode_id=&#8221;179712&#8243;]<span style=\"font-weight: 400;\">De non-profitorganisatie Buen Vivir kocht 28 rue de la Tulipe om er haar activiteiten op het gebied van mensenrechtenverzet en weerbaarheid uit te voeren, en cre\u00eberde zo het programma Sounds Resist. Maar de nieuwe eigenaars wilden ook de continu\u00efteit en de ontwikkeling van de Sounds Jazz Club verzekeren. Daarom namen ze contact op met Joachim Caffonnette, een pijler van de non-profit muzikale activiteiten in Brussel en zelf een muzikant die zijn eerste stappen had gezet op het podium van Sounds, die de VZW Sounds Live oprichtte. De samenwerking duurde 3 jaar en de twee organisaties ontwikkelden enkele zeer goede programma&#8217;s. Na twee jaar en een langdurige bemiddeling kwamen de twee organisaties echter tot de conclusie dat het niet mogelijk was om de zaal samen te runnen en kwamen ze overeen dat de vzw Sounds Live na het einde van het seizoen 2023-2024 haar activiteiten elders zou ontwikkelen, terwijl de vzw Sounds Resist ter plaatse zou blijven om zowel de Sounds Jazz Club als het Resist-programma met wereldmuziek en ge\u00ebngageerde muziek te runnen. <\/span>[\/vc_column_text][vc_column_text uncode_shortcode_id=&#8221;200002&#8243;]<span style=\"font-weight: 400;\">Buen Vivir beheert met haar vzw Sounds Resist ook de Manolis Glezoszaal voor beeldende kunsten (op de eerste verdieping van Sounds) en het cultureel centrum Buen Vivir Space op Place Cocq 23.<\/span>[\/vc_column_text][\/vc_column][\/vc_row][vc_row row_height_percent=&#8221;0&#8243; back_image=&#8221;84970&#8243; overlay_color=&#8221;color-rgdb&#8221; overlay_alpha=&#8221;20&#8243; gutter_size=&#8221;3&#8243; column_width_percent=&#8221;100&#8243; shift_y=&#8221;0&#8243; z_index=&#8221;0&#8243; row_height_pixel=&#8221;300&#8243;][vc_column column_width_percent=&#8221;100&#8243; position_vertical=&#8221;middle&#8221; align_horizontal=&#8221;align_center&#8221; gutter_size=&#8221;3&#8243; overlay_alpha=&#8221;50&#8243; shift_x=&#8221;0&#8243; shift_y=&#8221;0&#8243; shift_y_down=&#8221;0&#8243; z_index=&#8221;0&#8243; medium_width=&#8221;0&#8243; mobile_width=&#8221;0&#8243; width=&#8221;1\/1&#8243;][vc_custom_heading text_color=&#8221;color-xsdn&#8221;]SOUNDS LIVE WIL GRAAG IEDEREEN BEDANKEN DIE AAN DE HEROPENING VAN DE CLUB IN 2021 BIJDROEG[\/vc_custom_heading][\/vc_column][\/vc_row][vc_row][vc_column column_width_percent=&#8221;80&#8243; gutter_size=&#8221;3&#8243; overlay_alpha=&#8221;50&#8243; shift_x=&#8221;0&#8243; shift_y=&#8221;0&#8243; shift_y_down=&#8221;0&#8243; z_index=&#8221;0&#8243; medium_width=&#8221;0&#8243; mobile_width=&#8221;0&#8243; width=&#8221;1\/3&#8243;][vc_column_text]V\u00e9ronique Goffin<br \/>\nFrederic Krivine<br \/>\nAnne-marie Loop<br \/>\nMichel De Bock<br \/>\nAgnes Limbos<br \/>\nGilles Rolland<br \/>\nEmmanuel Andr\u00e9<br \/>\nGenevieve Bruyndonckx<br \/>\nClaire Mairiaux<br \/>\nXavier Pique<br \/>\nPhilippe Quevauviller<br \/>\nSoraya Soussi<br \/>\nYan Savoye<br \/>\nMartin Salemi<br \/>\nJulien Marga<br \/>\nLeticia Martinez<br \/>\nRob Spelberg<br \/>\nCatherine Lorge<br \/>\nLorenzo Di Maio<br \/>\nCoraline Couvreur<br \/>\nBarbara Wiernik<br \/>\nNicolas Limbos<br \/>\nSerge Sluyts<br \/>\nV\u00e9ronique Hocq<br \/>\nCedric Alter<br \/>\nCraig Winneker<br \/>\nStephanie van Rossum<br \/>\nClaudia Spinelli<br \/>\nMark Somers<br \/>\nLilas-Siam Farvaque<br \/>\nAnu Junnonen<br \/>\nDaniel Romeo<br \/>\nMarie Lechat<br \/>\nDan Whieldon<br \/>\nVadim Faucon<br \/>\nRicardo Rodriguez Chamorro<br \/>\nPedro Coelho<br \/>\nAlain Gennart<br \/>\nFilippe Caporali<br \/>\nMarc-Henri Cykiert<br \/>\nIsabelle Schmit<br \/>\nChristine Rygaert<br \/>\nMike Florida<br \/>\nEmilie Larcier<br \/>\nAnne Casterman<br \/>\nChristian Verlent<br \/>\nEric Cattoir<br \/>\nManuel Versaen<br \/>\nDelphine Cugnon<br \/>\nMartine Cohen Cohen<br \/>\nPeppino Capotondi<br \/>\nShoko Igarashi<br \/>\nJasmien Geijsels<br \/>\nJonathan Todd<br \/>\nDenis Deschodt<br \/>\nAdeline Slosse<br \/>\nJacques Prouvost<br \/>\nStefan Boc<br \/>\nMarco Frabza<br \/>\nSandrine Demeure<br \/>\nAntoine Lambertz<br \/>\nEug\u00e9nie Panopoulos<br \/>\nYves Tassin<br \/>\nBruno Grollet<br \/>\nJohannes Boner<br \/>\nThomas Frand<br \/>\nAlexander Drechsel<br \/>\nFred Williaume<br \/>\nDomenico Campogrande<br \/>\nAnnalisa Tessarolo<br \/>\nJ\u00e9r\u00f4me Sneessens<br \/>\nPatrick Vanwynsberghe<br \/>\nSarah Walravens<br \/>\nKaty Saudmont<br \/>\nMarika Simmons<br \/>\nNicolas Thys<br \/>\nGreg Lamy<br \/>\nAristide d&#8217;Agostino<br \/>\nAlexandre Chaidron<br \/>\nAngeliki Kallianou<br \/>\npatrick ghislain<br \/>\nKoben Sprengers<br \/>\nTimoth\u00e9 le Maire<br \/>\nBenjamin Jesuran<br \/>\nGuillaume Schweicher<br \/>\nJ\u00fcrgen Wettig<br \/>\nAlexandre Furnelle<br \/>\nMichel Damsin<br \/>\nPaul Garner<br \/>\nJip Van Besouw<br \/>\nJulien Wadin<br \/>\nDominique Vanhulst<br \/>\nBrigitte Flabat<br \/>\nLuc Detroux<br \/>\nCaroline Decerfayt<br \/>\nBart Verlooy<br \/>\nPascal Bley<br \/>\nAlison Hunter<br \/>\nAndr\u00e9 Pening<br \/>\nRodrigo Castilho Maldonado<br \/>\nPierre Saint-Germier<br \/>\nAnette Haurum<br \/>\nGil Mortio<br \/>\nEle Par<br \/>\nFran\u00e7ois Brouwer[\/vc_column_text][\/vc_column][vc_column width=&#8221;1\/3&#8243;][vc_column_text]Emmanuelle Pottier<br \/>\nMarie Brouwer<br \/>\nCarl Devos<br \/>\nxavier tribolet<br \/>\nMarc Levaux<br \/>\nF\u00e9lix Zurstrassen<br \/>\nAmaury Boucher<br \/>\nPatrick Printz<br \/>\nMartine Chamiec<br \/>\nThomas Claus<br \/>\nVirginie Lamury<br \/>\nOlivier Raeymaekers<br \/>\nBastien Paternotte<br \/>\nMarc Pitz<br \/>\nAnya Verkamp<br \/>\nLuc blyaert<br \/>\nGino Lattuca<br \/>\nCasimir Liberski<br \/>\nPhilippe Curatolo<br \/>\nThomas Mayade<br \/>\nCaroline Gastaldi<br \/>\nPhilippe Santini<br \/>\nNatacha Langerman<br \/>\nThierry Plas<br \/>\nBart Defoort<br \/>\nRowald Pruijn<br \/>\nAbdelkrim Daoud<br \/>\nBert Mignolet<br \/>\nMary Lou<br \/>\nFlorence Kohnen<br \/>\nGeorges Van Snick<br \/>\nJulie Heraud<br \/>\nEduardo Pisani<br \/>\nJean-louis Rassinfosse<br \/>\nMaxime Stapelle<br \/>\nEmmanuel Bairy<br \/>\nLucie Herickx<br \/>\nDanielle Denis<br \/>\nLo\u00efs Le Van<br \/>\nV\u00e9ronique Philips<br \/>\nFabien Degryse<br \/>\nG\u00e9rald Bibot<br \/>\nFederico Milone<br \/>\nAchille Gabry<br \/>\nThomas grimmonprez<br \/>\nSt\u00e9phane Galland<br \/>\nPatrick Demaret<br \/>\nGuy Vanderputten<br \/>\nFrederic Malempre<br \/>\nWafaa Hammich<br \/>\nPaul Meller<br \/>\nCamille Cuvier<br \/>\nStefan Liberski<br \/>\nDaniele Martini<br \/>\nEva Sayer<br \/>\nSarah Walravens<br \/>\nNo\u00e9 Pestiaux<br \/>\nIsabelle Graff<br \/>\nPaul Van Vynckt<br \/>\nAlasdair Reid<br \/>\nMaayan Smith<br \/>\nElisabeth Hoorens<br \/>\nThierry Syfer<br \/>\nAnne Wolf<br \/>\nMarco Locurcio<br \/>\nMyriam Mollet<br \/>\nThibault Dille<br \/>\nJean-Fran\u00e7ois Fetu<br \/>\nOlivier Beressi<br \/>\nPauline Lavagna<br \/>\nPierre Coheur<br \/>\nBaptiste Baily<br \/>\nPierre-Antoine Savoyat<br \/>\nPierre Martin<br \/>\nGladys Touly<br \/>\nFabrice Dusch<br \/>\nVal\u00e9rie Wilquet<br \/>\nThomas Steyaert<br \/>\nMaarten Van Rousselt<br \/>\nJean-Fran\u00e7ois Prins<br \/>\nBenjamin Sauzereau<br \/>\nVal\u00e9rie Defr\u00e8ne<br \/>\nEmmanuel Dubar<br \/>\nJean-Philippe Nachtergaele<br \/>\nJulien Gillain<br \/>\nPierre de Surg\u00e8res<br \/>\nAnne-Lise Troutet<br \/>\nGilles Fleury<br \/>\nJM Meganck<br \/>\nBethleem Dubois<br \/>\nMatteo Di Leonardo<br \/>\nNicolas Loozen<br \/>\nLone Henriksen<br \/>\nFrancesco Marchetti<br \/>\nLoraine Phillips<br \/>\nMichel de JAER<br \/>\nJerome Klein<br \/>\nFergal Driver<br \/>\nFederica Morelli<br \/>\nJoannes Van Duffel<br \/>\nSylvain Debaisieux<br \/>\nGilles Carlier<br \/>\nRenaud Person<br \/>\nMichele Benvenuti<br \/>\nJacques Onan[\/vc_column_text][\/vc_column][vc_column width=&#8221;1\/3&#8243;][vc_column_text]Lionel beuvens<br \/>\nLaurence Cousseau<br \/>\nAnnemie Osborne<br \/>\nMichel Vrydag<br \/>\nGuillaume Gillain<br \/>\nMichel Elinckx<br \/>\nAlain Kentos<br \/>\nJesse Dockx<br \/>\nMichel Par\u00e9<br \/>\nPhilippe Bruno<br \/>\nMartin Devenney<br \/>\nBob De Marco<br \/>\nGil Paon<br \/>\nJean-Olivier Maillette<br \/>\nWilfried Van Mol<br \/>\nGeoffrey Fiorese<br \/>\nNicholas Bertolaso<br \/>\nJulien Vannson<br \/>\nFlorence Veys<br \/>\nPierre Vaiana<br \/>\nMonique Andr\u00e9<br \/>\nPedro Lopez de Pablo<br \/>\nMatthias Van den Brande<br \/>\nMiguel Montarelo<br \/>\nValentine Wastiau<br \/>\nMathieu Najean<br \/>\nRomeo Iannucci<br \/>\nV\u00e9ronique Bruyndonckx<br \/>\nAna Torres<br \/>\nMartin Bauer<br \/>\nClaude Hoffmann<br \/>\nPeter Easton<br \/>\nRafa\u00ebl Castro<br \/>\nMaria Aldanas<br \/>\nJean-Jacques Coppee<br \/>\nRenaud De Heyn<br \/>\nViktor Nyberg<br \/>\nJordi De Beule<br \/>\nSophie Fortemps<br \/>\nCedric Raymond<br \/>\nPhilippe Vienne<br \/>\nRik De Deyn<br \/>\nAlexandrine Demblon<br \/>\nDorian Dumont<br \/>\nEve Beuvens<br \/>\nGeorges Van hoorickx<br \/>\nFabian Hidalgo<br \/>\nTorben Toft<br \/>\nVictoire de Gourcuff<br \/>\nBert Droushoudt<br \/>\nGaetan Casteels<br \/>\nRiccardo Don\u00e0 Domeneghetti<br \/>\nColette Ledent<br \/>\nOlivier Vander Bauwede<br \/>\nJuliette Bruyndonckx<br \/>\nOlivier Vander Bauwede<br \/>\nGuillaume Malempr\u00e9<br \/>\nTiffany Daspect<br \/>\nOlivier Degryse<br \/>\nVincent Dieudonn\u00e9<br \/>\nArthur Possing<br \/>\nArthur Hirtz<br \/>\nBerengere Cornez<br \/>\nAntoine Pierre<br \/>\nJos\u00e9 Buc<br \/>\nMichel Mainil<br \/>\nNicolas Fiszman<br \/>\nTh\u00e9o Zipper<br \/>\nMathieu Noirhomme<br \/>\nAntonio Astorino<br \/>\nJean-Louis Hennart<br \/>\nPaul Abboud<br \/>\nBlandine Favier<br \/>\nAmelie de Spot<br \/>\nRoger Vantilt<br \/>\nPaskal Drapier<br \/>\nFabrice Alleman<br \/>\nNicolas Schaeffer<br \/>\nJo Govaerts<br \/>\nMarianna Mattera<br \/>\nClement Piment<br \/>\nLydia Reichenberg<br \/>\nFran\u00e7ois Garny<br \/>\nkevin hoorens<br \/>\nGonzalo Rodriguez Diaz<br \/>\nPamela Malempre<br \/>\nMariama Errami<br \/>\nS\u00e9bastien Jacques<br \/>\nB B<br \/>\nGeoff Meade<br \/>\nJean-Pol Schroeder<br \/>\nThomas Champagne<br \/>\nJ\u00f8rgen Skov S\u00f8rensen<br \/>\nStephanie Bertrand<br \/>\nDana Petre<br \/>\nLucas Vanderputten<br \/>\nNoemi Chausidis<br \/>\nBernard Guyot<br \/>\nLeentje Arnouts<br \/>\nLuc Quadflieg<br \/>\nAlice Kuczkiewicz<br \/>\nMuriel Beckers<br \/>\nClaire Vk<br \/>\nJulien Guilloux<br \/>\nFlorence Jumeau<br \/>\nThomas Maillet[\/vc_column_text][\/vc_column][\/vc_row]<\/p>\n<\/div>","protected":false},"excerpt":{"rendered":"<p>[vc_row row_height_percent=&#8221;0&#8243; back_image=&#8221;84951&#8243; overlay_color=&#8221;color-rgdb&#8221; overlay_alpha=&#8221;20&#8243; gutter_size=&#8221;3&#8243; column_width_percent=&#8221;100&#8243; shift_y=&#8221;0&#8243; z_index=&#8221;0&#8243; row_height_pixel=&#8221;300&#8243;][vc_column column_width_percent=&#8221;100&#8243; position_vertical=&#8221;middle&#8221; align_horizontal=&#8221;align_center&#8221; gutter_size=&#8221;3&#8243; overlay_alpha=&#8221;50&#8243; shift_x=&#8221;0&#8243; shift_y=&#8221;0&#8243; shift_y_down=&#8221;0&#8243; z_index=&#8221;0&#8243; medium_width=&#8221;0&#8243; [&hellip;]<\/p>\n","protected":false},"author":1,"featured_media":0,"parent":0,"menu_order":0,"comment_status":"closed","ping_status":"closed","template":"","meta":{"_acf_changed":false,"footnotes":""},"class_list":["post-85133","page","type-page","status-publish","hentry"],"acf":[],"yoast_head":"<!-- This site is optimized with the Yoast SEO plugin v26.9 - https:\/\/yoast.com\/product\/yoast-seo-wordpress\/ -->\n<title>The jazz club - Sounds Jazz Club<\/title>\n<meta name=\"robots\" content=\"index, follow, max-snippet:-1, max-image-preview:large, max-video-preview:-1\" \/>\n<link rel=\"canonical\" href=\"https:\/\/www.sounds.brussels\/nl\/jazz-club\/\" \/>\n<meta property=\"og:locale\" content=\"nl_NL\" \/>\n<meta property=\"og:type\" content=\"article\" \/>\n<meta property=\"og:title\" content=\"The jazz club - Sounds Jazz Club\" \/>\n<meta property=\"og:description\" content=\"[vc_row row_height_percent=&#8221;0&#8243; back_image=&#8221;84951&#8243; overlay_color=&#8221;color-rgdb&#8221; overlay_alpha=&#8221;20&#8243; gutter_size=&#8221;3&#8243; column_width_percent=&#8221;100&#8243; shift_y=&#8221;0&#8243; z_index=&#8221;0&#8243; row_height_pixel=&#8221;300&#8243;][vc_column column_width_percent=&#8221;100&#8243; position_vertical=&#8221;middle&#8221; align_horizontal=&#8221;align_center&#8221; gutter_size=&#8221;3&#8243; overlay_alpha=&#8221;50&#8243; shift_x=&#8221;0&#8243; shift_y=&#8221;0&#8243; shift_y_down=&#8221;0&#8243; z_index=&#8221;0&#8243; medium_width=&#8221;0&#8243; [&hellip;]\" \/>\n<meta property=\"og:url\" content=\"https:\/\/www.sounds.brussels\/nl\/jazz-club\/\" \/>\n<meta property=\"og:site_name\" content=\"Sounds Jazz Club\" \/>\n<meta property=\"article:modified_time\" content=\"2024-08-02T15:48:07+00:00\" \/>\n<meta name=\"twitter:card\" content=\"summary_large_image\" \/>\n<meta name=\"twitter:label1\" content=\"Geschatte leestijd\" \/>\n\t<meta name=\"twitter:data1\" content=\"6 minuten\" \/>\n<script type=\"application\/ld+json\" class=\"yoast-schema-graph\">{\"@context\":\"https:\/\/schema.org\",\"@graph\":[{\"@type\":\"WebPage\",\"@id\":\"https:\/\/www.sounds.brussels\/nl\/jazz-club\/\",\"url\":\"https:\/\/www.sounds.brussels\/nl\/jazz-club\/\",\"name\":\"The jazz club - Sounds Jazz Club\",\"isPartOf\":{\"@id\":\"https:\/\/www.sounds.brussels\/nl\/#website\"},\"datePublished\":\"2021-09-15T12:02:58+00:00\",\"dateModified\":\"2024-08-02T15:48:07+00:00\",\"breadcrumb\":{\"@id\":\"https:\/\/www.sounds.brussels\/nl\/jazz-club\/#breadcrumb\"},\"inLanguage\":\"nl-NL\",\"potentialAction\":[{\"@type\":\"ReadAction\",\"target\":[\"https:\/\/www.sounds.brussels\/nl\/jazz-club\/\"]}]},{\"@type\":\"BreadcrumbList\",\"@id\":\"https:\/\/www.sounds.brussels\/nl\/jazz-club\/#breadcrumb\",\"itemListElement\":[{\"@type\":\"ListItem\",\"position\":1,\"name\":\"Accueil\",\"item\":\"https:\/\/www.sounds.brussels\/nl\/\"},{\"@type\":\"ListItem\",\"position\":2,\"name\":\"The jazz club\"}]},{\"@type\":\"WebSite\",\"@id\":\"https:\/\/www.sounds.brussels\/nl\/#website\",\"url\":\"https:\/\/www.sounds.brussels\/nl\/\",\"name\":\"Sounds Jazz Club\",\"description\":\"\",\"publisher\":{\"@id\":\"https:\/\/www.sounds.brussels\/nl\/#organization\"},\"potentialAction\":[{\"@type\":\"SearchAction\",\"target\":{\"@type\":\"EntryPoint\",\"urlTemplate\":\"https:\/\/www.sounds.brussels\/nl\/?s={search_term_string}\"},\"query-input\":{\"@type\":\"PropertyValueSpecification\",\"valueRequired\":true,\"valueName\":\"search_term_string\"}}],\"inLanguage\":\"nl-NL\"},{\"@type\":\"Organization\",\"@id\":\"https:\/\/www.sounds.brussels\/nl\/#organization\",\"name\":\"Sounds Jazz Club\",\"url\":\"https:\/\/www.sounds.brussels\/nl\/\",\"logo\":{\"@type\":\"ImageObject\",\"inLanguage\":\"nl-NL\",\"@id\":\"https:\/\/www.sounds.brussels\/nl\/#\/schema\/logo\/image\/\",\"url\":\"https:\/\/www.sounds.brussels\/wp-content\/uploads\/2023\/09\/logo-sounds-BlackRed-RGB-scaled.jpg\",\"contentUrl\":\"https:\/\/www.sounds.brussels\/wp-content\/uploads\/2023\/09\/logo-sounds-BlackRed-RGB-scaled.jpg\",\"width\":2048,\"height\":1428,\"caption\":\"Sounds Jazz Club\"},\"image\":{\"@id\":\"https:\/\/www.sounds.brussels\/nl\/#\/schema\/logo\/image\/\"}}]}<\/script>\n<!-- \/ Yoast SEO plugin. -->","yoast_head_json":{"title":"The jazz club - Sounds Jazz Club","robots":{"index":"index","follow":"follow","max-snippet":"max-snippet:-1","max-image-preview":"max-image-preview:large","max-video-preview":"max-video-preview:-1"},"canonical":"https:\/\/www.sounds.brussels\/nl\/jazz-club\/","og_locale":"nl_NL","og_type":"article","og_title":"The jazz club - Sounds Jazz Club","og_description":"[vc_row row_height_percent=&#8221;0&#8243; back_image=&#8221;84951&#8243; overlay_color=&#8221;color-rgdb&#8221; overlay_alpha=&#8221;20&#8243; gutter_size=&#8221;3&#8243; column_width_percent=&#8221;100&#8243; shift_y=&#8221;0&#8243; z_index=&#8221;0&#8243; row_height_pixel=&#8221;300&#8243;][vc_column column_width_percent=&#8221;100&#8243; position_vertical=&#8221;middle&#8221; align_horizontal=&#8221;align_center&#8221; gutter_size=&#8221;3&#8243; overlay_alpha=&#8221;50&#8243; shift_x=&#8221;0&#8243; shift_y=&#8221;0&#8243; shift_y_down=&#8221;0&#8243; z_index=&#8221;0&#8243; medium_width=&#8221;0&#8243; [&hellip;]","og_url":"https:\/\/www.sounds.brussels\/nl\/jazz-club\/","og_site_name":"Sounds Jazz Club","article_modified_time":"2024-08-02T15:48:07+00:00","twitter_card":"summary_large_image","twitter_misc":{"Geschatte leestijd":"6 minuten"},"schema":{"@context":"https:\/\/schema.org","@graph":[{"@type":"WebPage","@id":"https:\/\/www.sounds.brussels\/nl\/jazz-club\/","url":"https:\/\/www.sounds.brussels\/nl\/jazz-club\/","name":"The jazz club - Sounds Jazz Club","isPartOf":{"@id":"https:\/\/www.sounds.brussels\/nl\/#website"},"datePublished":"2021-09-15T12:02:58+00:00","dateModified":"2024-08-02T15:48:07+00:00","breadcrumb":{"@id":"https:\/\/www.sounds.brussels\/nl\/jazz-club\/#breadcrumb"},"inLanguage":"nl-NL","potentialAction":[{"@type":"ReadAction","target":["https:\/\/www.sounds.brussels\/nl\/jazz-club\/"]}]},{"@type":"BreadcrumbList","@id":"https:\/\/www.sounds.brussels\/nl\/jazz-club\/#breadcrumb","itemListElement":[{"@type":"ListItem","position":1,"name":"Accueil","item":"https:\/\/www.sounds.brussels\/nl\/"},{"@type":"ListItem","position":2,"name":"The jazz club"}]},{"@type":"WebSite","@id":"https:\/\/www.sounds.brussels\/nl\/#website","url":"https:\/\/www.sounds.brussels\/nl\/","name":"Sounds Jazz Club","description":"","publisher":{"@id":"https:\/\/www.sounds.brussels\/nl\/#organization"},"potentialAction":[{"@type":"SearchAction","target":{"@type":"EntryPoint","urlTemplate":"https:\/\/www.sounds.brussels\/nl\/?s={search_term_string}"},"query-input":{"@type":"PropertyValueSpecification","valueRequired":true,"valueName":"search_term_string"}}],"inLanguage":"nl-NL"},{"@type":"Organization","@id":"https:\/\/www.sounds.brussels\/nl\/#organization","name":"Sounds Jazz Club","url":"https:\/\/www.sounds.brussels\/nl\/","logo":{"@type":"ImageObject","inLanguage":"nl-NL","@id":"https:\/\/www.sounds.brussels\/nl\/#\/schema\/logo\/image\/","url":"https:\/\/www.sounds.brussels\/wp-content\/uploads\/2023\/09\/logo-sounds-BlackRed-RGB-scaled.jpg","contentUrl":"https:\/\/www.sounds.brussels\/wp-content\/uploads\/2023\/09\/logo-sounds-BlackRed-RGB-scaled.jpg","width":2048,"height":1428,"caption":"Sounds Jazz Club"},"image":{"@id":"https:\/\/www.sounds.brussels\/nl\/#\/schema\/logo\/image\/"}}]}},"_links":{"self":[{"href":"https:\/\/www.sounds.brussels\/nl\/wp-json\/wp\/v2\/pages\/85133","targetHints":{"allow":["GET"]}}],"collection":[{"href":"https:\/\/www.sounds.brussels\/nl\/wp-json\/wp\/v2\/pages"}],"about":[{"href":"https:\/\/www.sounds.brussels\/nl\/wp-json\/wp\/v2\/types\/page"}],"author":[{"embeddable":true,"href":"https:\/\/www.sounds.brussels\/nl\/wp-json\/wp\/v2\/users\/1"}],"replies":[{"embeddable":true,"href":"https:\/\/www.sounds.brussels\/nl\/wp-json\/wp\/v2\/comments?post=85133"}],"version-history":[{"count":7,"href":"https:\/\/www.sounds.brussels\/nl\/wp-json\/wp\/v2\/pages\/85133\/revisions"}],"predecessor-version":[{"id":136531,"href":"https:\/\/www.sounds.brussels\/nl\/wp-json\/wp\/v2\/pages\/85133\/revisions\/136531"}],"wp:attachment":[{"href":"https:\/\/www.sounds.brussels\/nl\/wp-json\/wp\/v2\/media?parent=85133"}],"curies":[{"name":"wp","href":"https:\/\/api.w.org\/{rel}","templated":true}]}}