{"id":162229,"date":"2026-02-10T16:14:31","date_gmt":"2026-02-10T15:14:31","guid":{"rendered":"https:\/\/www.sounds.brussels\/?post_type=product&#038;p=162229"},"modified":"2026-03-12T20:17:55","modified_gmt":"2026-03-12T19:17:55","slug":"rap-jam-open-mic-by-lazy-rebel","status":"publish","type":"product","link":"https:\/\/www.sounds.brussels\/fr\/jazz-concert\/rap-jam-open-mic-by-lazy-rebel\/","title":{"rendered":"RAP JAM OPEN MIC by LAZY REBEL"},"content":{"rendered":"","protected":false},"excerpt":{"rendered":"<p>LINE UP BOREV<br \/>\nSwal &#8211; Mc \/ Jonspi &#8211; Mc \/ Trukk &#8211; Prod<\/p>\n<p>LINE UP 1 &#8211; FINTA MC CYPHER<br \/>\nMC\u2019s s\u00e9lectionn\u00e9es &#8211; jam structur\u00e9e<br \/>\nAdri Vinchira, Indigo Bloom, Knela Palacios, Cage Vrije Verzen, Maany,<br \/>\nJosephine, 5.am, Nomade Loli, Z&amp;T, Salt, Ka$h Mena$$, AntiCyclone Crew\u2026 and more!<\/p>\n<p>LINE UP 2 &#8211; JAM OPEN MIC FREESTYLE<br \/>\nSc\u00e8ne ouverte \u00e0 toust\u00b7e\u00b7s les MC\u2019s<br \/>\nAnim\u00e9 par Jonspi &amp; Pierre Citron<\/p>\n<p>LINE UP BAND<br \/>\nThomas Dimmers &#8211; basse \/ Antoine P\u00e9rilleux &#8211; batterie \/ Th\u00e9o Fueg &#8211; clavier \/ Thomas Demuynck &#8211; guitar<\/p>\n","protected":false},"author":13250,"featured_media":162243,"comment_status":"closed","ping_status":"closed","template":"","meta":{"_acf_changed":false},"product_brand":[],"product_cat":[157],"product_tag":[],"class_list":{"0":"post-162229","1":"product","2":"type-product","3":"status-publish","4":"has-post-thumbnail","6":"product_cat-archived","8":"first","9":"instock","10":"shipping-taxable","11":"product-type-variable","12":"has-default-attributes","13":"nyp-product"},"acf":[],"yoast_head":"<!-- This site is optimized with the Yoast SEO plugin v26.9 - https:\/\/yoast.com\/product\/yoast-seo-wordpress\/ -->\n<title>RAP JAM OPEN MIC by LAZY REBEL - Sounds Jazz Club<\/title>\n<meta name=\"robots\" content=\"index, follow, max-snippet:-1, max-image-preview:large, max-video-preview:-1\" \/>\n<link rel=\"canonical\" href=\"https:\/\/www.sounds.brussels\/fr\/jazz-concert\/rap-jam-open-mic-by-lazy-rebel\/\" \/>\n<meta property=\"og:locale\" content=\"fr_FR\" \/>\n<meta property=\"og:type\" content=\"article\" \/>\n<meta property=\"og:title\" content=\"RAP JAM OPEN MIC by LAZY REBEL - Sounds Jazz Club\" \/>\n<meta property=\"og:description\" content=\"LINE UP BOREV Swal - Mc \/ Jonspi - Mc \/ Trukk - Prod  LINE UP 1 - FINTA MC CYPHER MC\u2019s s\u00e9lectionn\u00e9es - jam structur\u00e9e Adri Vinchira, Indigo Bloom, Knela Palacios, Cage Vrije Verzen, Maany, Josephine, 5.am, Nomade Loli, Z&amp;T, Salt, Ka$h Mena$$, AntiCyclone Crew\u2026 and more!  LINE UP 2 - JAM OPEN MIC FREESTYLE Sc\u00e8ne ouverte \u00e0 toust\u00b7e\u00b7s les MC\u2019s Anim\u00e9 par Jonspi &amp; Pierre Citron  LINE UP BAND Thomas Dimmers - basse \/ Antoine P\u00e9rilleux - batterie \/ Th\u00e9o Fueg - clavier \/ Thomas Demuynck - guitar\" \/>\n<meta property=\"og:url\" content=\"https:\/\/www.sounds.brussels\/fr\/jazz-concert\/rap-jam-open-mic-by-lazy-rebel\/\" \/>\n<meta property=\"og:site_name\" content=\"Sounds Jazz Club\" \/>\n<meta property=\"article:modified_time\" content=\"2026-03-12T19:17:55+00:00\" \/>\n<meta property=\"og:image\" content=\"https:\/\/www.sounds.brussels\/wp-content\/uploads\/2026\/02\/SOUNDS-26-03-12-scaled.jpg\" \/>\n\t<meta property=\"og:image:width\" content=\"2048\" \/>\n\t<meta property=\"og:image:height\" content=\"1284\" \/>\n\t<meta property=\"og:image:type\" content=\"image\/jpeg\" \/>\n<meta name=\"twitter:card\" content=\"summary_large_image\" \/>\n<meta name=\"twitter:label1\" content=\"Dur\u00e9e de lecture estim\u00e9e\" \/>\n\t<meta name=\"twitter:data1\" content=\"1 minute\" \/>\n<script type=\"application\/ld+json\" class=\"yoast-schema-graph\">{\"@context\":\"https:\/\/schema.org\",\"@graph\":[{\"@type\":\"WebPage\",\"@id\":\"https:\/\/www.sounds.brussels\/fr\/jazz-concert\/rap-jam-open-mic-by-lazy-rebel\/\",\"url\":\"https:\/\/www.sounds.brussels\/fr\/jazz-concert\/rap-jam-open-mic-by-lazy-rebel\/\",\"name\":\"RAP JAM OPEN MIC by LAZY REBEL - Sounds Jazz Club\",\"isPartOf\":{\"@id\":\"https:\/\/www.sounds.brussels\/fr\/#website\"},\"primaryImageOfPage\":{\"@id\":\"https:\/\/www.sounds.brussels\/fr\/jazz-concert\/rap-jam-open-mic-by-lazy-rebel\/#primaryimage\"},\"image\":{\"@id\":\"https:\/\/www.sounds.brussels\/fr\/jazz-concert\/rap-jam-open-mic-by-lazy-rebel\/#primaryimage\"},\"thumbnailUrl\":\"https:\/\/www.sounds.brussels\/wp-content\/uploads\/2026\/02\/SOUNDS-26-03-12-scaled.jpg\",\"datePublished\":\"2026-02-10T15:14:31+00:00\",\"dateModified\":\"2026-03-12T19:17:55+00:00\",\"breadcrumb\":{\"@id\":\"https:\/\/www.sounds.brussels\/fr\/jazz-concert\/rap-jam-open-mic-by-lazy-rebel\/#breadcrumb\"},\"inLanguage\":\"fr-FR\",\"potentialAction\":[{\"@type\":\"ReadAction\",\"target\":[\"https:\/\/www.sounds.brussels\/fr\/jazz-concert\/rap-jam-open-mic-by-lazy-rebel\/\"]}]},{\"@type\":\"ImageObject\",\"inLanguage\":\"fr-FR\",\"@id\":\"https:\/\/www.sounds.brussels\/fr\/jazz-concert\/rap-jam-open-mic-by-lazy-rebel\/#primaryimage\",\"url\":\"https:\/\/www.sounds.brussels\/wp-content\/uploads\/2026\/02\/SOUNDS-26-03-12-scaled.jpg\",\"contentUrl\":\"https:\/\/www.sounds.brussels\/wp-content\/uploads\/2026\/02\/SOUNDS-26-03-12-scaled.jpg\",\"width\":2048,\"height\":1284},{\"@type\":\"BreadcrumbList\",\"@id\":\"https:\/\/www.sounds.brussels\/fr\/jazz-concert\/rap-jam-open-mic-by-lazy-rebel\/#breadcrumb\",\"itemListElement\":[{\"@type\":\"ListItem\",\"position\":1,\"name\":\"Accueil\",\"item\":\"https:\/\/www.sounds.brussels\/fr\/\"},{\"@type\":\"ListItem\",\"position\":2,\"name\":\"Produits\",\"item\":\"https:\/\/www.sounds.brussels\/fr\/shop\/\"},{\"@type\":\"ListItem\",\"position\":3,\"name\":\"RAP JAM OPEN MIC by LAZY REBEL\"}]},{\"@type\":\"WebSite\",\"@id\":\"https:\/\/www.sounds.brussels\/fr\/#website\",\"url\":\"https:\/\/www.sounds.brussels\/fr\/\",\"name\":\"Sounds Jazz Club\",\"description\":\"\",\"publisher\":{\"@id\":\"https:\/\/www.sounds.brussels\/fr\/#organization\"},\"potentialAction\":[{\"@type\":\"SearchAction\",\"target\":{\"@type\":\"EntryPoint\",\"urlTemplate\":\"https:\/\/www.sounds.brussels\/fr\/?s={search_term_string}\"},\"query-input\":{\"@type\":\"PropertyValueSpecification\",\"valueRequired\":true,\"valueName\":\"search_term_string\"}}],\"inLanguage\":\"fr-FR\"},{\"@type\":\"Organization\",\"@id\":\"https:\/\/www.sounds.brussels\/fr\/#organization\",\"name\":\"Sounds Jazz Club\",\"url\":\"https:\/\/www.sounds.brussels\/fr\/\",\"logo\":{\"@type\":\"ImageObject\",\"inLanguage\":\"fr-FR\",\"@id\":\"https:\/\/www.sounds.brussels\/fr\/#\/schema\/logo\/image\/\",\"url\":\"https:\/\/www.sounds.brussels\/wp-content\/uploads\/2023\/09\/logo-sounds-BlackRed-RGB-scaled.jpg\",\"contentUrl\":\"https:\/\/www.sounds.brussels\/wp-content\/uploads\/2023\/09\/logo-sounds-BlackRed-RGB-scaled.jpg\",\"width\":2048,\"height\":1428,\"caption\":\"Sounds Jazz Club\"},\"image\":{\"@id\":\"https:\/\/www.sounds.brussels\/fr\/#\/schema\/logo\/image\/\"}}]}<\/script>\n<!-- \/ Yoast SEO plugin. -->","yoast_head_json":{"title":"RAP JAM OPEN MIC by LAZY REBEL - Sounds Jazz Club","robots":{"index":"index","follow":"follow","max-snippet":"max-snippet:-1","max-image-preview":"max-image-preview:large","max-video-preview":"max-video-preview:-1"},"canonical":"https:\/\/www.sounds.brussels\/fr\/jazz-concert\/rap-jam-open-mic-by-lazy-rebel\/","og_locale":"fr_FR","og_type":"article","og_title":"RAP JAM OPEN MIC by LAZY REBEL - Sounds Jazz Club","og_description":"LINE UP BOREV Swal - Mc \/ Jonspi - Mc \/ Trukk - Prod  LINE UP 1 - FINTA MC CYPHER MC\u2019s s\u00e9lectionn\u00e9es - jam structur\u00e9e Adri Vinchira, Indigo Bloom, Knela Palacios, Cage Vrije Verzen, Maany, Josephine, 5.am, Nomade Loli, Z&amp;T, Salt, Ka$h Mena$$, AntiCyclone Crew\u2026 and more!  LINE UP 2 - JAM OPEN MIC FREESTYLE Sc\u00e8ne ouverte \u00e0 toust\u00b7e\u00b7s les MC\u2019s Anim\u00e9 par Jonspi &amp; Pierre Citron  LINE UP BAND Thomas Dimmers - basse \/ Antoine P\u00e9rilleux - batterie \/ Th\u00e9o Fueg - clavier \/ Thomas Demuynck - guitar","og_url":"https:\/\/www.sounds.brussels\/fr\/jazz-concert\/rap-jam-open-mic-by-lazy-rebel\/","og_site_name":"Sounds Jazz Club","article_modified_time":"2026-03-12T19:17:55+00:00","og_image":[{"width":2048,"height":1284,"url":"https:\/\/www.sounds.brussels\/wp-content\/uploads\/2026\/02\/SOUNDS-26-03-12-scaled.jpg","type":"image\/jpeg"}],"twitter_card":"summary_large_image","twitter_misc":{"Dur\u00e9e de lecture estim\u00e9e":"1 minute"},"schema":{"@context":"https:\/\/schema.org","@graph":[{"@type":"WebPage","@id":"https:\/\/www.sounds.brussels\/fr\/jazz-concert\/rap-jam-open-mic-by-lazy-rebel\/","url":"https:\/\/www.sounds.brussels\/fr\/jazz-concert\/rap-jam-open-mic-by-lazy-rebel\/","name":"RAP JAM OPEN MIC by LAZY REBEL - Sounds Jazz Club","isPartOf":{"@id":"https:\/\/www.sounds.brussels\/fr\/#website"},"primaryImageOfPage":{"@id":"https:\/\/www.sounds.brussels\/fr\/jazz-concert\/rap-jam-open-mic-by-lazy-rebel\/#primaryimage"},"image":{"@id":"https:\/\/www.sounds.brussels\/fr\/jazz-concert\/rap-jam-open-mic-by-lazy-rebel\/#primaryimage"},"thumbnailUrl":"https:\/\/www.sounds.brussels\/wp-content\/uploads\/2026\/02\/SOUNDS-26-03-12-scaled.jpg","datePublished":"2026-02-10T15:14:31+00:00","dateModified":"2026-03-12T19:17:55+00:00","breadcrumb":{"@id":"https:\/\/www.sounds.brussels\/fr\/jazz-concert\/rap-jam-open-mic-by-lazy-rebel\/#breadcrumb"},"inLanguage":"fr-FR","potentialAction":[{"@type":"ReadAction","target":["https:\/\/www.sounds.brussels\/fr\/jazz-concert\/rap-jam-open-mic-by-lazy-rebel\/"]}]},{"@type":"ImageObject","inLanguage":"fr-FR","@id":"https:\/\/www.sounds.brussels\/fr\/jazz-concert\/rap-jam-open-mic-by-lazy-rebel\/#primaryimage","url":"https:\/\/www.sounds.brussels\/wp-content\/uploads\/2026\/02\/SOUNDS-26-03-12-scaled.jpg","contentUrl":"https:\/\/www.sounds.brussels\/wp-content\/uploads\/2026\/02\/SOUNDS-26-03-12-scaled.jpg","width":2048,"height":1284},{"@type":"BreadcrumbList","@id":"https:\/\/www.sounds.brussels\/fr\/jazz-concert\/rap-jam-open-mic-by-lazy-rebel\/#breadcrumb","itemListElement":[{"@type":"ListItem","position":1,"name":"Accueil","item":"https:\/\/www.sounds.brussels\/fr\/"},{"@type":"ListItem","position":2,"name":"Produits","item":"https:\/\/www.sounds.brussels\/fr\/shop\/"},{"@type":"ListItem","position":3,"name":"RAP JAM OPEN MIC by LAZY REBEL"}]},{"@type":"WebSite","@id":"https:\/\/www.sounds.brussels\/fr\/#website","url":"https:\/\/www.sounds.brussels\/fr\/","name":"Sounds Jazz Club","description":"","publisher":{"@id":"https:\/\/www.sounds.brussels\/fr\/#organization"},"potentialAction":[{"@type":"SearchAction","target":{"@type":"EntryPoint","urlTemplate":"https:\/\/www.sounds.brussels\/fr\/?s={search_term_string}"},"query-input":{"@type":"PropertyValueSpecification","valueRequired":true,"valueName":"search_term_string"}}],"inLanguage":"fr-FR"},{"@type":"Organization","@id":"https:\/\/www.sounds.brussels\/fr\/#organization","name":"Sounds Jazz Club","url":"https:\/\/www.sounds.brussels\/fr\/","logo":{"@type":"ImageObject","inLanguage":"fr-FR","@id":"https:\/\/www.sounds.brussels\/fr\/#\/schema\/logo\/image\/","url":"https:\/\/www.sounds.brussels\/wp-content\/uploads\/2023\/09\/logo-sounds-BlackRed-RGB-scaled.jpg","contentUrl":"https:\/\/www.sounds.brussels\/wp-content\/uploads\/2023\/09\/logo-sounds-BlackRed-RGB-scaled.jpg","width":2048,"height":1428,"caption":"Sounds Jazz Club"},"image":{"@id":"https:\/\/www.sounds.brussels\/fr\/#\/schema\/logo\/image\/"}}]}},"_links":{"self":[{"href":"https:\/\/www.sounds.brussels\/fr\/wp-json\/wp\/v2\/product\/162229","targetHints":{"allow":["GET"]}}],"collection":[{"href":"https:\/\/www.sounds.brussels\/fr\/wp-json\/wp\/v2\/product"}],"about":[{"href":"https:\/\/www.sounds.brussels\/fr\/wp-json\/wp\/v2\/types\/product"}],"author":[{"embeddable":true,"href":"https:\/\/www.sounds.brussels\/fr\/wp-json\/wp\/v2\/users\/13250"}],"replies":[{"embeddable":true,"href":"https:\/\/www.sounds.brussels\/fr\/wp-json\/wp\/v2\/comments?post=162229"}],"wp:featuredmedia":[{"embeddable":true,"href":"https:\/\/www.sounds.brussels\/fr\/wp-json\/wp\/v2\/media\/162243"}],"wp:attachment":[{"href":"https:\/\/www.sounds.brussels\/fr\/wp-json\/wp\/v2\/media?parent=162229"}],"wp:term":[{"taxonomy":"product_brand","embeddable":true,"href":"https:\/\/www.sounds.brussels\/fr\/wp-json\/wp\/v2\/product_brand?post=162229"},{"taxonomy":"product_cat","embeddable":true,"href":"https:\/\/www.sounds.brussels\/fr\/wp-json\/wp\/v2\/product_cat?post=162229"},{"taxonomy":"product_tag","embeddable":true,"href":"https:\/\/www.sounds.brussels\/fr\/wp-json\/wp\/v2\/product_tag?post=162229"}],"curies":[{"name":"wp","href":"https:\/\/api.w.org\/{rel}","templated":true}]}}