{"id":159969,"date":"2026-01-13T15:01:44","date_gmt":"2026-01-13T14:01:44","guid":{"rendered":"https:\/\/www.sounds.brussels\/?post_type=product&#038;p=159969"},"modified":"2026-01-15T11:21:59","modified_gmt":"2026-01-15T10:21:59","slug":"car-t-quest-festival","status":"publish","type":"product","link":"https:\/\/www.sounds.brussels\/fr\/jazz-concert\/car-t-quest-festival\/","title":{"rendered":"CAR T QUEST FESTIVAL"},"content":{"rendered":"","protected":false},"excerpt":{"rendered":"<p>\ud83c\udfb8 Les Magazineurs<br \/>\nUn souffle de folk qu\u00e9b\u00e9cois authentique, entre po\u00e9sie, r\u00e9cits du grand Nord et m\u00e9lodies qui r\u00e9chauffent l\u2019\u00e2me.<\/p>\n<p>\ud83c\udfa4 Coldplayers<br \/>\nLe meilleur tribute band belge de Coldplay ! Revivez les grands hymnes plan\u00e9taires (Yellow, The Scientist, Viva La Vida, A Sky Full of Stars\u2026) avec une fid\u00e9lit\u00e9 et une \u00e9motion bluffantes.<\/p>\n<p>\ud83e\udd41 Taitamuki feat. Turikumwe<br \/>\nUne explosion afro-latin roots : rythmes d\u2019\u00c9quateur et d\u2019Am\u00e9rique latine, percussions afro-colombiennes puissantes, chants en question-r\u00e9ponse et groove irr\u00e9sistible qui invite \u00e0 la danse.<\/p>\n<p>\ud83c\udfa7 DJ Jukumari<br \/>\nPour cl\u00f4turer la soir\u00e9e : un DJ-set festif et \u00e9clectique, entre world, roots et vibes dansantes jusqu\u2019au bout de la nuit.<\/p>\n","protected":false},"author":8382,"featured_media":160103,"comment_status":"closed","ping_status":"closed","template":"","meta":{"_acf_changed":false},"product_brand":[],"product_cat":[157],"product_tag":[],"class_list":{"0":"post-159969","1":"product","2":"type-product","3":"status-publish","4":"has-post-thumbnail","6":"product_cat-archived","8":"first","9":"instock","10":"virtual","11":"product-type-simple"},"acf":[],"yoast_head":"<!-- This site is optimized with the Yoast SEO plugin v26.9 - https:\/\/yoast.com\/product\/yoast-seo-wordpress\/ -->\n<title>CAR T QUEST FESTIVAL - Sounds Jazz Club<\/title>\n<meta name=\"robots\" content=\"index, follow, max-snippet:-1, max-image-preview:large, max-video-preview:-1\" \/>\n<link rel=\"canonical\" href=\"https:\/\/www.sounds.brussels\/fr\/jazz-concert\/car-t-quest-festival\/\" \/>\n<meta property=\"og:locale\" content=\"fr_FR\" \/>\n<meta property=\"og:type\" content=\"article\" \/>\n<meta property=\"og:title\" content=\"CAR T QUEST FESTIVAL - Sounds Jazz Club\" \/>\n<meta property=\"og:description\" content=\"\ud83c\udfb8 Les Magazineurs Un souffle de folk qu\u00e9b\u00e9cois authentique, entre po\u00e9sie, r\u00e9cits du grand Nord et m\u00e9lodies qui r\u00e9chauffent l\u2019\u00e2me.  \ud83c\udfa4 Coldplayers Le meilleur tribute band belge de Coldplay ! Revivez les grands hymnes plan\u00e9taires (Yellow, The Scientist, Viva La Vida, A Sky Full of Stars\u2026) avec une fid\u00e9lit\u00e9 et une \u00e9motion bluffantes.  \ud83e\udd41 Taitamuki feat. Turikumwe Une explosion afro-latin roots : rythmes d\u2019\u00c9quateur et d\u2019Am\u00e9rique latine, percussions afro-colombiennes puissantes, chants en question-r\u00e9ponse et groove irr\u00e9sistible qui invite \u00e0 la danse.  \ud83c\udfa7 DJ Jukumari Pour cl\u00f4turer la soir\u00e9e : un DJ-set festif et \u00e9clectique, entre world, roots et vibes dansantes jusqu\u2019au bout de la nuit.\" \/>\n<meta property=\"og:url\" content=\"https:\/\/www.sounds.brussels\/fr\/jazz-concert\/car-t-quest-festival\/\" \/>\n<meta property=\"og:site_name\" content=\"Sounds Jazz Club\" \/>\n<meta property=\"article:modified_time\" content=\"2026-01-15T10:21:59+00:00\" \/>\n<meta property=\"og:image\" content=\"https:\/\/www.sounds.brussels\/wp-content\/uploads\/2026\/01\/CarTQuest-Evenement.png\" \/>\n\t<meta property=\"og:image:width\" content=\"940\" \/>\n\t<meta property=\"og:image:height\" content=\"788\" \/>\n\t<meta property=\"og:image:type\" content=\"image\/png\" \/>\n<meta name=\"twitter:card\" content=\"summary_large_image\" \/>\n<meta name=\"twitter:label1\" content=\"Dur\u00e9e de lecture estim\u00e9e\" \/>\n\t<meta name=\"twitter:data1\" content=\"1 minute\" \/>\n<script type=\"application\/ld+json\" class=\"yoast-schema-graph\">{\"@context\":\"https:\/\/schema.org\",\"@graph\":[{\"@type\":\"WebPage\",\"@id\":\"https:\/\/www.sounds.brussels\/fr\/jazz-concert\/car-t-quest-festival\/\",\"url\":\"https:\/\/www.sounds.brussels\/fr\/jazz-concert\/car-t-quest-festival\/\",\"name\":\"CAR T QUEST FESTIVAL - Sounds Jazz Club\",\"isPartOf\":{\"@id\":\"https:\/\/www.sounds.brussels\/fr\/#website\"},\"primaryImageOfPage\":{\"@id\":\"https:\/\/www.sounds.brussels\/fr\/jazz-concert\/car-t-quest-festival\/#primaryimage\"},\"image\":{\"@id\":\"https:\/\/www.sounds.brussels\/fr\/jazz-concert\/car-t-quest-festival\/#primaryimage\"},\"thumbnailUrl\":\"https:\/\/www.sounds.brussels\/wp-content\/uploads\/2026\/01\/CarTQuest-Evenement.png\",\"datePublished\":\"2026-01-13T14:01:44+00:00\",\"dateModified\":\"2026-01-15T10:21:59+00:00\",\"breadcrumb\":{\"@id\":\"https:\/\/www.sounds.brussels\/fr\/jazz-concert\/car-t-quest-festival\/#breadcrumb\"},\"inLanguage\":\"fr-FR\",\"potentialAction\":[{\"@type\":\"ReadAction\",\"target\":[\"https:\/\/www.sounds.brussels\/fr\/jazz-concert\/car-t-quest-festival\/\"]}]},{\"@type\":\"ImageObject\",\"inLanguage\":\"fr-FR\",\"@id\":\"https:\/\/www.sounds.brussels\/fr\/jazz-concert\/car-t-quest-festival\/#primaryimage\",\"url\":\"https:\/\/www.sounds.brussels\/wp-content\/uploads\/2026\/01\/CarTQuest-Evenement.png\",\"contentUrl\":\"https:\/\/www.sounds.brussels\/wp-content\/uploads\/2026\/01\/CarTQuest-Evenement.png\",\"width\":940,\"height\":788},{\"@type\":\"BreadcrumbList\",\"@id\":\"https:\/\/www.sounds.brussels\/fr\/jazz-concert\/car-t-quest-festival\/#breadcrumb\",\"itemListElement\":[{\"@type\":\"ListItem\",\"position\":1,\"name\":\"Accueil\",\"item\":\"https:\/\/www.sounds.brussels\/fr\/\"},{\"@type\":\"ListItem\",\"position\":2,\"name\":\"Produits\",\"item\":\"https:\/\/www.sounds.brussels\/fr\/shop\/\"},{\"@type\":\"ListItem\",\"position\":3,\"name\":\"CAR T QUEST FESTIVAL\"}]},{\"@type\":\"WebSite\",\"@id\":\"https:\/\/www.sounds.brussels\/fr\/#website\",\"url\":\"https:\/\/www.sounds.brussels\/fr\/\",\"name\":\"Sounds Jazz Club\",\"description\":\"\",\"publisher\":{\"@id\":\"https:\/\/www.sounds.brussels\/fr\/#organization\"},\"potentialAction\":[{\"@type\":\"SearchAction\",\"target\":{\"@type\":\"EntryPoint\",\"urlTemplate\":\"https:\/\/www.sounds.brussels\/fr\/?s={search_term_string}\"},\"query-input\":{\"@type\":\"PropertyValueSpecification\",\"valueRequired\":true,\"valueName\":\"search_term_string\"}}],\"inLanguage\":\"fr-FR\"},{\"@type\":\"Organization\",\"@id\":\"https:\/\/www.sounds.brussels\/fr\/#organization\",\"name\":\"Sounds Jazz Club\",\"url\":\"https:\/\/www.sounds.brussels\/fr\/\",\"logo\":{\"@type\":\"ImageObject\",\"inLanguage\":\"fr-FR\",\"@id\":\"https:\/\/www.sounds.brussels\/fr\/#\/schema\/logo\/image\/\",\"url\":\"https:\/\/www.sounds.brussels\/wp-content\/uploads\/2023\/09\/logo-sounds-BlackRed-RGB-scaled.jpg\",\"contentUrl\":\"https:\/\/www.sounds.brussels\/wp-content\/uploads\/2023\/09\/logo-sounds-BlackRed-RGB-scaled.jpg\",\"width\":2048,\"height\":1428,\"caption\":\"Sounds Jazz Club\"},\"image\":{\"@id\":\"https:\/\/www.sounds.brussels\/fr\/#\/schema\/logo\/image\/\"}}]}<\/script>\n<!-- \/ Yoast SEO plugin. -->","yoast_head_json":{"title":"CAR T QUEST FESTIVAL - Sounds Jazz Club","robots":{"index":"index","follow":"follow","max-snippet":"max-snippet:-1","max-image-preview":"max-image-preview:large","max-video-preview":"max-video-preview:-1"},"canonical":"https:\/\/www.sounds.brussels\/fr\/jazz-concert\/car-t-quest-festival\/","og_locale":"fr_FR","og_type":"article","og_title":"CAR T QUEST FESTIVAL - Sounds Jazz Club","og_description":"\ud83c\udfb8 Les Magazineurs Un souffle de folk qu\u00e9b\u00e9cois authentique, entre po\u00e9sie, r\u00e9cits du grand Nord et m\u00e9lodies qui r\u00e9chauffent l\u2019\u00e2me.  \ud83c\udfa4 Coldplayers Le meilleur tribute band belge de Coldplay ! Revivez les grands hymnes plan\u00e9taires (Yellow, The Scientist, Viva La Vida, A Sky Full of Stars\u2026) avec une fid\u00e9lit\u00e9 et une \u00e9motion bluffantes.  \ud83e\udd41 Taitamuki feat. Turikumwe Une explosion afro-latin roots : rythmes d\u2019\u00c9quateur et d\u2019Am\u00e9rique latine, percussions afro-colombiennes puissantes, chants en question-r\u00e9ponse et groove irr\u00e9sistible qui invite \u00e0 la danse.  \ud83c\udfa7 DJ Jukumari Pour cl\u00f4turer la soir\u00e9e : un DJ-set festif et \u00e9clectique, entre world, roots et vibes dansantes jusqu\u2019au bout de la nuit.","og_url":"https:\/\/www.sounds.brussels\/fr\/jazz-concert\/car-t-quest-festival\/","og_site_name":"Sounds Jazz Club","article_modified_time":"2026-01-15T10:21:59+00:00","og_image":[{"width":940,"height":788,"url":"https:\/\/www.sounds.brussels\/wp-content\/uploads\/2026\/01\/CarTQuest-Evenement.png","type":"image\/png"}],"twitter_card":"summary_large_image","twitter_misc":{"Dur\u00e9e de lecture estim\u00e9e":"1 minute"},"schema":{"@context":"https:\/\/schema.org","@graph":[{"@type":"WebPage","@id":"https:\/\/www.sounds.brussels\/fr\/jazz-concert\/car-t-quest-festival\/","url":"https:\/\/www.sounds.brussels\/fr\/jazz-concert\/car-t-quest-festival\/","name":"CAR T QUEST FESTIVAL - Sounds Jazz Club","isPartOf":{"@id":"https:\/\/www.sounds.brussels\/fr\/#website"},"primaryImageOfPage":{"@id":"https:\/\/www.sounds.brussels\/fr\/jazz-concert\/car-t-quest-festival\/#primaryimage"},"image":{"@id":"https:\/\/www.sounds.brussels\/fr\/jazz-concert\/car-t-quest-festival\/#primaryimage"},"thumbnailUrl":"https:\/\/www.sounds.brussels\/wp-content\/uploads\/2026\/01\/CarTQuest-Evenement.png","datePublished":"2026-01-13T14:01:44+00:00","dateModified":"2026-01-15T10:21:59+00:00","breadcrumb":{"@id":"https:\/\/www.sounds.brussels\/fr\/jazz-concert\/car-t-quest-festival\/#breadcrumb"},"inLanguage":"fr-FR","potentialAction":[{"@type":"ReadAction","target":["https:\/\/www.sounds.brussels\/fr\/jazz-concert\/car-t-quest-festival\/"]}]},{"@type":"ImageObject","inLanguage":"fr-FR","@id":"https:\/\/www.sounds.brussels\/fr\/jazz-concert\/car-t-quest-festival\/#primaryimage","url":"https:\/\/www.sounds.brussels\/wp-content\/uploads\/2026\/01\/CarTQuest-Evenement.png","contentUrl":"https:\/\/www.sounds.brussels\/wp-content\/uploads\/2026\/01\/CarTQuest-Evenement.png","width":940,"height":788},{"@type":"BreadcrumbList","@id":"https:\/\/www.sounds.brussels\/fr\/jazz-concert\/car-t-quest-festival\/#breadcrumb","itemListElement":[{"@type":"ListItem","position":1,"name":"Accueil","item":"https:\/\/www.sounds.brussels\/fr\/"},{"@type":"ListItem","position":2,"name":"Produits","item":"https:\/\/www.sounds.brussels\/fr\/shop\/"},{"@type":"ListItem","position":3,"name":"CAR T QUEST FESTIVAL"}]},{"@type":"WebSite","@id":"https:\/\/www.sounds.brussels\/fr\/#website","url":"https:\/\/www.sounds.brussels\/fr\/","name":"Sounds Jazz Club","description":"","publisher":{"@id":"https:\/\/www.sounds.brussels\/fr\/#organization"},"potentialAction":[{"@type":"SearchAction","target":{"@type":"EntryPoint","urlTemplate":"https:\/\/www.sounds.brussels\/fr\/?s={search_term_string}"},"query-input":{"@type":"PropertyValueSpecification","valueRequired":true,"valueName":"search_term_string"}}],"inLanguage":"fr-FR"},{"@type":"Organization","@id":"https:\/\/www.sounds.brussels\/fr\/#organization","name":"Sounds Jazz Club","url":"https:\/\/www.sounds.brussels\/fr\/","logo":{"@type":"ImageObject","inLanguage":"fr-FR","@id":"https:\/\/www.sounds.brussels\/fr\/#\/schema\/logo\/image\/","url":"https:\/\/www.sounds.brussels\/wp-content\/uploads\/2023\/09\/logo-sounds-BlackRed-RGB-scaled.jpg","contentUrl":"https:\/\/www.sounds.brussels\/wp-content\/uploads\/2023\/09\/logo-sounds-BlackRed-RGB-scaled.jpg","width":2048,"height":1428,"caption":"Sounds Jazz Club"},"image":{"@id":"https:\/\/www.sounds.brussels\/fr\/#\/schema\/logo\/image\/"}}]}},"_links":{"self":[{"href":"https:\/\/www.sounds.brussels\/fr\/wp-json\/wp\/v2\/product\/159969","targetHints":{"allow":["GET"]}}],"collection":[{"href":"https:\/\/www.sounds.brussels\/fr\/wp-json\/wp\/v2\/product"}],"about":[{"href":"https:\/\/www.sounds.brussels\/fr\/wp-json\/wp\/v2\/types\/product"}],"author":[{"embeddable":true,"href":"https:\/\/www.sounds.brussels\/fr\/wp-json\/wp\/v2\/users\/8382"}],"replies":[{"embeddable":true,"href":"https:\/\/www.sounds.brussels\/fr\/wp-json\/wp\/v2\/comments?post=159969"}],"wp:featuredmedia":[{"embeddable":true,"href":"https:\/\/www.sounds.brussels\/fr\/wp-json\/wp\/v2\/media\/160103"}],"wp:attachment":[{"href":"https:\/\/www.sounds.brussels\/fr\/wp-json\/wp\/v2\/media?parent=159969"}],"wp:term":[{"taxonomy":"product_brand","embeddable":true,"href":"https:\/\/www.sounds.brussels\/fr\/wp-json\/wp\/v2\/product_brand?post=159969"},{"taxonomy":"product_cat","embeddable":true,"href":"https:\/\/www.sounds.brussels\/fr\/wp-json\/wp\/v2\/product_cat?post=159969"},{"taxonomy":"product_tag","embeddable":true,"href":"https:\/\/www.sounds.brussels\/fr\/wp-json\/wp\/v2\/product_tag?post=159969"}],"curies":[{"name":"wp","href":"https:\/\/api.w.org\/{rel}","templated":true}]}}