{"id":158172,"date":"2025-12-12T13:20:23","date_gmt":"2025-12-12T12:20:23","guid":{"rendered":"https:\/\/www.sounds.brussels\/?post_type=product&#038;p=158172"},"modified":"2026-01-20T19:18:14","modified_gmt":"2026-01-20T18:18:14","slug":"womufe-scene-ouverte-et-personnes-finta","status":"publish","type":"product","link":"https:\/\/www.sounds.brussels\/fr\/jazz-concert\/womufe-scene-ouverte-et-personnes-finta\/","title":{"rendered":"WOMUFE\/ SC\u00c8NE OUVERTE FEMMES ET PERSONNES FINTA"},"content":{"rendered":"","protected":false},"excerpt":{"rendered":"<p>Le duo Menthe \u00c9carlate explore divers r\u00e9pertoires d&rsquo;hier et d&rsquo;aujourd&rsquo;hui, arrang\u00e9s \u00e0 leur mani\u00e8re avec Fanny aux claviers et Juliette aux fl\u00fbtes.<br \/>\nElles ont un int\u00e9r\u00eat particulier pour les cr\u00e9ations de compositeurices d&rsquo;aujourd&rsquo;hui, qu&rsquo;elles allient avec la musique folk, la musique baroque ou diff\u00e9rentes formes d&rsquo;improvisation et des modes de jeux\u00a0inattendus<br \/>\nMusique, danse, po\u00e9sie, th\u00e9\u00e2tre : toutes les expressions d&rsquo;art sont bienvenues sur sc\u00e8ne. Inscription sur : https:\/\/www.instagram.com\/womufe_music\/?hl=en<\/p>\n","protected":false},"author":8382,"featured_media":158181,"comment_status":"closed","ping_status":"closed","template":"","meta":{"_acf_changed":false},"product_brand":[],"product_cat":[157],"product_tag":[],"class_list":{"0":"post-158172","1":"product","2":"type-product","3":"status-publish","4":"has-post-thumbnail","6":"product_cat-archived","8":"first","9":"instock","10":"shipping-taxable","11":"product-type-variable","12":"has-default-attributes","13":"nyp-product"},"acf":[],"yoast_head":"<!-- This site is optimized with the Yoast SEO plugin v26.9 - https:\/\/yoast.com\/product\/yoast-seo-wordpress\/ -->\n<title>WOMUFE\/ SC\u00c8NE OUVERTE FEMMES ET PERSONNES FINTA - Sounds Jazz Club<\/title>\n<meta name=\"robots\" content=\"index, follow, max-snippet:-1, max-image-preview:large, max-video-preview:-1\" \/>\n<link rel=\"canonical\" href=\"https:\/\/www.sounds.brussels\/fr\/jazz-concert\/womufe-scene-ouverte-et-personnes-finta\/\" \/>\n<meta property=\"og:locale\" content=\"fr_FR\" \/>\n<meta property=\"og:type\" content=\"article\" \/>\n<meta property=\"og:title\" content=\"WOMUFE\/ SC\u00c8NE OUVERTE FEMMES ET PERSONNES FINTA - Sounds Jazz Club\" \/>\n<meta property=\"og:description\" content=\"Le duo Menthe \u00c9carlate explore divers r\u00e9pertoires d&#039;hier et d&#039;aujourd&#039;hui, arrang\u00e9s \u00e0 leur mani\u00e8re avec Fanny aux claviers et Juliette aux fl\u00fbtes. Elles ont un int\u00e9r\u00eat particulier pour les cr\u00e9ations de compositeurices d&#039;aujourd&#039;hui, qu&#039;elles allient avec la musique folk, la musique baroque ou diff\u00e9rentes formes d&#039;improvisation et des modes de jeux\u00a0inattendus Musique, danse, po\u00e9sie, th\u00e9\u00e2tre : toutes les expressions d&#039;art sont bienvenues sur sc\u00e8ne. Inscription sur : https:\/\/www.instagram.com\/womufe_music\/?hl=en\" \/>\n<meta property=\"og:url\" content=\"https:\/\/www.sounds.brussels\/fr\/jazz-concert\/womufe-scene-ouverte-et-personnes-finta\/\" \/>\n<meta property=\"og:site_name\" content=\"Sounds Jazz Club\" \/>\n<meta property=\"article:modified_time\" content=\"2026-01-20T18:18:14+00:00\" \/>\n<meta property=\"og:image\" content=\"https:\/\/www.sounds.brussels\/wp-content\/uploads\/2025\/12\/2026-01-20-womufe-scene-ouverte-et-personnes-finta-1765542024-1024x819.png\" \/>\n\t<meta property=\"og:image:width\" content=\"1024\" \/>\n\t<meta property=\"og:image:height\" content=\"819\" \/>\n\t<meta property=\"og:image:type\" content=\"image\/png\" \/>\n<meta name=\"twitter:card\" content=\"summary_large_image\" \/>\n<script type=\"application\/ld+json\" class=\"yoast-schema-graph\">{\"@context\":\"https:\/\/schema.org\",\"@graph\":[{\"@type\":\"WebPage\",\"@id\":\"https:\/\/www.sounds.brussels\/fr\/jazz-concert\/womufe-scene-ouverte-et-personnes-finta\/\",\"url\":\"https:\/\/www.sounds.brussels\/fr\/jazz-concert\/womufe-scene-ouverte-et-personnes-finta\/\",\"name\":\"WOMUFE\/ SC\u00c8NE OUVERTE FEMMES ET PERSONNES FINTA - Sounds Jazz Club\",\"isPartOf\":{\"@id\":\"https:\/\/www.sounds.brussels\/fr\/#website\"},\"primaryImageOfPage\":{\"@id\":\"https:\/\/www.sounds.brussels\/fr\/jazz-concert\/womufe-scene-ouverte-et-personnes-finta\/#primaryimage\"},\"image\":{\"@id\":\"https:\/\/www.sounds.brussels\/fr\/jazz-concert\/womufe-scene-ouverte-et-personnes-finta\/#primaryimage\"},\"thumbnailUrl\":\"https:\/\/www.sounds.brussels\/wp-content\/uploads\/2025\/12\/2026-01-20-womufe-scene-ouverte-et-personnes-finta-1765542024.png\",\"datePublished\":\"2025-12-12T12:20:23+00:00\",\"dateModified\":\"2026-01-20T18:18:14+00:00\",\"breadcrumb\":{\"@id\":\"https:\/\/www.sounds.brussels\/fr\/jazz-concert\/womufe-scene-ouverte-et-personnes-finta\/#breadcrumb\"},\"inLanguage\":\"fr-FR\",\"potentialAction\":[{\"@type\":\"ReadAction\",\"target\":[\"https:\/\/www.sounds.brussels\/fr\/jazz-concert\/womufe-scene-ouverte-et-personnes-finta\/\"]}]},{\"@type\":\"ImageObject\",\"inLanguage\":\"fr-FR\",\"@id\":\"https:\/\/www.sounds.brussels\/fr\/jazz-concert\/womufe-scene-ouverte-et-personnes-finta\/#primaryimage\",\"url\":\"https:\/\/www.sounds.brussels\/wp-content\/uploads\/2025\/12\/2026-01-20-womufe-scene-ouverte-et-personnes-finta-1765542024.png\",\"contentUrl\":\"https:\/\/www.sounds.brussels\/wp-content\/uploads\/2025\/12\/2026-01-20-womufe-scene-ouverte-et-personnes-finta-1765542024.png\",\"width\":1920,\"height\":1536},{\"@type\":\"BreadcrumbList\",\"@id\":\"https:\/\/www.sounds.brussels\/fr\/jazz-concert\/womufe-scene-ouverte-et-personnes-finta\/#breadcrumb\",\"itemListElement\":[{\"@type\":\"ListItem\",\"position\":1,\"name\":\"Accueil\",\"item\":\"https:\/\/www.sounds.brussels\/fr\/\"},{\"@type\":\"ListItem\",\"position\":2,\"name\":\"Produits\",\"item\":\"https:\/\/www.sounds.brussels\/fr\/shop\/\"},{\"@type\":\"ListItem\",\"position\":3,\"name\":\"WOMUFE\/ SC\u00c8NE OUVERTE FEMMES ET PERSONNES FINTA\"}]},{\"@type\":\"WebSite\",\"@id\":\"https:\/\/www.sounds.brussels\/fr\/#website\",\"url\":\"https:\/\/www.sounds.brussels\/fr\/\",\"name\":\"Sounds Jazz Club\",\"description\":\"\",\"publisher\":{\"@id\":\"https:\/\/www.sounds.brussels\/fr\/#organization\"},\"potentialAction\":[{\"@type\":\"SearchAction\",\"target\":{\"@type\":\"EntryPoint\",\"urlTemplate\":\"https:\/\/www.sounds.brussels\/fr\/?s={search_term_string}\"},\"query-input\":{\"@type\":\"PropertyValueSpecification\",\"valueRequired\":true,\"valueName\":\"search_term_string\"}}],\"inLanguage\":\"fr-FR\"},{\"@type\":\"Organization\",\"@id\":\"https:\/\/www.sounds.brussels\/fr\/#organization\",\"name\":\"Sounds Jazz Club\",\"url\":\"https:\/\/www.sounds.brussels\/fr\/\",\"logo\":{\"@type\":\"ImageObject\",\"inLanguage\":\"fr-FR\",\"@id\":\"https:\/\/www.sounds.brussels\/fr\/#\/schema\/logo\/image\/\",\"url\":\"https:\/\/www.sounds.brussels\/wp-content\/uploads\/2023\/09\/logo-sounds-BlackRed-RGB-scaled.jpg\",\"contentUrl\":\"https:\/\/www.sounds.brussels\/wp-content\/uploads\/2023\/09\/logo-sounds-BlackRed-RGB-scaled.jpg\",\"width\":2048,\"height\":1428,\"caption\":\"Sounds Jazz Club\"},\"image\":{\"@id\":\"https:\/\/www.sounds.brussels\/fr\/#\/schema\/logo\/image\/\"}}]}<\/script>\n<!-- \/ Yoast SEO plugin. -->","yoast_head_json":{"title":"WOMUFE\/ SC\u00c8NE OUVERTE FEMMES ET PERSONNES FINTA - Sounds Jazz Club","robots":{"index":"index","follow":"follow","max-snippet":"max-snippet:-1","max-image-preview":"max-image-preview:large","max-video-preview":"max-video-preview:-1"},"canonical":"https:\/\/www.sounds.brussels\/fr\/jazz-concert\/womufe-scene-ouverte-et-personnes-finta\/","og_locale":"fr_FR","og_type":"article","og_title":"WOMUFE\/ SC\u00c8NE OUVERTE FEMMES ET PERSONNES FINTA - Sounds Jazz Club","og_description":"Le duo Menthe \u00c9carlate explore divers r\u00e9pertoires d'hier et d'aujourd'hui, arrang\u00e9s \u00e0 leur mani\u00e8re avec Fanny aux claviers et Juliette aux fl\u00fbtes. Elles ont un int\u00e9r\u00eat particulier pour les cr\u00e9ations de compositeurices d'aujourd'hui, qu'elles allient avec la musique folk, la musique baroque ou diff\u00e9rentes formes d'improvisation et des modes de jeux\u00a0inattendus Musique, danse, po\u00e9sie, th\u00e9\u00e2tre : toutes les expressions d'art sont bienvenues sur sc\u00e8ne. Inscription sur : https:\/\/www.instagram.com\/womufe_music\/?hl=en","og_url":"https:\/\/www.sounds.brussels\/fr\/jazz-concert\/womufe-scene-ouverte-et-personnes-finta\/","og_site_name":"Sounds Jazz Club","article_modified_time":"2026-01-20T18:18:14+00:00","og_image":[{"width":1024,"height":819,"url":"https:\/\/www.sounds.brussels\/wp-content\/uploads\/2025\/12\/2026-01-20-womufe-scene-ouverte-et-personnes-finta-1765542024-1024x819.png","type":"image\/png"}],"twitter_card":"summary_large_image","schema":{"@context":"https:\/\/schema.org","@graph":[{"@type":"WebPage","@id":"https:\/\/www.sounds.brussels\/fr\/jazz-concert\/womufe-scene-ouverte-et-personnes-finta\/","url":"https:\/\/www.sounds.brussels\/fr\/jazz-concert\/womufe-scene-ouverte-et-personnes-finta\/","name":"WOMUFE\/ SC\u00c8NE OUVERTE FEMMES ET PERSONNES FINTA - Sounds Jazz Club","isPartOf":{"@id":"https:\/\/www.sounds.brussels\/fr\/#website"},"primaryImageOfPage":{"@id":"https:\/\/www.sounds.brussels\/fr\/jazz-concert\/womufe-scene-ouverte-et-personnes-finta\/#primaryimage"},"image":{"@id":"https:\/\/www.sounds.brussels\/fr\/jazz-concert\/womufe-scene-ouverte-et-personnes-finta\/#primaryimage"},"thumbnailUrl":"https:\/\/www.sounds.brussels\/wp-content\/uploads\/2025\/12\/2026-01-20-womufe-scene-ouverte-et-personnes-finta-1765542024.png","datePublished":"2025-12-12T12:20:23+00:00","dateModified":"2026-01-20T18:18:14+00:00","breadcrumb":{"@id":"https:\/\/www.sounds.brussels\/fr\/jazz-concert\/womufe-scene-ouverte-et-personnes-finta\/#breadcrumb"},"inLanguage":"fr-FR","potentialAction":[{"@type":"ReadAction","target":["https:\/\/www.sounds.brussels\/fr\/jazz-concert\/womufe-scene-ouverte-et-personnes-finta\/"]}]},{"@type":"ImageObject","inLanguage":"fr-FR","@id":"https:\/\/www.sounds.brussels\/fr\/jazz-concert\/womufe-scene-ouverte-et-personnes-finta\/#primaryimage","url":"https:\/\/www.sounds.brussels\/wp-content\/uploads\/2025\/12\/2026-01-20-womufe-scene-ouverte-et-personnes-finta-1765542024.png","contentUrl":"https:\/\/www.sounds.brussels\/wp-content\/uploads\/2025\/12\/2026-01-20-womufe-scene-ouverte-et-personnes-finta-1765542024.png","width":1920,"height":1536},{"@type":"BreadcrumbList","@id":"https:\/\/www.sounds.brussels\/fr\/jazz-concert\/womufe-scene-ouverte-et-personnes-finta\/#breadcrumb","itemListElement":[{"@type":"ListItem","position":1,"name":"Accueil","item":"https:\/\/www.sounds.brussels\/fr\/"},{"@type":"ListItem","position":2,"name":"Produits","item":"https:\/\/www.sounds.brussels\/fr\/shop\/"},{"@type":"ListItem","position":3,"name":"WOMUFE\/ SC\u00c8NE OUVERTE FEMMES ET PERSONNES FINTA"}]},{"@type":"WebSite","@id":"https:\/\/www.sounds.brussels\/fr\/#website","url":"https:\/\/www.sounds.brussels\/fr\/","name":"Sounds Jazz Club","description":"","publisher":{"@id":"https:\/\/www.sounds.brussels\/fr\/#organization"},"potentialAction":[{"@type":"SearchAction","target":{"@type":"EntryPoint","urlTemplate":"https:\/\/www.sounds.brussels\/fr\/?s={search_term_string}"},"query-input":{"@type":"PropertyValueSpecification","valueRequired":true,"valueName":"search_term_string"}}],"inLanguage":"fr-FR"},{"@type":"Organization","@id":"https:\/\/www.sounds.brussels\/fr\/#organization","name":"Sounds Jazz Club","url":"https:\/\/www.sounds.brussels\/fr\/","logo":{"@type":"ImageObject","inLanguage":"fr-FR","@id":"https:\/\/www.sounds.brussels\/fr\/#\/schema\/logo\/image\/","url":"https:\/\/www.sounds.brussels\/wp-content\/uploads\/2023\/09\/logo-sounds-BlackRed-RGB-scaled.jpg","contentUrl":"https:\/\/www.sounds.brussels\/wp-content\/uploads\/2023\/09\/logo-sounds-BlackRed-RGB-scaled.jpg","width":2048,"height":1428,"caption":"Sounds Jazz Club"},"image":{"@id":"https:\/\/www.sounds.brussels\/fr\/#\/schema\/logo\/image\/"}}]}},"_links":{"self":[{"href":"https:\/\/www.sounds.brussels\/fr\/wp-json\/wp\/v2\/product\/158172","targetHints":{"allow":["GET"]}}],"collection":[{"href":"https:\/\/www.sounds.brussels\/fr\/wp-json\/wp\/v2\/product"}],"about":[{"href":"https:\/\/www.sounds.brussels\/fr\/wp-json\/wp\/v2\/types\/product"}],"author":[{"embeddable":true,"href":"https:\/\/www.sounds.brussels\/fr\/wp-json\/wp\/v2\/users\/8382"}],"replies":[{"embeddable":true,"href":"https:\/\/www.sounds.brussels\/fr\/wp-json\/wp\/v2\/comments?post=158172"}],"wp:featuredmedia":[{"embeddable":true,"href":"https:\/\/www.sounds.brussels\/fr\/wp-json\/wp\/v2\/media\/158181"}],"wp:attachment":[{"href":"https:\/\/www.sounds.brussels\/fr\/wp-json\/wp\/v2\/media?parent=158172"}],"wp:term":[{"taxonomy":"product_brand","embeddable":true,"href":"https:\/\/www.sounds.brussels\/fr\/wp-json\/wp\/v2\/product_brand?post=158172"},{"taxonomy":"product_cat","embeddable":true,"href":"https:\/\/www.sounds.brussels\/fr\/wp-json\/wp\/v2\/product_cat?post=158172"},{"taxonomy":"product_tag","embeddable":true,"href":"https:\/\/www.sounds.brussels\/fr\/wp-json\/wp\/v2\/product_tag?post=158172"}],"curies":[{"name":"wp","href":"https:\/\/api.w.org\/{rel}","templated":true}]}}