{"id":154134,"date":"2025-10-09T15:35:57","date_gmt":"2025-10-09T13:35:57","guid":{"rendered":"https:\/\/www.sounds.brussels\/?post_type=product&#038;p=154134"},"modified":"2025-11-25T20:22:23","modified_gmt":"2025-11-25T19:22:23","slug":"womufe-scene-ouverte-femmes-et-personnes-finta-2","status":"publish","type":"product","link":"https:\/\/www.sounds.brussels\/fr\/jazz-concert\/womufe-scene-ouverte-femmes-et-personnes-finta-2\/","title":{"rendered":"WOMUFE \/SC\u00c8NE OUVERTE FEMMES ET PERSONNES FINTA"},"content":{"rendered":"","protected":false},"excerpt":{"rendered":"<p>UNA <\/p>\n<p>La musique d\u2019UNA semble tout droit sortie d\u2019un r\u00eave. Subtil m\u00e9lange entre son piano feutr\u00e9,<br \/>\nsa voix \u00e9th\u00e9r\u00e9e et ses synth\u00e9tiseurs aquatiques, elle nous emm\u00e8ne dans un voyage cosmique \u00e0<br \/>\nla qu\u00eate d\u2019authenticit\u00e9. Auteure, compositrice et productrice, UNA \u00e9crit avant tout pour se<br \/>\nsentir vivante. En puisant dans ses \u00e9motions, elle fait vibrer son humanit\u00e9 et se connecte au<br \/>\nmonde qui l\u2019entoure. Ses textes \u00e0 la fois intimes et universels r\u00e9sonnent dans les trois langues<br \/>\nqu\u2019elle affectionne (anglais\/fran\u00e7ais\/espagnol) nous invitant \u00e0 c\u00e9l\u00e9brer l\u2019exp\u00e9rience humaine<br \/>\ndans toute sa complexit\u00e9.<\/p>\n","protected":false},"author":8382,"featured_media":154143,"comment_status":"closed","ping_status":"closed","template":"","meta":{"_acf_changed":false},"product_brand":[],"product_cat":[157],"product_tag":[],"class_list":{"0":"post-154134","1":"product","2":"type-product","3":"status-publish","4":"has-post-thumbnail","6":"product_cat-archived","8":"first","9":"instock","10":"shipping-taxable","11":"product-type-variable","12":"has-default-attributes","13":"nyp-product"},"acf":[],"yoast_head":"<!-- This site is optimized with the Yoast SEO plugin v26.9 - https:\/\/yoast.com\/product\/yoast-seo-wordpress\/ -->\n<title>WOMUFE \/SC\u00c8NE OUVERTE FEMMES ET PERSONNES FINTA - Sounds Jazz Club<\/title>\n<meta name=\"robots\" content=\"index, follow, max-snippet:-1, max-image-preview:large, max-video-preview:-1\" \/>\n<link rel=\"canonical\" href=\"https:\/\/www.sounds.brussels\/fr\/jazz-concert\/womufe-scene-ouverte-femmes-et-personnes-finta-2\/\" \/>\n<meta property=\"og:locale\" content=\"fr_FR\" \/>\n<meta property=\"og:type\" content=\"article\" \/>\n<meta property=\"og:title\" content=\"WOMUFE \/SC\u00c8NE OUVERTE FEMMES ET PERSONNES FINTA - Sounds Jazz Club\" \/>\n<meta property=\"og:description\" content=\"UNA  La musique d\u2019UNA semble tout droit sortie d\u2019un r\u00eave. Subtil m\u00e9lange entre son piano feutr\u00e9, sa voix \u00e9th\u00e9r\u00e9e et ses synth\u00e9tiseurs aquatiques, elle nous emm\u00e8ne dans un voyage cosmique \u00e0 la qu\u00eate d\u2019authenticit\u00e9. Auteure, compositrice et productrice, UNA \u00e9crit avant tout pour se sentir vivante. En puisant dans ses \u00e9motions, elle fait vibrer son humanit\u00e9 et se connecte au monde qui l\u2019entoure. Ses textes \u00e0 la fois intimes et universels r\u00e9sonnent dans les trois langues qu\u2019elle affectionne (anglais\/fran\u00e7ais\/espagnol) nous invitant \u00e0 c\u00e9l\u00e9brer l\u2019exp\u00e9rience humaine dans toute sa complexit\u00e9.\" \/>\n<meta property=\"og:url\" content=\"https:\/\/www.sounds.brussels\/fr\/jazz-concert\/womufe-scene-ouverte-femmes-et-personnes-finta-2\/\" \/>\n<meta property=\"og:site_name\" content=\"Sounds Jazz Club\" \/>\n<meta property=\"article:modified_time\" content=\"2025-11-25T19:22:23+00:00\" \/>\n<meta property=\"og:image\" content=\"https:\/\/www.sounds.brussels\/wp-content\/uploads\/2025\/10\/2025-11-25-womufe-sc-ne-ouverte-femmes-et-personnes-finta-1760016958.jpg\" \/>\n\t<meta property=\"og:image:width\" content=\"1170\" \/>\n\t<meta property=\"og:image:height\" content=\"1638\" \/>\n\t<meta property=\"og:image:type\" content=\"image\/jpeg\" \/>\n<meta name=\"twitter:card\" content=\"summary_large_image\" \/>\n<script type=\"application\/ld+json\" class=\"yoast-schema-graph\">{\"@context\":\"https:\/\/schema.org\",\"@graph\":[{\"@type\":\"WebPage\",\"@id\":\"https:\/\/www.sounds.brussels\/fr\/jazz-concert\/womufe-scene-ouverte-femmes-et-personnes-finta-2\/\",\"url\":\"https:\/\/www.sounds.brussels\/fr\/jazz-concert\/womufe-scene-ouverte-femmes-et-personnes-finta-2\/\",\"name\":\"WOMUFE \/SC\u00c8NE OUVERTE FEMMES ET PERSONNES FINTA - Sounds Jazz Club\",\"isPartOf\":{\"@id\":\"https:\/\/www.sounds.brussels\/fr\/#website\"},\"primaryImageOfPage\":{\"@id\":\"https:\/\/www.sounds.brussels\/fr\/jazz-concert\/womufe-scene-ouverte-femmes-et-personnes-finta-2\/#primaryimage\"},\"image\":{\"@id\":\"https:\/\/www.sounds.brussels\/fr\/jazz-concert\/womufe-scene-ouverte-femmes-et-personnes-finta-2\/#primaryimage\"},\"thumbnailUrl\":\"https:\/\/www.sounds.brussels\/wp-content\/uploads\/2025\/10\/2025-11-25-womufe-sc-ne-ouverte-femmes-et-personnes-finta-1760016958.jpg\",\"datePublished\":\"2025-10-09T13:35:57+00:00\",\"dateModified\":\"2025-11-25T19:22:23+00:00\",\"breadcrumb\":{\"@id\":\"https:\/\/www.sounds.brussels\/fr\/jazz-concert\/womufe-scene-ouverte-femmes-et-personnes-finta-2\/#breadcrumb\"},\"inLanguage\":\"fr-FR\",\"potentialAction\":[{\"@type\":\"ReadAction\",\"target\":[\"https:\/\/www.sounds.brussels\/fr\/jazz-concert\/womufe-scene-ouverte-femmes-et-personnes-finta-2\/\"]}]},{\"@type\":\"ImageObject\",\"inLanguage\":\"fr-FR\",\"@id\":\"https:\/\/www.sounds.brussels\/fr\/jazz-concert\/womufe-scene-ouverte-femmes-et-personnes-finta-2\/#primaryimage\",\"url\":\"https:\/\/www.sounds.brussels\/wp-content\/uploads\/2025\/10\/2025-11-25-womufe-sc-ne-ouverte-femmes-et-personnes-finta-1760016958.jpg\",\"contentUrl\":\"https:\/\/www.sounds.brussels\/wp-content\/uploads\/2025\/10\/2025-11-25-womufe-sc-ne-ouverte-femmes-et-personnes-finta-1760016958.jpg\",\"width\":1170,\"height\":1638},{\"@type\":\"BreadcrumbList\",\"@id\":\"https:\/\/www.sounds.brussels\/fr\/jazz-concert\/womufe-scene-ouverte-femmes-et-personnes-finta-2\/#breadcrumb\",\"itemListElement\":[{\"@type\":\"ListItem\",\"position\":1,\"name\":\"Accueil\",\"item\":\"https:\/\/www.sounds.brussels\/fr\/\"},{\"@type\":\"ListItem\",\"position\":2,\"name\":\"Produits\",\"item\":\"https:\/\/www.sounds.brussels\/fr\/shop\/\"},{\"@type\":\"ListItem\",\"position\":3,\"name\":\"WOMUFE \/SC\u00c8NE OUVERTE FEMMES ET PERSONNES FINTA\"}]},{\"@type\":\"WebSite\",\"@id\":\"https:\/\/www.sounds.brussels\/fr\/#website\",\"url\":\"https:\/\/www.sounds.brussels\/fr\/\",\"name\":\"Sounds Jazz Club\",\"description\":\"\",\"publisher\":{\"@id\":\"https:\/\/www.sounds.brussels\/fr\/#organization\"},\"potentialAction\":[{\"@type\":\"SearchAction\",\"target\":{\"@type\":\"EntryPoint\",\"urlTemplate\":\"https:\/\/www.sounds.brussels\/fr\/?s={search_term_string}\"},\"query-input\":{\"@type\":\"PropertyValueSpecification\",\"valueRequired\":true,\"valueName\":\"search_term_string\"}}],\"inLanguage\":\"fr-FR\"},{\"@type\":\"Organization\",\"@id\":\"https:\/\/www.sounds.brussels\/fr\/#organization\",\"name\":\"Sounds Jazz Club\",\"url\":\"https:\/\/www.sounds.brussels\/fr\/\",\"logo\":{\"@type\":\"ImageObject\",\"inLanguage\":\"fr-FR\",\"@id\":\"https:\/\/www.sounds.brussels\/fr\/#\/schema\/logo\/image\/\",\"url\":\"https:\/\/www.sounds.brussels\/wp-content\/uploads\/2023\/09\/logo-sounds-BlackRed-RGB-scaled.jpg\",\"contentUrl\":\"https:\/\/www.sounds.brussels\/wp-content\/uploads\/2023\/09\/logo-sounds-BlackRed-RGB-scaled.jpg\",\"width\":2048,\"height\":1428,\"caption\":\"Sounds Jazz Club\"},\"image\":{\"@id\":\"https:\/\/www.sounds.brussels\/fr\/#\/schema\/logo\/image\/\"}}]}<\/script>\n<!-- \/ Yoast SEO plugin. -->","yoast_head_json":{"title":"WOMUFE \/SC\u00c8NE OUVERTE FEMMES ET PERSONNES FINTA - Sounds Jazz Club","robots":{"index":"index","follow":"follow","max-snippet":"max-snippet:-1","max-image-preview":"max-image-preview:large","max-video-preview":"max-video-preview:-1"},"canonical":"https:\/\/www.sounds.brussels\/fr\/jazz-concert\/womufe-scene-ouverte-femmes-et-personnes-finta-2\/","og_locale":"fr_FR","og_type":"article","og_title":"WOMUFE \/SC\u00c8NE OUVERTE FEMMES ET PERSONNES FINTA - Sounds Jazz Club","og_description":"UNA  La musique d\u2019UNA semble tout droit sortie d\u2019un r\u00eave. Subtil m\u00e9lange entre son piano feutr\u00e9, sa voix \u00e9th\u00e9r\u00e9e et ses synth\u00e9tiseurs aquatiques, elle nous emm\u00e8ne dans un voyage cosmique \u00e0 la qu\u00eate d\u2019authenticit\u00e9. Auteure, compositrice et productrice, UNA \u00e9crit avant tout pour se sentir vivante. En puisant dans ses \u00e9motions, elle fait vibrer son humanit\u00e9 et se connecte au monde qui l\u2019entoure. Ses textes \u00e0 la fois intimes et universels r\u00e9sonnent dans les trois langues qu\u2019elle affectionne (anglais\/fran\u00e7ais\/espagnol) nous invitant \u00e0 c\u00e9l\u00e9brer l\u2019exp\u00e9rience humaine dans toute sa complexit\u00e9.","og_url":"https:\/\/www.sounds.brussels\/fr\/jazz-concert\/womufe-scene-ouverte-femmes-et-personnes-finta-2\/","og_site_name":"Sounds Jazz Club","article_modified_time":"2025-11-25T19:22:23+00:00","og_image":[{"width":1170,"height":1638,"url":"https:\/\/www.sounds.brussels\/wp-content\/uploads\/2025\/10\/2025-11-25-womufe-sc-ne-ouverte-femmes-et-personnes-finta-1760016958.jpg","type":"image\/jpeg"}],"twitter_card":"summary_large_image","schema":{"@context":"https:\/\/schema.org","@graph":[{"@type":"WebPage","@id":"https:\/\/www.sounds.brussels\/fr\/jazz-concert\/womufe-scene-ouverte-femmes-et-personnes-finta-2\/","url":"https:\/\/www.sounds.brussels\/fr\/jazz-concert\/womufe-scene-ouverte-femmes-et-personnes-finta-2\/","name":"WOMUFE \/SC\u00c8NE OUVERTE FEMMES ET PERSONNES FINTA - Sounds Jazz Club","isPartOf":{"@id":"https:\/\/www.sounds.brussels\/fr\/#website"},"primaryImageOfPage":{"@id":"https:\/\/www.sounds.brussels\/fr\/jazz-concert\/womufe-scene-ouverte-femmes-et-personnes-finta-2\/#primaryimage"},"image":{"@id":"https:\/\/www.sounds.brussels\/fr\/jazz-concert\/womufe-scene-ouverte-femmes-et-personnes-finta-2\/#primaryimage"},"thumbnailUrl":"https:\/\/www.sounds.brussels\/wp-content\/uploads\/2025\/10\/2025-11-25-womufe-sc-ne-ouverte-femmes-et-personnes-finta-1760016958.jpg","datePublished":"2025-10-09T13:35:57+00:00","dateModified":"2025-11-25T19:22:23+00:00","breadcrumb":{"@id":"https:\/\/www.sounds.brussels\/fr\/jazz-concert\/womufe-scene-ouverte-femmes-et-personnes-finta-2\/#breadcrumb"},"inLanguage":"fr-FR","potentialAction":[{"@type":"ReadAction","target":["https:\/\/www.sounds.brussels\/fr\/jazz-concert\/womufe-scene-ouverte-femmes-et-personnes-finta-2\/"]}]},{"@type":"ImageObject","inLanguage":"fr-FR","@id":"https:\/\/www.sounds.brussels\/fr\/jazz-concert\/womufe-scene-ouverte-femmes-et-personnes-finta-2\/#primaryimage","url":"https:\/\/www.sounds.brussels\/wp-content\/uploads\/2025\/10\/2025-11-25-womufe-sc-ne-ouverte-femmes-et-personnes-finta-1760016958.jpg","contentUrl":"https:\/\/www.sounds.brussels\/wp-content\/uploads\/2025\/10\/2025-11-25-womufe-sc-ne-ouverte-femmes-et-personnes-finta-1760016958.jpg","width":1170,"height":1638},{"@type":"BreadcrumbList","@id":"https:\/\/www.sounds.brussels\/fr\/jazz-concert\/womufe-scene-ouverte-femmes-et-personnes-finta-2\/#breadcrumb","itemListElement":[{"@type":"ListItem","position":1,"name":"Accueil","item":"https:\/\/www.sounds.brussels\/fr\/"},{"@type":"ListItem","position":2,"name":"Produits","item":"https:\/\/www.sounds.brussels\/fr\/shop\/"},{"@type":"ListItem","position":3,"name":"WOMUFE \/SC\u00c8NE OUVERTE FEMMES ET PERSONNES FINTA"}]},{"@type":"WebSite","@id":"https:\/\/www.sounds.brussels\/fr\/#website","url":"https:\/\/www.sounds.brussels\/fr\/","name":"Sounds Jazz Club","description":"","publisher":{"@id":"https:\/\/www.sounds.brussels\/fr\/#organization"},"potentialAction":[{"@type":"SearchAction","target":{"@type":"EntryPoint","urlTemplate":"https:\/\/www.sounds.brussels\/fr\/?s={search_term_string}"},"query-input":{"@type":"PropertyValueSpecification","valueRequired":true,"valueName":"search_term_string"}}],"inLanguage":"fr-FR"},{"@type":"Organization","@id":"https:\/\/www.sounds.brussels\/fr\/#organization","name":"Sounds Jazz Club","url":"https:\/\/www.sounds.brussels\/fr\/","logo":{"@type":"ImageObject","inLanguage":"fr-FR","@id":"https:\/\/www.sounds.brussels\/fr\/#\/schema\/logo\/image\/","url":"https:\/\/www.sounds.brussels\/wp-content\/uploads\/2023\/09\/logo-sounds-BlackRed-RGB-scaled.jpg","contentUrl":"https:\/\/www.sounds.brussels\/wp-content\/uploads\/2023\/09\/logo-sounds-BlackRed-RGB-scaled.jpg","width":2048,"height":1428,"caption":"Sounds Jazz Club"},"image":{"@id":"https:\/\/www.sounds.brussels\/fr\/#\/schema\/logo\/image\/"}}]}},"_links":{"self":[{"href":"https:\/\/www.sounds.brussels\/fr\/wp-json\/wp\/v2\/product\/154134","targetHints":{"allow":["GET"]}}],"collection":[{"href":"https:\/\/www.sounds.brussels\/fr\/wp-json\/wp\/v2\/product"}],"about":[{"href":"https:\/\/www.sounds.brussels\/fr\/wp-json\/wp\/v2\/types\/product"}],"author":[{"embeddable":true,"href":"https:\/\/www.sounds.brussels\/fr\/wp-json\/wp\/v2\/users\/8382"}],"replies":[{"embeddable":true,"href":"https:\/\/www.sounds.brussels\/fr\/wp-json\/wp\/v2\/comments?post=154134"}],"wp:featuredmedia":[{"embeddable":true,"href":"https:\/\/www.sounds.brussels\/fr\/wp-json\/wp\/v2\/media\/154143"}],"wp:attachment":[{"href":"https:\/\/www.sounds.brussels\/fr\/wp-json\/wp\/v2\/media?parent=154134"}],"wp:term":[{"taxonomy":"product_brand","embeddable":true,"href":"https:\/\/www.sounds.brussels\/fr\/wp-json\/wp\/v2\/product_brand?post=154134"},{"taxonomy":"product_cat","embeddable":true,"href":"https:\/\/www.sounds.brussels\/fr\/wp-json\/wp\/v2\/product_cat?post=154134"},{"taxonomy":"product_tag","embeddable":true,"href":"https:\/\/www.sounds.brussels\/fr\/wp-json\/wp\/v2\/product_tag?post=154134"}],"curies":[{"name":"wp","href":"https:\/\/api.w.org\/{rel}","templated":true}]}}