{"id":139558,"date":"2024-11-01T07:48:33","date_gmt":"2024-11-01T06:48:33","guid":{"rendered":"https:\/\/www.sounds.brussels\/?post_type=product&#038;p=139558"},"modified":"2024-11-19T19:39:49","modified_gmt":"2024-11-19T18:39:49","slug":"jam-latina-awa-keme-kemo","status":"publish","type":"product","link":"https:\/\/www.sounds.brussels\/fr\/jazz-concert\/jam-latina-awa-keme-kemo\/","title":{"rendered":"JAM LATINA | AWA KEME KEMO"},"content":{"rendered":"","protected":false},"excerpt":{"rendered":"<p>AWA KEME KEMO est un groupe de cumbia qui explore le folklore tropical de la c\u00f4te cara\u00efbe Colombienne. Des musiciens de Colombie, Chili, Espagne, France et Belgique ravivent le folklore et les rythmes Afro-Colombiens. Une section cuivre savoureuse mijot\u00e9e par une section rythmique bien piquante avec basse et percussions, le tout aromatis\u00e9 par le chant pour partager et danser ensemble les rythmes latino-am\u00e9ricains et rendre hommage aux classiques Corraleros de Majagual, Lucho Bermudez ou encore Lizandro Meza.<\/p>\n","protected":false},"author":8382,"featured_media":139569,"comment_status":"closed","ping_status":"closed","template":"","meta":{"_acf_changed":false},"product_brand":[],"product_cat":[157],"product_tag":[],"class_list":{"0":"post-139558","1":"product","2":"type-product","3":"status-publish","4":"has-post-thumbnail","6":"product_cat-archived","8":"first","9":"instock","10":"shipping-taxable","11":"product-type-variable","12":"has-default-attributes","13":"nyp-product"},"acf":[],"yoast_head":"<!-- This site is optimized with the Yoast SEO plugin v26.9 - https:\/\/yoast.com\/product\/yoast-seo-wordpress\/ -->\n<title>JAM LATINA | AWA KEME KEMO - Sounds Jazz Club<\/title>\n<meta name=\"robots\" content=\"index, follow, max-snippet:-1, max-image-preview:large, max-video-preview:-1\" \/>\n<link rel=\"canonical\" href=\"https:\/\/www.sounds.brussels\/fr\/jazz-concert\/jam-latina-awa-keme-kemo\/\" \/>\n<meta property=\"og:locale\" content=\"fr_FR\" \/>\n<meta property=\"og:type\" content=\"article\" \/>\n<meta property=\"og:title\" content=\"JAM LATINA | AWA KEME KEMO - Sounds Jazz Club\" \/>\n<meta property=\"og:description\" content=\"AWA KEME KEMO est un groupe de cumbia qui explore le folklore tropical de la c\u00f4te cara\u00efbe Colombienne. Des musiciens de Colombie, Chili, Espagne, France et Belgique ravivent le folklore et les rythmes Afro-Colombiens. Une section cuivre savoureuse mijot\u00e9e par une section rythmique bien piquante avec basse et percussions, le tout aromatis\u00e9 par le chant pour partager et danser ensemble les rythmes latino-am\u00e9ricains et rendre hommage aux classiques Corraleros de Majagual, Lucho Bermudez ou encore Lizandro Meza.\" \/>\n<meta property=\"og:url\" content=\"https:\/\/www.sounds.brussels\/fr\/jazz-concert\/jam-latina-awa-keme-kemo\/\" \/>\n<meta property=\"og:site_name\" content=\"Sounds Jazz Club\" \/>\n<meta property=\"article:modified_time\" content=\"2024-11-19T18:39:49+00:00\" \/>\n<meta property=\"og:image\" content=\"https:\/\/www.sounds.brussels\/wp-content\/uploads\/2024\/11\/awa-keme-kemo-scaled.jpg\" \/>\n\t<meta property=\"og:image:width\" content=\"2048\" \/>\n\t<meta property=\"og:image:height\" content=\"1365\" \/>\n\t<meta property=\"og:image:type\" content=\"image\/jpeg\" \/>\n<meta name=\"twitter:card\" content=\"summary_large_image\" \/>\n<meta name=\"twitter:label1\" content=\"Dur\u00e9e de lecture estim\u00e9e\" \/>\n\t<meta name=\"twitter:data1\" content=\"1 minute\" \/>\n<script type=\"application\/ld+json\" class=\"yoast-schema-graph\">{\"@context\":\"https:\/\/schema.org\",\"@graph\":[{\"@type\":\"WebPage\",\"@id\":\"https:\/\/www.sounds.brussels\/fr\/jazz-concert\/jam-latina-awa-keme-kemo\/\",\"url\":\"https:\/\/www.sounds.brussels\/fr\/jazz-concert\/jam-latina-awa-keme-kemo\/\",\"name\":\"JAM LATINA | AWA KEME KEMO - Sounds Jazz Club\",\"isPartOf\":{\"@id\":\"https:\/\/www.sounds.brussels\/fr\/#website\"},\"primaryImageOfPage\":{\"@id\":\"https:\/\/www.sounds.brussels\/fr\/jazz-concert\/jam-latina-awa-keme-kemo\/#primaryimage\"},\"image\":{\"@id\":\"https:\/\/www.sounds.brussels\/fr\/jazz-concert\/jam-latina-awa-keme-kemo\/#primaryimage\"},\"thumbnailUrl\":\"https:\/\/www.sounds.brussels\/wp-content\/uploads\/2024\/11\/awa-keme-kemo-scaled.jpg\",\"datePublished\":\"2024-11-01T06:48:33+00:00\",\"dateModified\":\"2024-11-19T18:39:49+00:00\",\"breadcrumb\":{\"@id\":\"https:\/\/www.sounds.brussels\/fr\/jazz-concert\/jam-latina-awa-keme-kemo\/#breadcrumb\"},\"inLanguage\":\"fr-FR\",\"potentialAction\":[{\"@type\":\"ReadAction\",\"target\":[\"https:\/\/www.sounds.brussels\/fr\/jazz-concert\/jam-latina-awa-keme-kemo\/\"]}]},{\"@type\":\"ImageObject\",\"inLanguage\":\"fr-FR\",\"@id\":\"https:\/\/www.sounds.brussels\/fr\/jazz-concert\/jam-latina-awa-keme-kemo\/#primaryimage\",\"url\":\"https:\/\/www.sounds.brussels\/wp-content\/uploads\/2024\/11\/awa-keme-kemo-scaled.jpg\",\"contentUrl\":\"https:\/\/www.sounds.brussels\/wp-content\/uploads\/2024\/11\/awa-keme-kemo-scaled.jpg\",\"width\":2048,\"height\":1365},{\"@type\":\"BreadcrumbList\",\"@id\":\"https:\/\/www.sounds.brussels\/fr\/jazz-concert\/jam-latina-awa-keme-kemo\/#breadcrumb\",\"itemListElement\":[{\"@type\":\"ListItem\",\"position\":1,\"name\":\"Accueil\",\"item\":\"https:\/\/www.sounds.brussels\/fr\/\"},{\"@type\":\"ListItem\",\"position\":2,\"name\":\"Produits\",\"item\":\"https:\/\/www.sounds.brussels\/fr\/shop\/\"},{\"@type\":\"ListItem\",\"position\":3,\"name\":\"JAM LATINA | AWA KEME KEMO\"}]},{\"@type\":\"WebSite\",\"@id\":\"https:\/\/www.sounds.brussels\/fr\/#website\",\"url\":\"https:\/\/www.sounds.brussels\/fr\/\",\"name\":\"Sounds Jazz Club\",\"description\":\"\",\"publisher\":{\"@id\":\"https:\/\/www.sounds.brussels\/fr\/#organization\"},\"potentialAction\":[{\"@type\":\"SearchAction\",\"target\":{\"@type\":\"EntryPoint\",\"urlTemplate\":\"https:\/\/www.sounds.brussels\/fr\/?s={search_term_string}\"},\"query-input\":{\"@type\":\"PropertyValueSpecification\",\"valueRequired\":true,\"valueName\":\"search_term_string\"}}],\"inLanguage\":\"fr-FR\"},{\"@type\":\"Organization\",\"@id\":\"https:\/\/www.sounds.brussels\/fr\/#organization\",\"name\":\"Sounds Jazz Club\",\"url\":\"https:\/\/www.sounds.brussels\/fr\/\",\"logo\":{\"@type\":\"ImageObject\",\"inLanguage\":\"fr-FR\",\"@id\":\"https:\/\/www.sounds.brussels\/fr\/#\/schema\/logo\/image\/\",\"url\":\"https:\/\/www.sounds.brussels\/wp-content\/uploads\/2023\/09\/logo-sounds-BlackRed-RGB-scaled.jpg\",\"contentUrl\":\"https:\/\/www.sounds.brussels\/wp-content\/uploads\/2023\/09\/logo-sounds-BlackRed-RGB-scaled.jpg\",\"width\":2048,\"height\":1428,\"caption\":\"Sounds Jazz Club\"},\"image\":{\"@id\":\"https:\/\/www.sounds.brussels\/fr\/#\/schema\/logo\/image\/\"}}]}<\/script>\n<!-- \/ Yoast SEO plugin. -->","yoast_head_json":{"title":"JAM LATINA | AWA KEME KEMO - Sounds Jazz Club","robots":{"index":"index","follow":"follow","max-snippet":"max-snippet:-1","max-image-preview":"max-image-preview:large","max-video-preview":"max-video-preview:-1"},"canonical":"https:\/\/www.sounds.brussels\/fr\/jazz-concert\/jam-latina-awa-keme-kemo\/","og_locale":"fr_FR","og_type":"article","og_title":"JAM LATINA | AWA KEME KEMO - Sounds Jazz Club","og_description":"AWA KEME KEMO est un groupe de cumbia qui explore le folklore tropical de la c\u00f4te cara\u00efbe Colombienne. Des musiciens de Colombie, Chili, Espagne, France et Belgique ravivent le folklore et les rythmes Afro-Colombiens. Une section cuivre savoureuse mijot\u00e9e par une section rythmique bien piquante avec basse et percussions, le tout aromatis\u00e9 par le chant pour partager et danser ensemble les rythmes latino-am\u00e9ricains et rendre hommage aux classiques Corraleros de Majagual, Lucho Bermudez ou encore Lizandro Meza.","og_url":"https:\/\/www.sounds.brussels\/fr\/jazz-concert\/jam-latina-awa-keme-kemo\/","og_site_name":"Sounds Jazz Club","article_modified_time":"2024-11-19T18:39:49+00:00","og_image":[{"width":2048,"height":1365,"url":"https:\/\/www.sounds.brussels\/wp-content\/uploads\/2024\/11\/awa-keme-kemo-scaled.jpg","type":"image\/jpeg"}],"twitter_card":"summary_large_image","twitter_misc":{"Dur\u00e9e de lecture estim\u00e9e":"1 minute"},"schema":{"@context":"https:\/\/schema.org","@graph":[{"@type":"WebPage","@id":"https:\/\/www.sounds.brussels\/fr\/jazz-concert\/jam-latina-awa-keme-kemo\/","url":"https:\/\/www.sounds.brussels\/fr\/jazz-concert\/jam-latina-awa-keme-kemo\/","name":"JAM LATINA | AWA KEME KEMO - Sounds Jazz Club","isPartOf":{"@id":"https:\/\/www.sounds.brussels\/fr\/#website"},"primaryImageOfPage":{"@id":"https:\/\/www.sounds.brussels\/fr\/jazz-concert\/jam-latina-awa-keme-kemo\/#primaryimage"},"image":{"@id":"https:\/\/www.sounds.brussels\/fr\/jazz-concert\/jam-latina-awa-keme-kemo\/#primaryimage"},"thumbnailUrl":"https:\/\/www.sounds.brussels\/wp-content\/uploads\/2024\/11\/awa-keme-kemo-scaled.jpg","datePublished":"2024-11-01T06:48:33+00:00","dateModified":"2024-11-19T18:39:49+00:00","breadcrumb":{"@id":"https:\/\/www.sounds.brussels\/fr\/jazz-concert\/jam-latina-awa-keme-kemo\/#breadcrumb"},"inLanguage":"fr-FR","potentialAction":[{"@type":"ReadAction","target":["https:\/\/www.sounds.brussels\/fr\/jazz-concert\/jam-latina-awa-keme-kemo\/"]}]},{"@type":"ImageObject","inLanguage":"fr-FR","@id":"https:\/\/www.sounds.brussels\/fr\/jazz-concert\/jam-latina-awa-keme-kemo\/#primaryimage","url":"https:\/\/www.sounds.brussels\/wp-content\/uploads\/2024\/11\/awa-keme-kemo-scaled.jpg","contentUrl":"https:\/\/www.sounds.brussels\/wp-content\/uploads\/2024\/11\/awa-keme-kemo-scaled.jpg","width":2048,"height":1365},{"@type":"BreadcrumbList","@id":"https:\/\/www.sounds.brussels\/fr\/jazz-concert\/jam-latina-awa-keme-kemo\/#breadcrumb","itemListElement":[{"@type":"ListItem","position":1,"name":"Accueil","item":"https:\/\/www.sounds.brussels\/fr\/"},{"@type":"ListItem","position":2,"name":"Produits","item":"https:\/\/www.sounds.brussels\/fr\/shop\/"},{"@type":"ListItem","position":3,"name":"JAM LATINA | AWA KEME KEMO"}]},{"@type":"WebSite","@id":"https:\/\/www.sounds.brussels\/fr\/#website","url":"https:\/\/www.sounds.brussels\/fr\/","name":"Sounds Jazz Club","description":"","publisher":{"@id":"https:\/\/www.sounds.brussels\/fr\/#organization"},"potentialAction":[{"@type":"SearchAction","target":{"@type":"EntryPoint","urlTemplate":"https:\/\/www.sounds.brussels\/fr\/?s={search_term_string}"},"query-input":{"@type":"PropertyValueSpecification","valueRequired":true,"valueName":"search_term_string"}}],"inLanguage":"fr-FR"},{"@type":"Organization","@id":"https:\/\/www.sounds.brussels\/fr\/#organization","name":"Sounds Jazz Club","url":"https:\/\/www.sounds.brussels\/fr\/","logo":{"@type":"ImageObject","inLanguage":"fr-FR","@id":"https:\/\/www.sounds.brussels\/fr\/#\/schema\/logo\/image\/","url":"https:\/\/www.sounds.brussels\/wp-content\/uploads\/2023\/09\/logo-sounds-BlackRed-RGB-scaled.jpg","contentUrl":"https:\/\/www.sounds.brussels\/wp-content\/uploads\/2023\/09\/logo-sounds-BlackRed-RGB-scaled.jpg","width":2048,"height":1428,"caption":"Sounds Jazz Club"},"image":{"@id":"https:\/\/www.sounds.brussels\/fr\/#\/schema\/logo\/image\/"}}]}},"_links":{"self":[{"href":"https:\/\/www.sounds.brussels\/fr\/wp-json\/wp\/v2\/product\/139558","targetHints":{"allow":["GET"]}}],"collection":[{"href":"https:\/\/www.sounds.brussels\/fr\/wp-json\/wp\/v2\/product"}],"about":[{"href":"https:\/\/www.sounds.brussels\/fr\/wp-json\/wp\/v2\/types\/product"}],"author":[{"embeddable":true,"href":"https:\/\/www.sounds.brussels\/fr\/wp-json\/wp\/v2\/users\/8382"}],"replies":[{"embeddable":true,"href":"https:\/\/www.sounds.brussels\/fr\/wp-json\/wp\/v2\/comments?post=139558"}],"wp:featuredmedia":[{"embeddable":true,"href":"https:\/\/www.sounds.brussels\/fr\/wp-json\/wp\/v2\/media\/139569"}],"wp:attachment":[{"href":"https:\/\/www.sounds.brussels\/fr\/wp-json\/wp\/v2\/media?parent=139558"}],"wp:term":[{"taxonomy":"product_brand","embeddable":true,"href":"https:\/\/www.sounds.brussels\/fr\/wp-json\/wp\/v2\/product_brand?post=139558"},{"taxonomy":"product_cat","embeddable":true,"href":"https:\/\/www.sounds.brussels\/fr\/wp-json\/wp\/v2\/product_cat?post=139558"},{"taxonomy":"product_tag","embeddable":true,"href":"https:\/\/www.sounds.brussels\/fr\/wp-json\/wp\/v2\/product_tag?post=139558"}],"curies":[{"name":"wp","href":"https:\/\/api.w.org\/{rel}","templated":true}]}}